{"id":6781,"date":"2025-04-22T18:30:54","date_gmt":"2025-04-22T15:30:54","guid":{"rendered":"https:\/\/psytalk.eu\/?page_id=6781"},"modified":"2025-04-22T18:30:56","modified_gmt":"2025-04-22T15:30:56","slug":"lyubov-dreling-2","status":"publish","type":"page","link":"https:\/\/zabota.eu\/lv\/lyubov-dreling-2\/","title":{"rendered":"M\u012blest\u012bba Dreling"},"content":{"rendered":"<div style=\"height:0px\" aria-hidden=\"true\" class=\"wp-block-spacer\"><\/div>\n\n\n\n\n\n\n\n<figure class=\"wp-block-image size-full is-resized\"><img fetchpriority=\"high\" decoding=\"async\" width=\"1158\" height=\"1234\" src=\"https:\/\/zabota.eu\/wp-content\/uploads\/2024\/10\/screenshot-2024-10-21-at-13.10.55.png\" alt=\"\" class=\"wp-image-4533\" style=\"width:405px;height:auto\" srcset=\"https:\/\/zabota.eu\/wp-content\/uploads\/2024\/10\/screenshot-2024-10-21-at-13.10.55.png 1158w, https:\/\/zabota.eu\/wp-content\/uploads\/2024\/10\/screenshot-2024-10-21-at-13.10.55-282x300.png 282w, https:\/\/zabota.eu\/wp-content\/uploads\/2024\/10\/screenshot-2024-10-21-at-13.10.55-961x1024.png 961w, https:\/\/zabota.eu\/wp-content\/uploads\/2024\/10\/screenshot-2024-10-21-at-13.10.55-768x818.png 768w\" sizes=\"(max-width: 1158px) 100vw, 1158px\" \/><\/figure>\n\n\n\n<div class=\"wp-block-file\"><a id=\"wp-block-file--media-8649688e-e63f-4f76-96a3-ead691bc988b\" href=\"https:\/\/zabota.eu\/wp-content\/uploads\/2024\/10\/brown-and-cream-playful-illustration-relationship-tips-instagram-post-carousel-1-1.mp4\"><strong>Video sveiciens&gt;<\/strong><\/a><\/div>\n\n\n\n<h2 class=\"wp-block-heading\"><br><sup><sup>M\u012blest\u012bba Dreling<\/sup><\/sup><\/h2>\n\n\n\n<hr class=\"wp-block-separator has-alpha-channel-opacity\"\/>\n\n\n\n<div class=\"wp-block-group\"><div class=\"wp-block-group__inner-container is-layout-constrained wp-block-group-is-layout-constrained\">\n<div class=\"wp-block-group\"><div class=\"wp-block-group__inner-container is-layout-constrained wp-block-group-is-layout-constrained\">\n<div class=\"wp-block-group is-vertical is-layout-flex wp-container-core-group-is-layout-8cf370e7 wp-block-group-is-layout-flex\">\n<div class=\"wp-block-group\"><div class=\"wp-block-group__inner-container is-layout-constrained wp-block-group-is-layout-constrained\">\n<p>Laipni l\u016bdzam! <\/p>\n\n\n\n<div style=\"height:12px\" aria-hidden=\"true\" class=\"wp-block-spacer\"><\/div>\n\n\n\n<div class=\"wp-block-group\"><div class=\"wp-block-group__inner-container is-layout-constrained wp-block-group-is-layout-constrained\">\n<div class=\"wp-block-buttons is-layout-flex wp-block-buttons-is-layout-flex\">\n<div class=\"wp-block-button has-custom-width wp-block-button__width-100 is-style-outline is-style-outline--1\"><a class=\"wp-block-button__link has-white-color has-text-color has-background has-link-color wp-element-button\" style=\"background-color:#f0a286\"><strong>Par mani<\/strong><\/a><\/div>\n<\/div>\n\n\n\n<div style=\"height:12px\" aria-hidden=\"true\" class=\"wp-block-spacer\"><\/div>\n\n\n\n<p>Es pal\u012bdzu jums tikt gal\u0101 ar gr\u016bt\u012bb\u0101m attiec\u012bb\u0101s ar m\u012b\u013cajiem, p\u0101rvar\u0113t m\u012blest\u012bbas atkar\u012bbu un izk\u013c\u016bt no vardarb\u012bg\u0101m attiec\u012bb\u0101m. Es pal\u012bdz\u0113\u0161u jums izprast emocion\u0101l\u0101s p\u0101r\u0113\u0161an\u0101s un citu destrukt\u012bvu ieradumu c\u0113lo\u0146us. J\u016bs iem\u0101c\u012bsieties p\u0101rvald\u012bt savas emocijas, lab\u0101k izprast sevi un p\u0101rst\u0101siet \u013caut bail\u0113m, aizvainojumam un pa\u0161kritiz\u0113\u0161anai ietekm\u0113t j\u016bsu l\u0113mumus.<\/p>\n\n\n\n<p>Mans m\u0113r\u0137is ir pal\u012bdz\u0113t jums atrast p\u0101rliec\u012bbu, mieru un harmoniju sav\u0101 dz\u012bv\u0113.<\/p>\n\n\n\n<div style=\"height:12px\" aria-hidden=\"true\" class=\"wp-block-spacer\"><\/div>\n\n\n\n<div class=\"wp-block-group\"><div class=\"wp-block-group__inner-container is-layout-constrained wp-block-group-is-layout-constrained\">\n<div class=\"wp-block-buttons is-layout-flex wp-block-buttons-is-layout-flex\">\n<div class=\"wp-block-button has-custom-width wp-block-button__width-100 is-style-outline is-style-outline--2\"><a class=\"wp-block-button__link has-white-color has-text-color has-background has-link-color wp-element-button\" style=\"background-color:#f0a286\"><strong>Es str\u0101d\u0101ju \u0161\u0101d\u0101s jom\u0101s<\/strong><\/a><\/div>\n<\/div>\n\n\n\n<div class=\"wp-block-group\"><div class=\"wp-block-group__inner-container is-layout-constrained wp-block-group-is-layout-constrained\">\n<p>Sav\u0101 praks\u0113 izmantoju integrat\u012bvo pieeju un psihoterapijas metodes.<\/p>\n\n\n\n<div style=\"height:12px\" aria-hidden=\"true\" class=\"wp-block-spacer\"><\/div>\n\n\n\n<div class=\"wp-block-buttons is-layout-flex wp-block-buttons-is-layout-flex\">\n<div class=\"wp-block-button has-custom-width wp-block-button__width-100\"><a class=\"wp-block-button__link has-background wp-element-button\" style=\"background-color:#f0a286\"><strong><strong>Piepras\u012bjumi, ar kuriem es str\u0101d\u0101ju<\/strong><\/strong><\/a><\/div>\n<\/div>\n\n\n\n<div style=\"height:12px\" aria-hidden=\"true\" class=\"wp-block-spacer\"><\/div>\n\n\n\n<p><\/p>\n\n\n\n<ol class=\"wp-block-list\">\n<li>attiec\u012bbu gr\u016bt\u012bbas, vientul\u012bba;<\/li>\n\n\n\n<li>toksiskas attiec\u012bbas, atkar\u012bba no m\u012blest\u012bbas;<\/li>\n\n\n\n<li>pa\u0161pie\u0146em\u0161anas tr\u016bkums, zems pa\u0161v\u0113rt\u0113jums;<\/li>\n\n\n\n<li>sekss un seksu\u0101l\u0101s attiec\u012bbas;<\/li>\n\n\n\n<li>bailes, trauksme, psihosomatiskas;<\/li>\n\n\n\n<li>\u0113\u0161anas trauc\u0113jumi;<\/li>\n\n\n\n<li>depresija, ap\u0101tija, dz\u012bves j\u0113gas zudums;<\/li>\n\n\n\n<li>person\u012bg\u0101s kr\u012bzes, l\u0113mumu pie\u0146em\u0161anas gr\u016bt\u012bbas.<\/li>\n<\/ol>\n\n\n\n<div style=\"height:12px\" aria-hidden=\"true\" class=\"wp-block-spacer\"><\/div>\n\n\n\n<div class=\"wp-block-buttons is-layout-flex wp-block-buttons-is-layout-flex\">\n<div class=\"wp-block-button has-custom-width wp-block-button__width-100\"><a class=\"wp-block-button__link has-background wp-element-button\" style=\"background-color:#f0a286\"><strong>Darba form\u0101ts<\/strong><\/a><\/div>\n<\/div>\n<\/div><\/div>\n\n\n\n<blockquote class=\"wp-block-quote is-layout-flow wp-block-quote-is-layout-flow\">\n<div style=\"height:12px\" aria-hidden=\"true\" class=\"wp-block-spacer\"><\/div>\n<\/blockquote>\n<\/div><\/div>\n<\/div><\/div>\n\n\n\n<ol class=\"wp-block-list\">\n<li>Individu\u0101las konsult\u0101cijas (l\u012bdz 60 min.)<\/li>\n\n\n\n<li>Konsult\u0101cijas p\u0101r\u012b ( 90 min.)<\/li>\n<\/ol>\n\n\n\n<p><strong>Svar\u012bgi: re\u0123istr\u0113jieties p\u0113c iepriek\u0161\u0113ja pieraksta. S\u016btiet e-pastu vai zvaniet.<\/strong><\/p>\n\n\n\n<div style=\"height:12px\" aria-hidden=\"true\" class=\"wp-block-spacer\"><\/div>\n<\/div><\/div>\n\n\n\n<div style=\"height:0px\" aria-hidden=\"true\" class=\"wp-block-spacer wp-container-content-a94db315\"><\/div>\n<\/div>\n<\/div><\/div>\n<\/div><\/div>\n\n\n\n<hr class=\"wp-block-separator has-alpha-channel-opacity\"\/>\n\n\n\n<h3 class=\"wp-block-heading\">Re\u0123istr\u0113jieties<\/h3>\n\n\n<div class=\"webba_booking_form_v6\" data-service=\"0\"\n    data-category-list=\"no\" data-category=\"8\"\n    data-multiservice=\"\" ><\/div>","protected":false},"excerpt":{"rendered":"<p>\u041b\u044e\u0431\u043e\u0432\u044c \u0414\u0440\u0435\u043b\u0438\u043d\u0433 \u0414\u043e\u0431\u0440\u043e \u043f\u043e\u0436\u0430\u043b\u043e\u0432\u0430\u0442\u044c! \u042f \u043f\u043e\u043c\u043e\u0433\u0443 \u0432\u0430\u043c \u0441\u043f\u0440\u0430\u0432\u0438\u0442\u044c\u0441\u044f \u0441 \u0442\u0440\u0443\u0434\u043d\u043e\u0441\u0442\u044f\u043c\u0438 \u0432 \u043e\u0442\u043d\u043e\u0448\u0435\u043d\u0438\u044f\u0445 \u0441 \u0431\u043b\u0438\u0437\u043a\u0438\u043c\u0438, \u043f\u0440\u0435\u043e\u0434\u043e\u043b\u0435\u0442\u044c \u043b\u044e\u0431\u043e\u0432\u043d\u0443\u044e \u0437\u0430\u0432\u0438\u0441\u0438\u043c\u043e\u0441\u0442\u044c \u0438 \u0432\u044b\u0439\u0442\u0438 \u0438\u0437 \u0430\u0431\u044c\u044e\u0437\u0438\u0432\u043d\u044b\u0445 \u043e\u0442\u043d\u043e\u0448\u0435\u043d\u0438\u0439. \u041f\u043e\u043c\u043e\u0433\u0443 \u0440\u0430\u0437\u043e\u0431\u0440\u0430\u0442\u044c\u0441\u044f \u0432 \u043f\u0440\u0438\u0447\u0438\u043d\u0430\u0445 \u044d\u043c\u043e\u0446\u0438\u043e\u043d\u0430\u043b\u044c\u043d\u043e\u0433\u043e \u043f\u0435\u0440\u0435\u0435\u0434\u0430\u043d\u0438\u044f \u0438 \u0434\u0440\u0443\u0433\u0438\u0445 \u0434\u0435\u0441\u0442\u0440\u0443\u043a\u0442\u0438\u0432\u043d\u044b\u0445 \u043f\u0440\u0438\u0432\u044b\u0447\u0435\u043a. \u0412\u044b \u043d\u0430\u0443\u0447\u0438\u0442\u0435\u0441\u044c \u0443\u043f\u0440\u0430\u0432\u043b\u044f\u0442\u044c \u0441\u0432\u043e\u0438\u043c\u0438 \u044d\u043c\u043e\u0446\u0438\u044f\u043c\u0438, \u043b\u0443\u0447\u0448\u0435 \u043f\u043e\u043d\u0438\u043c\u0430\u0442\u044c \u0441\u0435\u0431\u044f \u0438 \u043f\u0435\u0440\u0435\u0441\u0442\u0430\u043d\u0435\u0442\u0435 \u043f\u043e\u0437\u0432\u043e\u043b\u044f\u0442\u044c \u0441\u0442\u0440\u0430\u0445\u0430\u043c, \u043e\u0431\u0438\u0434\u0430\u043c \u0438 \u0441\u0430\u043c\u043e\u043a\u0440\u0438\u0442\u0438\u043a\u0435 \u0432\u043b\u0438\u044f\u0442\u044c \u043d\u0430 \u0432\u0430\u0448\u0438 \u0440\u0435\u0448\u0435\u043d\u0438\u044f. \u041c\u043e\u044f \u0446\u0435\u043b\u044c \u2014 \u043f\u043e\u043c\u043e\u0447\u044c [&hellip;]<\/p>","protected":false},"author":1,"featured_media":0,"parent":0,"menu_order":0,"comment_status":"closed","ping_status":"closed","template":"","meta":{"_acf_changed":false,"om_disable_all_campaigns":false,"_uf_show_specific_survey":0,"_uf_disable_surveys":false,"footnotes":""},"class_list":["post-6781","page","type-page","status-publish","hentry"],"acf":[],"aioseo_notices":[],"jetpack_sharing_enabled":true,"_links":{"self":[{"href":"https:\/\/zabota.eu\/lv\/wp-json\/wp\/v2\/pages\/6781","targetHints":{"allow":["GET"]}}],"collection":[{"href":"https:\/\/zabota.eu\/lv\/wp-json\/wp\/v2\/pages"}],"about":[{"href":"https:\/\/zabota.eu\/lv\/wp-json\/wp\/v2\/types\/page"}],"author":[{"embeddable":true,"href":"https:\/\/zabota.eu\/lv\/wp-json\/wp\/v2\/users\/1"}],"replies":[{"embeddable":true,"href":"https:\/\/zabota.eu\/lv\/wp-json\/wp\/v2\/comments?post=6781"}],"version-history":[{"count":2,"href":"https:\/\/zabota.eu\/lv\/wp-json\/wp\/v2\/pages\/6781\/revisions"}],"predecessor-version":[{"id":6786,"href":"https:\/\/zabota.eu\/lv\/wp-json\/wp\/v2\/pages\/6781\/revisions\/6786"}],"wp:attachment":[{"href":"https:\/\/zabota.eu\/lv\/wp-json\/wp\/v2\/media?parent=6781"}],"curies":[{"name":"wp","href":"https:\/\/api.w.org\/{rel}","templated":true}]}}