{"id":6504,"date":"2025-03-25T17:54:32","date_gmt":"2025-03-25T14:54:32","guid":{"rendered":"https:\/\/psytalk.eu\/?page_id=6504"},"modified":"2025-03-25T21:36:14","modified_gmt":"2025-03-25T18:36:14","slug":"klinicheskij-psiholog-po-depressii-i-otnosheniyam-metod-kpt","status":"publish","type":"page","link":"https:\/\/zabota.eu\/lv\/klinicheskij-psiholog-po-depressii-i-otnosheniyam-metod-kpt\/","title":{"rendered":"\u0410\u043d\u0430\u0441\u0442\u0430\u0441\u0438\u044f \u043a\u043b\u0438\u043d\u0438\u0447\u0435\u0441\u043a\u0438\u0439 \u043f\u0441\u0438\u0445\u043e\u043b\u043e\u0433 \u043f\u043e \u0434\u0435\u043f\u0440\u0435\u0441\u0441\u0438\u0438 \u0438 \u043e\u0442\u043d\u043e\u0448\u0435\u043d\u0438\u044f\u043c, \u043c\u0435\u0442\u043e\u0434 \u041a\u041f\u0422"},"content":{"rendered":"<div style=\"height:0px\" aria-hidden=\"true\" class=\"wp-block-spacer\"><\/div>\n\n\n\n\n\n\n\n<figure class=\"wp-block-image size-full is-resized\"><img decoding=\"async\" src=\"https:\/\/zabota.eu\/wp-content\/uploads\/2025\/03\/brown-and-cream-playful-illustration-relationship-tips-instagram-post-carousel.svg\" alt=\"\" class=\"wp-image-6507\" style=\"width:405px;height:auto\"\/><\/figure>\n\n\n\n<h2 class=\"wp-block-heading\"><br><sup>Anastasija Kova\u013cevskaja <\/sup><\/h2>\n\n\n\n<hr class=\"wp-block-separator has-alpha-channel-opacity\"\/>\n\n\n\n<div class=\"wp-block-group\"><div class=\"wp-block-group__inner-container is-layout-constrained wp-block-group-is-layout-constrained\">\n<div class=\"wp-block-group\"><div class=\"wp-block-group__inner-container is-layout-constrained wp-block-group-is-layout-constrained\">\n<div class=\"wp-block-group is-vertical is-layout-flex wp-container-core-group-is-layout-8cf370e7 wp-block-group-is-layout-flex\">\n<div class=\"wp-block-group\"><div class=\"wp-block-group__inner-container is-layout-constrained wp-block-group-is-layout-constrained\">\n<p>Laipni l\u016bdzam! <\/p>\n\n\n\n<div style=\"height:30px\" aria-hidden=\"true\" class=\"wp-block-spacer\"><\/div>\n\n\n\n<div class=\"wp-block-group\"><div class=\"wp-block-group__inner-container is-layout-constrained wp-block-group-is-layout-constrained\">\n<div class=\"wp-block-buttons is-layout-flex wp-block-buttons-is-layout-flex\">\n<div class=\"wp-block-button has-custom-width wp-block-button__width-100 is-style-outline is-style-outline--1\"><a class=\"wp-block-button__link has-white-color has-text-color has-background has-link-color wp-element-button\" style=\"background-color:#f0a286\"><strong>Par mani<\/strong><\/a><\/div>\n<\/div>\n\n\n\n<div style=\"height:22px\" aria-hidden=\"true\" class=\"wp-block-spacer\"><\/div>\n\n\n\n<p><br>Mani sauc Anastasija, un es esmu kl\u012bnisk\u0101 psiholo\u0123e. Es regul\u0101ri veicu person\u012bgo terapiju, apg\u016bstu jaunas prasmes un p\u0101rraugu savu praksi. Esmu iek\u013cauta Latvijas psihologu re\u0123istr\u0101, bet \u0161obr\u012bd neesmu sertific\u0113ta, str\u0101d\u0101ju superviz\u0113jo\u0161\u0101 psihologa uzraudz\u012bb\u0101. Superv\u012bzija ir neat\u0146emama mana darba sast\u0101vda\u013ca.<\/p>\n\n\n\n<details class=\"wp-block-details is-layout-flow wp-block-details-is-layout-flow\"><summary>Izgl\u012bt\u012bba:<br>R\u012bgas Valsts universit\u0101te, Mg. Stradi\u0146\u0161, Mg. psych. Anastasija Kova\u013cevska:<\/summary>\n<ol class=\"wp-block-list\">\n<li>2021-2023: ma\u0123istra gr\u0101ds \"kl\u012bniskaj\u0101 psiholo\u0123ij\u0101\".<\/li>\n\n\n\n<li>2017-2021: bakalaura gr\u0101ds psiholo\u0123ij\u0101.<\/li>\n\n\n\n<li>Psihologs Per. N\u00ba: 300142.<\/li>\n<\/ol>\n<\/details>\n\n\n\n<div style=\"height:30px\" aria-hidden=\"true\" class=\"wp-block-spacer\"><\/div>\n\n\n\n<div class=\"wp-block-group\"><div class=\"wp-block-group__inner-container is-layout-constrained wp-block-group-is-layout-constrained\">\n<div class=\"wp-block-buttons is-layout-flex wp-block-buttons-is-layout-flex\">\n<div class=\"wp-block-button has-custom-width wp-block-button__width-100 is-style-fill\"><a class=\"wp-block-button__link has-white-color has-text-color has-background has-link-color wp-element-button\" style=\"background-color:#f0a286\"><strong>K\u0101 es varu pal\u012bdz\u0113t?<\/strong><\/a><\/div>\n<\/div>\n\n\n\n<ol class=\"wp-block-list\">\n<li>Individu\u0101las konsult\u0101cijas tie\u0161saist\u0113 un kl\u0101tien\u0113.<\/li>\n\n\n\n<li> Psiholo\u0123isk\u0101 test\u0113\u0161ana pieaugu\u0161ajiem.<\/li>\n<\/ol>\n\n\n\n<details class=\"wp-block-details is-layout-flow wp-block-details-is-layout-flow\"><summary>Veicot test\u0113\u0161anas piepras\u012bjumu, jums b\u016bs iesp\u0113ja:<\/summary>\n<p><\/p>\n\n\n\n<ol class=\"wp-block-list\">\n<li>Ieg\u016bstiet aprakstu par personas emocion\u0101lo st\u0101vokli, rakstura iez\u012bm\u0113m un gar\u012bgo st\u0101vokli.<\/li>\n\n\n\n<li>P\u0101rbaudiet savus kognit\u012bvos procesus (atmi\u0146u, uzman\u012bbu, uztveri, dom\u0101\u0161anas mode\u013cus utt.).<\/li>\n\n\n\n<li>Lab\u0101k izprotiet savas uzved\u012bbas mot\u012bvus un iemeslus.<\/li>\n\n\n\n<li>Sa\u0146emiet speci\u0101listu ieteikumus par turpm\u0101ko terapiju (ja nepiecie\u0161ams).<\/li>\n<\/ol>\n\n\n\n<p>Test\u0113\u0161ana var ilgt l\u012bdz 5 san\u0101ksm\u0113m, no kur\u0101m katra ilgst 60 min\u016btes. Ilgums ir atkar\u012bgs no p\u0113t\u012bjuma m\u0113r\u0137a, uzdevumu sare\u017e\u0123\u012bt\u012bbas un klienta izpildes \u0101truma. Test\u0113\u0161anas laik\u0101 klients veic da\u017e\u0101dus uzdevumus un veic testus.<\/p>\n\n\n\n<div style=\"height:18px\" aria-hidden=\"true\" class=\"wp-block-spacer\"><\/div>\n\n\n\n<p>Kad otrais posms b\u016bs pabeigts, es analiz\u0113\u0161u datus un formul\u0113\u0161u secin\u0101jumus. Tikl\u012bdz tas b\u016bs gatavs, es jums pazi\u0146o\u0161u, ka to var sa\u0146emt.<\/p>\n<\/details>\n\n\n\n<div class=\"wp-block-buttons is-layout-flex wp-block-buttons-is-layout-flex\">\n<div class=\"wp-block-button has-custom-width wp-block-button__width-100 is-style-outline is-style-outline--2\"><a class=\"wp-block-button__link has-white-color has-text-color has-background has-link-color wp-element-button\" style=\"background-color:#f0a286\"><strong>Piepras\u012bjumi, ar kuriem es str\u0101d\u0101ju<\/strong><\/a><\/div>\n<\/div>\n\n\n\n<div class=\"wp-block-group\"><div class=\"wp-block-group__inner-container is-layout-constrained wp-block-group-is-layout-constrained\">\n<div style=\"height:18px\" aria-hidden=\"true\" class=\"wp-block-spacer\"><\/div>\n\n\n\n<ol class=\"wp-block-list\">\n<li>Trauksmes trauc\u0113jumi.<\/li>\n\n\n\n<li>Depresijas trauc\u0113jumi, depresijas simptomi.<\/li>\n\n\n\n<li>Trauksme, stress.<\/li>\n\n\n\n<li>Attiec\u012bbas ar sevi un citiem.<\/li>\n\n\n\n<li>Pa\u0161cie\u0146a, nedro\u0161\u012bba.<\/li>\n\n\n\n<li>Dz\u012bvo\u0161ana un atg\u016b\u0161an\u0101s no kr\u012bzes: zaud\u0113juma kr\u012bze, person\u012bg\u0101 kr\u012bze (p\u0101rcel\u0161an\u0101s, jauns dz\u012bves posms, pa\u0161noteik\u0161an\u0101s probl\u0113ma).<\/li>\n\n\n\n<li>Iek\u0161\u0113jie konflikti, kas saist\u012bti ar nepiecie\u0161am\u012bbu izdar\u012bt izv\u0113li, priorit\u0101t\u0113m, person\u012bgaj\u0101m robe\u017e\u0101m.<\/li>\n\n\n\n<li>Psiholo\u0123iskas traumas, traumatiska pieredze.<\/li>\n\n\n\n<li>Vec\u0101ku scen\u0101riji, v\u0113lme iet savu ce\u013cu.<\/li>\n<\/ol>\n<\/div><\/div>\n\n\n\n<blockquote class=\"wp-block-quote is-layout-flow wp-block-quote-is-layout-flow\">\n<div style=\"height:12px\" aria-hidden=\"true\" class=\"wp-block-spacer\"><\/div>\n<\/blockquote>\n<\/div><\/div>\n<\/div><\/div>\n\n\n\n<p><strong>Es run\u0101ju krieviski, latviski, angliski.<\/strong><\/p>\n<\/div><\/div>\n\n\n\n<div style=\"height:0px\" aria-hidden=\"true\" class=\"wp-block-spacer wp-container-content-a94db315\"><\/div>\n<\/div>\n<\/div><\/div>\n<\/div><\/div>\n\n\n\n<hr class=\"wp-block-separator has-alpha-channel-opacity\"\/>\n\n\n\n<h3 class=\"wp-block-heading\">Re\u0123istr\u0113jieties<\/h3>\n\n\n<div class=\"webba_booking_form_v6\" data-service=\"0\"\n    data-category-list=\"no\" data-category=\"11\"\n    data-multiservice=\"\" ><\/div>","protected":false},"excerpt":{"rendered":"<p>\u0410\u043d\u0430\u0441\u0442\u0430\u0441\u0438\u044f \u041a\u043e\u0432\u0430\u043b\u0435\u0432\u0441\u043a\u0430\u044f \u0414\u043e\u0431\u0440\u043e \u043f\u043e\u0436\u0430\u043b\u043e\u0432\u0430\u0442\u044c! \u041c\u0435\u043d\u044f \u0437\u043e\u0432\u0443\u0442 \u0410\u043d\u0430\u0441\u0442\u0430\u0441\u0438\u044f, \u044f \u043a\u043b\u0438\u043d\u0438\u0447\u0435\u0441\u043a\u0438\u0439 \u043f\u0441\u0438\u0445\u043e\u043b\u043e\u0433. \u042f \u0440\u0435\u0433\u0443\u043b\u044f\u0440\u043d\u043e \u043f\u0440\u043e\u0445\u043e\u0436\u0443 \u043b\u0438\u0447\u043d\u0443\u044e \u0442\u0435\u0440\u0430\u043f\u0438\u044e, \u043e\u0431\u0443\u0447\u0430\u044e\u0441\u044c \u043d\u043e\u0432\u044b\u043c \u043d\u0430\u0432\u044b\u043a\u0430\u043c, \u0430 \u0442\u0430\u043a\u0436\u0435 \u0441\u0443\u043f\u0435\u0440\u0432\u0438\u0437\u0438\u0440\u0443\u044e \u0441\u0432\u043e\u044e \u043f\u0440\u0430\u043a\u0442\u0438\u043a\u0443. \u042f \u0432\u043d\u0435\u0441\u0435\u043d\u0430 \u0432 \u0440\u0435\u0433\u0438\u0441\u0442\u0440 \u043f\u0441\u0438\u0445\u043e\u043b\u043e\u0433\u043e\u0432 \u041b\u0430\u0442\u0432\u0438\u0438, \u043d\u043e \u0432 \u0434\u0430\u043d\u043d\u044b\u0439 \u043c\u043e\u043c\u0435\u043d\u0442 \u043d\u0435 \u043e\u0431\u043b\u0430\u0434\u0430\u044e \u0441\u0435\u0440\u0442\u0438\u0444\u0438\u043a\u0430\u0446\u0438\u0435\u0439, \u0440\u0430\u0431\u043e\u0442\u0430\u044e \u043f\u043e\u0434 \u0440\u0443\u043a\u043e\u0432\u043e\u0434\u0441\u0442\u0432\u043e\u043c \u043f\u0441\u0438\u0445\u043e\u043b\u043e\u0433\u0430-\u0441\u0443\u043f\u0435\u0440\u0432\u0438\u0437\u043e\u0440\u0430. \u0421\u0443\u043f\u0435\u0440\u0432\u0438\u0437\u0438\u0438 \u044f\u0432\u043b\u044f\u044e\u0442\u0441\u044f \u043d\u0435\u043e\u0442\u044a\u0435\u043c\u043b\u0435\u043c\u043e\u0439 \u0447\u0430\u0441\u0442\u044c\u044e \u043c\u043e\u0435\u0439 \u0440\u0430\u0431\u043e\u0442\u044b. \u0412\u043b\u0430\u0434\u0435\u044e \u0440\u0443\u0441\u0441\u043a\u0438\u043c, \u043b\u0430\u0442\u044b\u0448\u0441\u043a\u0438\u043c, \u0430\u043d\u0433\u043b\u0438\u0439\u0441\u043a\u0438\u043c \u044f\u0437\u044b\u043a\u0430\u043c\u0438. \u0417\u0430\u043f\u0438\u0441\u0430\u0442\u044c\u0441\u044f<\/p>","protected":false},"author":1,"featured_media":0,"parent":0,"menu_order":0,"comment_status":"closed","ping_status":"closed","template":"","meta":{"_acf_changed":false,"om_disable_all_campaigns":false,"_uf_show_specific_survey":0,"_uf_disable_surveys":false,"footnotes":""},"class_list":["post-6504","page","type-page","status-publish","hentry"],"acf":[],"aioseo_notices":[],"jetpack_sharing_enabled":true,"_links":{"self":[{"href":"https:\/\/zabota.eu\/lv\/wp-json\/wp\/v2\/pages\/6504","targetHints":{"allow":["GET"]}}],"collection":[{"href":"https:\/\/zabota.eu\/lv\/wp-json\/wp\/v2\/pages"}],"about":[{"href":"https:\/\/zabota.eu\/lv\/wp-json\/wp\/v2\/types\/page"}],"author":[{"embeddable":true,"href":"https:\/\/zabota.eu\/lv\/wp-json\/wp\/v2\/users\/1"}],"replies":[{"embeddable":true,"href":"https:\/\/zabota.eu\/lv\/wp-json\/wp\/v2\/comments?post=6504"}],"version-history":[{"count":6,"href":"https:\/\/zabota.eu\/lv\/wp-json\/wp\/v2\/pages\/6504\/revisions"}],"predecessor-version":[{"id":6540,"href":"https:\/\/zabota.eu\/lv\/wp-json\/wp\/v2\/pages\/6504\/revisions\/6540"}],"wp:attachment":[{"href":"https:\/\/zabota.eu\/lv\/wp-json\/wp\/v2\/media?parent=6504"}],"curies":[{"name":"wp","href":"https:\/\/api.w.org\/{rel}","templated":true}]}}