{"id":5327,"date":"2025-01-13T22:20:01","date_gmt":"2025-01-13T19:20:01","guid":{"rendered":"https:\/\/psytalk.eu\/?page_id=5327"},"modified":"2025-02-26T15:02:32","modified_gmt":"2025-02-26T12:02:32","slug":"irina-emelyanova","status":"publish","type":"page","link":"https:\/\/zabota.eu\/lv\/irina-emelyanova\/","title":{"rendered":"Irina Eme\u013cjanova"},"content":{"rendered":"<div style=\"height:0px\" aria-hidden=\"true\" class=\"wp-block-spacer\"><\/div>\n\n\n\n\n\n\n\n<figure class=\"wp-block-image size-full is-resized\"><img fetchpriority=\"high\" decoding=\"async\" width=\"724\" height=\"764\" src=\"https:\/\/zabota.eu\/wp-content\/uploads\/2025\/01\/screenshot-2025-01-13-at-21.02.22.png\" alt=\"\" class=\"wp-image-5331\" style=\"width:405px;height:auto\" srcset=\"https:\/\/zabota.eu\/wp-content\/uploads\/2025\/01\/screenshot-2025-01-13-at-21.02.22.png 724w, https:\/\/zabota.eu\/wp-content\/uploads\/2025\/01\/screenshot-2025-01-13-at-21.02.22-284x300.png 284w\" sizes=\"(max-width: 724px) 100vw, 724px\" \/><\/figure>\n\n\n\n<div class=\"wp-block-file\"><a id=\"wp-block-file--media-e389e589-c6d1-42de-b564-de9cbbd09b91\" href=\"https:\/\/zabota.eu\/wp-content\/uploads\/2025\/01\/brown-and-cream-playful-illustration-relationship-tips-instagram-post-carousel-1500-x-1000-px-1.mp4\"><strong>Video sveiciens<\/strong>&gt;<\/a><\/div>\n\n\n\n<div class=\"wp-block-file\"><a id=\"wp-block-file--media-06db916e-9cbe-432c-8e1d-db855c8ab89f\" href=\"https:\/\/zabota.eu\/wp-content\/uploads\/2025\/02\/brown-and-cream-playful-illustration-relationship-tips-instagram-post-carousel-2.mp4\"><strong>Ievadvideo&gt;<\/strong><\/a><\/div>\n\n\n\n<div class=\"wp-block-file\"><a id=\"wp-block-file--media-6c9094ba-59b5-49fc-8f80-6dd4ef62094a\" href=\"https:\/\/zabota.eu\/wp-content\/uploads\/2025\/02\/brown-and-cream-playful-illustration-relationship-tips-instagram-post-carousel-3.mp4\"><strong>Videoklipa ievads&gt;<\/strong><\/a><\/div>\n\n\n\n<h2 class=\"wp-block-heading\"><br><sup>Irina Eme\u013cjanova<\/sup><\/h2>\n\n\n\n<hr class=\"wp-block-separator has-alpha-channel-opacity\"\/>\n\n\n\n<div class=\"wp-block-group\"><div class=\"wp-block-group__inner-container is-layout-constrained wp-block-group-is-layout-constrained\">\n<div class=\"wp-block-group\"><div class=\"wp-block-group__inner-container is-layout-constrained wp-block-group-is-layout-constrained\">\n<div class=\"wp-block-group is-vertical is-layout-flex wp-container-core-group-is-layout-8cf370e7 wp-block-group-is-layout-flex\">\n<div class=\"wp-block-group\"><div class=\"wp-block-group__inner-container is-layout-constrained wp-block-group-is-layout-constrained\">\n<p>Laipni l\u016bdzam! <\/p>\n\n\n\n<div style=\"height:30px\" aria-hidden=\"true\" class=\"wp-block-spacer\"><\/div>\n\n\n\n<div class=\"wp-block-group\"><div class=\"wp-block-group__inner-container is-layout-constrained wp-block-group-is-layout-constrained\">\n<div class=\"wp-block-buttons is-layout-flex wp-block-buttons-is-layout-flex\">\n<div class=\"wp-block-button has-custom-width wp-block-button__width-100 is-style-outline is-style-outline--1\"><a class=\"wp-block-button__link has-white-color has-text-color has-background has-link-color wp-element-button\" style=\"background-color:#f0a286\"><strong>Par mani<\/strong><\/a><\/div>\n<\/div>\n\n\n\n<div style=\"height:22px\" aria-hidden=\"true\" class=\"wp-block-spacer\"><\/div>\n\n\n\n<p>Esmu kl\u012bnisk\u0101 psiholo\u0123e un sertific\u0113ta pozit\u012bv\u0101s un transkultur\u0101l\u0101s psihoterapijas terapeite ar 15 gadu pieredzi. M\u0101c\u012bjos Latvij\u0101 un V\u0101cij\u0101, k\u0101 ar\u012b pabeidzu b\u0113rnu emocion\u0101l\u0101s audzin\u0101\u0161anas programmu (BEA). Re\u0123istr\u0113ta Latvijas \u0101rstu re\u0123istr\u0101 k\u0101 \u0101rstniec\u012bbas atbalsta speci\u0101liste.<\/p>\n\n\n\n<div style=\"height:7px\" aria-hidden=\"true\" class=\"wp-block-spacer\"><\/div>\n\n\n\n<p>Sniedzu profesion\u0101lu pal\u012bdz\u012bbu da\u017e\u0101du dz\u012bves situ\u0101ciju risin\u0101\u0161an\u0101. Sav\u0101 darb\u0101 izmantoju diagnostikas materi\u0101lus un konsult\u0113\u0161anas metodes, kuru m\u0113r\u0137is ir izprast un p\u0101rvar\u0113t j\u016bsu psiholo\u0123isk\u0101s gr\u016bt\u012bbas.<\/p>\n\n\n\n<div style=\"height:18px\" aria-hidden=\"true\" class=\"wp-block-spacer\"><\/div>\n\n\n\n<div class=\"wp-block-group\"><div class=\"wp-block-group__inner-container is-layout-constrained wp-block-group-is-layout-constrained\">\n<div class=\"wp-block-buttons is-layout-flex wp-block-buttons-is-layout-flex\">\n<div class=\"wp-block-button has-custom-width wp-block-button__width-100 is-style-outline is-style-outline--2\"><a class=\"wp-block-button__link has-white-color has-text-color has-background has-link-color wp-element-button\" style=\"background-color:#f0a286\"><strong>Piepras\u012bjumi, ar kuriem es str\u0101d\u0101ju<\/strong><\/a><\/div>\n<\/div>\n\n\n\n<div class=\"wp-block-group\"><div class=\"wp-block-group__inner-container is-layout-constrained wp-block-group-is-layout-constrained\">\n<div style=\"height:18px\" aria-hidden=\"true\" class=\"wp-block-spacer\"><\/div>\n\n\n\n<p><strong>Darbs ar pieaugu\u0161ajiem<\/strong>:<\/p>\n\n\n\n<div style=\"height:12px\" aria-hidden=\"true\" class=\"wp-block-spacer\"><\/div>\n\n\n\n<ol class=\"wp-block-list\">\n<li>Pal\u012bdz\u012bba depresijas, trauksmes, emocion\u0101lo kr\u012b\u017eu gad\u012bjumos.<\/li>\n\n\n\n<li>Atbalsts atkar\u012bbu un attiec\u012bbu gr\u016bt\u012bbu gad\u012bjumos.<\/li>\n\n\n\n<li>Individualiz\u0113ts darbs, lai uzlabotu dz\u012bves kvalit\u0101ti un emocion\u0101lo labsaj\u016btu.<\/li>\n<\/ol>\n\n\n\n<div style=\"height:12px\" aria-hidden=\"true\" class=\"wp-block-spacer\"><\/div>\n\n\n\n<p><strong>Darbs ar b\u0113rniem<\/strong>:<\/p>\n\n\n\n<div style=\"height:12px\" aria-hidden=\"true\" class=\"wp-block-spacer\"><\/div>\n\n\n\n<ol class=\"wp-block-list\">\n<li>Emocion\u0101l\u0101s disregul\u0101cijas korekcija.<\/li>\n\n\n\n<li>Atbalsts b\u0113rniem ar psiholo\u0123isk\u0101s att\u012bst\u012bbas aizkav\u0113\u0161anos.<\/li>\n\n\n\n<li>Kognit\u012bv\u0101 att\u012bst\u012bba un gatav\u012bba skolai.<\/li>\n<\/ol>\n\n\n\n<div style=\"height:12px\" aria-hidden=\"true\" class=\"wp-block-spacer\"><\/div>\n\n\n\n<div class=\"wp-block-buttons is-layout-flex wp-block-buttons-is-layout-flex\">\n<div class=\"wp-block-button has-custom-width wp-block-button__width-100 is-style-fill\"><a class=\"wp-block-button__link has-background wp-element-button\" style=\"background-color:#f0a286\"><strong>Darba metodes<\/strong><\/a><\/div>\n<\/div>\n\n\n\n<div style=\"height:12px\" aria-hidden=\"true\" class=\"wp-block-spacer\"><\/div>\n\n\n\n<ol class=\"wp-block-list\">\n<li>Pozit\u012bv\u0101 un transkultur\u0101l\u0101 psihoterapija.<\/li>\n\n\n\n<li>Deju un kust\u012bbu terapija.<\/li>\n\n\n\n<li>Diagnostikas r\u012bki psiholo\u0123isko gr\u016bt\u012bbu izpratnei un risin\u0101\u0161anai.<\/li>\n\n\n\n<li>Psiholo\u0123isk\u0101s konsult\u0101cijas.<\/li>\n<\/ol>\n<\/div><\/div>\n\n\n\n<blockquote class=\"wp-block-quote is-layout-flow wp-block-quote-is-layout-flow\">\n<div style=\"height:12px\" aria-hidden=\"true\" class=\"wp-block-spacer\"><\/div>\n<\/blockquote>\n<\/div><\/div>\n<\/div><\/div>\n\n\n\n<p><strong>Es run\u0101ju krievu, latvie\u0161u un ang\u013cu valod\u0101.<\/strong><\/p>\n<\/div><\/div>\n\n\n\n<div style=\"height:0px\" aria-hidden=\"true\" class=\"wp-block-spacer wp-container-content-a94db315\"><\/div>\n<\/div>\n<\/div><\/div>\n<\/div><\/div>\n\n\n\n<hr class=\"wp-block-separator has-alpha-channel-opacity\"\/>\n\n\n\n<h3 class=\"wp-block-heading\">Re\u0123istr\u0113jieties<\/h3>\n\n\n<div class=\"webba_booking_form_v6\" data-service=\"59\"\n    data-category-list=\"no\" data-category=\"0\"\n    data-multiservice=\"\" ><\/div>","protected":false},"excerpt":{"rendered":"<p>\u0418\u0440\u0438\u043d\u0430 \u0415\u043c\u0435\u043b\u044c\u044f\u043d\u043e\u0432\u0430 \u0414\u043e\u0431\u0440\u043e \u043f\u043e\u0436\u0430\u043b\u043e\u0432\u0430\u0442\u044c! \u042f \u043a\u043b\u0438\u043d\u0438\u0447\u0435\u0441\u043a\u0438\u0439 \u043f\u0441\u0438\u0445\u043e\u043b\u043e\u0433 \u0438 \u0441\u0435\u0440\u0442\u0438\u0444\u0438\u0446\u0438\u0440\u043e\u0432\u0430\u043d\u043d\u044b\u0439 \u0442\u0435\u0440\u0430\u043f\u0435\u0432\u0442 \u043f\u043e\u0437\u0438\u0442\u0438\u0432\u043d\u043e\u0439 \u0438 \u0442\u0440\u0430\u043d\u0441\u043a\u0443\u043b\u044c\u0442\u0443\u0440\u0430\u043b\u044c\u043d\u043e\u0439 \u043f\u0441\u0438\u0445\u043e\u0442\u0435\u0440\u0430\u043f\u0438\u0438 \u0441 15-\u043b\u0435\u0442\u043d\u0438\u043c \u043e\u043f\u044b\u0442\u043e\u043c. \u041e\u0431\u0443\u0447\u0435\u043d\u0438\u0435 \u043f\u0440\u043e\u0445\u043e\u0434\u0438\u043b\u0430 \u0432 \u041b\u0430\u0442\u0432\u0438\u0438 \u0438 \u0413\u0435\u0440\u043c\u0430\u043d\u0438\u0438, \u0430 \u0442\u0430\u043a\u0436\u0435 \u0437\u0430\u0432\u0435\u0440\u0448\u0438\u043b\u0430 \u043f\u0440\u043e\u0433\u0440\u0430\u043c\u043c\u0443 \u043f\u043e \u0434\u0435\u0442\u0441\u043a\u043e\u043c\u0443 \u044d\u043c\u043e\u0446\u0438\u043e\u043d\u0430\u043b\u044c\u043d\u043e\u043c\u0443 \u0432\u043e\u0441\u043f\u0438\u0442\u0430\u043d\u0438\u044e (BEA). \u0417\u0430\u0440\u0435\u0433\u0438\u0441\u0442\u0440\u0438\u0440\u043e\u0432\u0430\u043d\u0430 \u0432 \u0440\u0435\u0433\u0438\u0441\u0442\u0440\u0435 \u0432\u0440\u0430\u0447\u0435\u0439 \u041b\u0430\u0442\u0432\u0438\u0438 \u043a\u0430\u043a \u0441\u043f\u0435\u0446\u0438\u0430\u043b\u0438\u0441\u0442 \u043c\u0435\u0434\u0438\u0446\u0438\u043d\u0441\u043a\u043e\u0439 \u043f\u043e\u0434\u0434\u0435\u0440\u0436\u043a\u0438. \u041f\u0440\u0435\u0434\u043e\u0441\u0442\u0430\u0432\u043b\u044f\u044e \u043f\u0440\u043e\u0444\u0435\u0441\u0441\u0438\u043e\u043d\u0430\u043b\u044c\u043d\u0443\u044e \u043f\u043e\u043c\u043e\u0449\u044c \u0432 \u0440\u0435\u0448\u0435\u043d\u0438\u0438 \u0440\u0430\u0437\u043b\u0438\u0447\u043d\u044b\u0445 \u0436\u0438\u0437\u043d\u0435\u043d\u043d\u044b\u0445 \u0441\u0438\u0442\u0443\u0430\u0446\u0438\u0439. \u0412 \u0440\u0430\u0431\u043e\u0442\u0435 \u0438\u0441\u043f\u043e\u043b\u044c\u0437\u0443\u044e \u0434\u0438\u0430\u0433\u043d\u043e\u0441\u0442\u0438\u0447\u0435\u0441\u043a\u0438\u0435 \u043c\u0430\u0442\u0435\u0440\u0438\u0430\u043b\u044b \u0438 [&hellip;]<\/p>","protected":false},"author":1,"featured_media":0,"parent":0,"menu_order":0,"comment_status":"closed","ping_status":"closed","template":"","meta":{"_acf_changed":false,"om_disable_all_campaigns":false,"_uf_show_specific_survey":0,"_uf_disable_surveys":false,"footnotes":""},"class_list":["post-5327","page","type-page","status-publish","hentry"],"acf":[],"aioseo_notices":[],"jetpack_sharing_enabled":true,"_links":{"self":[{"href":"https:\/\/zabota.eu\/lv\/wp-json\/wp\/v2\/pages\/5327","targetHints":{"allow":["GET"]}}],"collection":[{"href":"https:\/\/zabota.eu\/lv\/wp-json\/wp\/v2\/pages"}],"about":[{"href":"https:\/\/zabota.eu\/lv\/wp-json\/wp\/v2\/types\/page"}],"author":[{"embeddable":true,"href":"https:\/\/zabota.eu\/lv\/wp-json\/wp\/v2\/users\/1"}],"replies":[{"embeddable":true,"href":"https:\/\/zabota.eu\/lv\/wp-json\/wp\/v2\/comments?post=5327"}],"version-history":[{"count":12,"href":"https:\/\/zabota.eu\/lv\/wp-json\/wp\/v2\/pages\/5327\/revisions"}],"predecessor-version":[{"id":6286,"href":"https:\/\/zabota.eu\/lv\/wp-json\/wp\/v2\/pages\/5327\/revisions\/6286"}],"wp:attachment":[{"href":"https:\/\/zabota.eu\/lv\/wp-json\/wp\/v2\/media?parent=5327"}],"curies":[{"name":"wp","href":"https:\/\/api.w.org\/{rel}","templated":true}]}}