{"id":4971,"date":"2024-11-02T16:36:01","date_gmt":"2024-11-02T13:36:01","guid":{"rendered":"https:\/\/psytalk.eu\/?page_id=4971"},"modified":"2025-02-01T00:51:46","modified_gmt":"2025-01-31T21:51:46","slug":"kamilla-lele","status":"publish","type":"page","link":"https:\/\/zabota.eu\/lv\/kamilla-lele\/","title":{"rendered":"\u041a\u043e\u0433\u043d\u0438\u0442\u0438\u0432\u043d\u043e-\u043f\u043e\u0432\u0435\u0434\u0435\u043d\u0447\u0435\u0441\u043a\u0430\u044f \u0442\u0435\u0440\u0430\u043f\u0438\u044f: \u041f\u0440\u043e\u0444\u0435\u0441\u0441\u0438\u043e\u043d\u0430\u043b\u044c\u043d\u0430\u044f \u043f\u043e\u0434\u0434\u0435\u0440\u0436\u043a\u0430"},"content":{"rendered":"<figure class=\"wp-block-image size-full is-resized\"><img fetchpriority=\"high\" decoding=\"async\" width=\"630\" height=\"659\" src=\"https:\/\/zabota.eu\/wp-content\/uploads\/2024\/11\/screenshot-2024-11-02-152148.png\" alt=\"\" class=\"wp-image-4973\" style=\"width:407px;height:auto\" srcset=\"https:\/\/zabota.eu\/wp-content\/uploads\/2024\/11\/screenshot-2024-11-02-152148.png 630w, https:\/\/zabota.eu\/wp-content\/uploads\/2024\/11\/screenshot-2024-11-02-152148-287x300.png 287w\" sizes=\"(max-width: 630px) 100vw, 630px\" \/><\/figure>\n\n\n\n<h2 class=\"wp-block-heading\"><br><sub>Camille Lele<\/sub><\/h2>\n\n\n\n<hr class=\"wp-block-separator has-alpha-channel-opacity\"\/>\n\n\n\n<div class=\"wp-block-group is-vertical is-layout-flex wp-container-core-group-is-layout-8cf370e7 wp-block-group-is-layout-flex\">\n<div class=\"wp-block-group is-vertical is-layout-flex wp-container-core-group-is-layout-8cf370e7 wp-block-group-is-layout-flex\">\n<div class=\"wp-block-group\"><div class=\"wp-block-group__inner-container is-layout-constrained wp-block-group-is-layout-constrained\">\n<div class=\"wp-block-group\"><div class=\"wp-block-group__inner-container is-layout-constrained wp-block-group-is-layout-constrained\">\n<p class=\"has-text-align-left\">Laipni l\u016bdzam!<\/p>\n<\/div><\/div>\n\n\n\n<div style=\"height:21px\" aria-hidden=\"true\" class=\"wp-block-spacer\"><\/div>\n\n\n\n<div class=\"wp-block-buttons is-content-justification-left is-nowrap is-layout-flex wp-container-core-buttons-is-layout-f56a869c wp-block-buttons-is-layout-flex\">\n<div class=\"wp-block-button has-custom-width wp-block-button__width-100\"><a class=\"wp-block-button__link has-background wp-element-button\" style=\"background-color:#f0a286\"><strong>Par mani<\/strong><\/a><\/div>\n<\/div>\n\n\n\n<div style=\"height:21px\" aria-hidden=\"true\" class=\"wp-block-spacer\"><\/div>\n\n\n\n<p>Esmu psihologs, sertific\u0113ts kognit\u012bvi uzved\u012bbas terapeits (ODYSSEA International CBT Institute), kas pied\u0101v\u0101 profesion\u0101lu atbalstu un efekt\u012bvus risin\u0101jumus da\u017e\u0101d\u0101m psiholo\u0123isk\u0101m probl\u0113m\u0101m. Sav\u0101 darb\u0101 izmantoju individu\u0101lu pieeju, \u0146emot v\u0113r\u0101 katra klienta unik\u0101l\u0101s gr\u016bt\u012bbas un vajadz\u012bbas.<\/p>\n\n\n\n<div style=\"height:21px\" aria-hidden=\"true\" class=\"wp-block-spacer\"><\/div>\n\n\n\n<div class=\"wp-block-buttons is-layout-flex wp-block-buttons-is-layout-flex\">\n<div class=\"wp-block-button has-custom-width wp-block-button__width-100\"><a class=\"wp-block-button__link has-background wp-element-button\" style=\"background-color:#f0a286\"><strong>Metodes<\/strong><\/a><\/div>\n<\/div>\n\n\n\n<div style=\"height:21px\" aria-hidden=\"true\" class=\"wp-block-spacer\"><\/div>\n\n\n\n<p>Kognit\u012bvi uzved\u012bbas terapija (CBT), sh\u0113mu terapija, ACT (akcept\u0113\u0161anas un atbild\u012bbas terapija), DBT (dialektisk\u0101s uzved\u012bbas terapija) un apzin\u0101t\u012bbas prakse (Mindfulness).<\/p>\n\n\n\n<div style=\"height:21px\" aria-hidden=\"true\" class=\"wp-block-spacer\"><\/div>\n\n\n\n<div class=\"wp-block-buttons is-layout-flex wp-block-buttons-is-layout-flex\">\n<div class=\"wp-block-button has-custom-width wp-block-button__width-100\"><a class=\"wp-block-button__link has-background wp-element-button\" style=\"background-color:#f0a286\"><strong>Mani nor\u0101d\u012bjumi<\/strong><\/a><\/div>\n<\/div>\n\n\n\n<div style=\"height:21px\" aria-hidden=\"true\" class=\"wp-block-spacer\"><\/div>\n\n\n\n<ol class=\"wp-block-list\">\n<li>Kr\u012bzes situ\u0101cijas.<\/li>\n\n\n\n<li>Ikdienas situ\u0101cijas (attiec\u012bbu probl\u0113mas, zems pa\u0161v\u0113rt\u0113jums, izvair\u012b\u0161an\u0101s no probl\u0113m\u0101m, stress utt.).<\/li>\n\n\n\n<li>Depresija, pa\u0161n\u0101vnieciskas domas un uzved\u012bba.<\/li>\n\n\n\n<li>trauksmes trauc\u0113jumi (panikas l\u0113kmes, \u0123eneraliz\u0113ti trauksmes trauc\u0113jumi, soci\u0101l\u0101 trauksme, da\u017e\u0101das fobijas).<\/li>\n\n\n\n<li>\u0113\u0161anas trauc\u0113jumi.<\/li>\n\n\n\n<li>Darbs ar person\u012bbas iez\u012bm\u0113m.<\/li>\n\n\n\n<li>Atbalsts sieviet\u0113m p\u0113c vardarb\u012bbas.<\/li>\n\n\n\n<li>Atbalsts pusaud\u017eiem ar da\u017e\u0101diem gar\u012bg\u0101s vesel\u012bbas riskiem un gr\u016bt\u012bb\u0101m.<\/li>\n<\/ol>\n\n\n\n<div style=\"height:21px\" aria-hidden=\"true\" class=\"wp-block-spacer\"><\/div>\n\n\n\n<div class=\"wp-block-buttons is-layout-flex wp-block-buttons-is-layout-flex\">\n<div class=\"wp-block-button has-custom-width wp-block-button__width-100\"><a class=\"wp-block-button__link has-background wp-element-button\" style=\"background-color:#f0a286\"><strong>M\u0113r\u0137a grupa<\/strong><\/a><\/div>\n<\/div>\n\n\n\n<div style=\"height:21px\" aria-hidden=\"true\" class=\"wp-block-spacer\"><\/div>\n\n\n\n<ol class=\"wp-block-list\">\n<li>Pieaugu\u0161ie;<\/li>\n\n\n\n<li>pusaud\u017ei;<\/li>\n\n\n\n<li>b\u0113rniem (no 7 gadu vecuma);<\/li>\n\n\n\n<li> b\u0113rnu un pusaud\u017eu vec\u0101kiem.<\/li>\n<\/ol>\n\n\n\n<div style=\"height:21px\" aria-hidden=\"true\" class=\"wp-block-spacer\"><\/div>\n<\/div><\/div>\n<\/div>\n<\/div>\n\n\n\n<hr class=\"wp-block-separator has-alpha-channel-opacity\"\/>\n\n\n\n<h3 class=\"wp-block-heading\">Re\u0123istr\u0113jieties<\/h3>\n\n\n\n<div class=\"wp-block-jetpack-payment-buttons is-layout-flex wp-block-jetpack-payment-buttons-is-layout-flex\">\n<div class=\"wp-block-jetpack-recurring-payments wp-block-button\" style=\"width:calc(100% - var(--jetpack-payment-buttons-gap, 0) * 0)\"><div class=\"wp-block-jetpack-button wp-block-button\"><a class=\"wp-block-button__link\" data-id-attr=\"recurring-payments-5128\" id=\"recurring-payments-5128\" href=\"https:\/\/subscribe.wordpress.com\/memberships\/?blog=238649384&amp;plan=5128&amp;lang=lv&amp;pid=4971&amp;redirect=https%3A%2F%2Fzabota.eu%2Flv%2Fwp-json%2Fwp%2Fv2%2Fpages%2F4971\" target=\"_blank\" role=\"button\" rel=\"noopener noreferrer\" data-wp-class--is-submitting=\"state.isSubmitting\" data-wp-bind--aria-disabled=\"state.isAriaDisabled\">Individu\u0101las konsult\u0101cijas<span class=\"spinner\" aria-hidden=\"true\"><span class=\"is-visually-hidden\">Submitting form<\/span><\/span><\/a><\/div><\/div>\n<\/div>\n\n\n<div class=\"webba_booking_form_v6\" data-service=\"0\"\n    data-category-list=\"no\" data-category=\"10\"\n    data-multiservice=\"\" ><\/div>\n    \n\n\n\n<div style=\"height:20px\" aria-hidden=\"true\" class=\"wp-block-spacer\"><\/div>","protected":false},"excerpt":{"rendered":"<p>\u041a\u0430\u043c\u0438\u043b\u043b\u0430 \u041b\u0435\u043b\u0435 \u0414\u043e\u0431\u0440\u043e \u043f\u043e\u0436\u0430\u043b\u043e\u0432\u0430\u0442\u044c! \u042f \u2014 \u043f\u0441\u0438\u0445\u043e\u043b\u043e\u0433, \u0441\u0435\u0440\u0442\u0438\u0444\u0438\u0446\u0438\u0440\u043e\u0432\u0430\u043d\u043d\u044b\u0439 \u0441\u043f\u0435\u0446\u0438\u0430\u043b\u0438\u0441\u0442 \u043f\u043e \u043a\u043e\u0433\u043d\u0438\u0442\u0438\u0432\u043d\u043e-\u043f\u043e\u0432\u0435\u0434\u0435\u043d\u0447\u0435\u0441\u043a\u043e\u0439 \u0442\u0435\u0440\u0430\u043f\u0438\u0438 (ODYSSEA International CBT Institute), \u043f\u0440\u0435\u0434\u043b\u0430\u0433\u0430\u044e \u043f\u0440\u043e\u0444\u0435\u0441\u0441\u0438\u043e\u043d\u0430\u043b\u044c\u043d\u0443\u044e \u043f\u043e\u0434\u0434\u0435\u0440\u0436\u043a\u0443 \u0438 \u044d\u0444\u0444\u0435\u043a\u0442\u0438\u0432\u043d\u044b\u0435 \u0440\u0435\u0448\u0435\u043d\u0438\u044f \u0434\u043b\u044f \u0440\u0430\u0437\u043b\u0438\u0447\u043d\u044b\u0445 \u043f\u0441\u0438\u0445\u043e\u043b\u043e\u0433\u0438\u0447\u0435\u0441\u043a\u0438\u0445 \u043f\u0440\u043e\u0431\u043b\u0435\u043c. \u0412 \u0441\u0432\u043e\u0435\u0439 \u0440\u0430\u0431\u043e\u0442\u0435 \u044f \u043f\u0440\u0438\u0434\u0435\u0440\u0436\u0438\u0432\u0430\u044e\u0441\u044c \u0438\u043d\u0434\u0438\u0432\u0438\u0434\u0443\u0430\u043b\u044c\u043d\u043e\u0433\u043e \u043f\u043e\u0434\u0445\u043e\u0434\u0430, \u0443\u0447\u0438\u0442\u044b\u0432\u0430\u044f \u0443\u043d\u0438\u043a\u0430\u043b\u044c\u043d\u044b\u0435 \u0442\u0440\u0443\u0434\u043d\u043e\u0441\u0442\u0438 \u0438 \u043f\u043e\u0442\u0440\u0435\u0431\u043d\u043e\u0441\u0442\u0438 \u043a\u0430\u0436\u0434\u043e\u0433\u043e \u043a\u043b\u0438\u0435\u043d\u0442\u0430. \u041a\u043e\u0433\u043d\u0438\u0442\u0438\u0432\u043d\u043e-\u043f\u043e\u0432\u0435\u0434\u0435\u043d\u0447\u0435\u0441\u043a\u0430\u044f \u0442\u0435\u0440\u0430\u043f\u0438\u0438 (\u041a\u041f\u0422), \u0421\u0445\u0435\u043c\u0430 \u2013 \u0442\u0435\u0440\u0430\u043f\u0438\u044f, ACT (\u0442\u0435\u0440\u0430\u043f\u0438\u0438 \u043f\u0440\u0438\u043d\u044f\u0442\u0438\u044f \u0438 \u043e\u0442\u0432\u0435\u0442\u0441\u0442\u0432\u0435\u043d\u043d\u043e\u0441\u0442\u0438), \u0442\u0435\u0445\u043d\u0438\u043a\u0438 DBT (\u0434\u0438\u0430\u043b\u0435\u043a\u0442\u0438\u0447\u0435\u0441\u043a\u043e\u0439 \u043f\u043e\u0432\u0435\u0434\u0435\u043d\u0447\u0435\u0441\u043a\u043e\u0439 [&hellip;]<\/p>","protected":false},"author":1,"featured_media":0,"parent":0,"menu_order":0,"comment_status":"closed","ping_status":"closed","template":"","meta":{"_acf_changed":false,"om_disable_all_campaigns":false,"_uf_show_specific_survey":0,"_uf_disable_surveys":false,"footnotes":""},"class_list":["post-4971","page","type-page","status-publish","hentry"],"acf":[],"aioseo_notices":[],"jetpack_sharing_enabled":true,"_links":{"self":[{"href":"https:\/\/zabota.eu\/lv\/wp-json\/wp\/v2\/pages\/4971","targetHints":{"allow":["GET"]}}],"collection":[{"href":"https:\/\/zabota.eu\/lv\/wp-json\/wp\/v2\/pages"}],"about":[{"href":"https:\/\/zabota.eu\/lv\/wp-json\/wp\/v2\/types\/page"}],"author":[{"embeddable":true,"href":"https:\/\/zabota.eu\/lv\/wp-json\/wp\/v2\/users\/1"}],"replies":[{"embeddable":true,"href":"https:\/\/zabota.eu\/lv\/wp-json\/wp\/v2\/comments?post=4971"}],"version-history":[{"count":11,"href":"https:\/\/zabota.eu\/lv\/wp-json\/wp\/v2\/pages\/4971\/revisions"}],"predecessor-version":[{"id":5520,"href":"https:\/\/zabota.eu\/lv\/wp-json\/wp\/v2\/pages\/4971\/revisions\/5520"}],"wp:attachment":[{"href":"https:\/\/zabota.eu\/lv\/wp-json\/wp\/v2\/media?parent=4971"}],"curies":[{"name":"wp","href":"https:\/\/api.w.org\/{rel}","templated":true}]}}