{"id":4395,"date":"2024-10-04T18:29:17","date_gmt":"2024-10-04T18:29:17","guid":{"rendered":"https:\/\/psytalk.eu\/?page_id=4395"},"modified":"2025-02-01T00:57:28","modified_gmt":"2025-01-31T21:57:28","slug":"sharaveva-olesya","status":"publish","type":"page","link":"https:\/\/zabota.eu\/lv\/sharaveva-olesya\/","title":{"rendered":"\u0428\u0430\u0440\u0430\u0432\u044c\u0435\u0432\u0430 \u041e\u043b\u0435\u0441\u044f"},"content":{"rendered":"<div style=\"height:0px\" aria-hidden=\"true\" class=\"wp-block-spacer\"><\/div>\n\n\n\n\n\n\n\n<figure class=\"wp-block-image size-full is-resized\"><img fetchpriority=\"high\" decoding=\"async\" width=\"1138\" height=\"1240\" src=\"https:\/\/zabota.eu\/wp-content\/uploads\/2024\/10\/screenshot-2024-10-04-at-21.28.27.png\" alt=\"\" class=\"wp-image-4396\" style=\"width:383px;height:auto\" srcset=\"https:\/\/zabota.eu\/wp-content\/uploads\/2024\/10\/screenshot-2024-10-04-at-21.28.27.png 1138w, https:\/\/zabota.eu\/wp-content\/uploads\/2024\/10\/screenshot-2024-10-04-at-21.28.27-275x300.png 275w, https:\/\/zabota.eu\/wp-content\/uploads\/2024\/10\/screenshot-2024-10-04-at-21.28.27-940x1024.png 940w, https:\/\/zabota.eu\/wp-content\/uploads\/2024\/10\/screenshot-2024-10-04-at-21.28.27-768x837.png 768w\" sizes=\"(max-width: 1138px) 100vw, 1138px\" \/><\/figure>\n\n\n\n<div class=\"wp-block-file\"><a id=\"wp-block-file--media-155e70a3-bf42-4957-81f5-9396400b7361\" href=\"https:\/\/zabota.eu\/wp-content\/uploads\/2024\/10\/olesya.mp4\"><strong>Video sveiciens &gt;<\/strong><\/a><\/div>\n\n\n\n<h2 class=\"wp-block-heading\"><br><sup>O\u013cesja \u0160aravjeva<\/sup><\/h2>\n\n\n\n<hr class=\"wp-block-separator has-alpha-channel-opacity\"\/>\n\n\n\n<div class=\"wp-block-group\"><div class=\"wp-block-group__inner-container is-layout-constrained wp-block-group-is-layout-constrained\">\n<div class=\"wp-block-group\"><div class=\"wp-block-group__inner-container is-layout-constrained wp-block-group-is-layout-constrained\">\n<div class=\"wp-block-group is-vertical is-layout-flex wp-container-core-group-is-layout-8cf370e7 wp-block-group-is-layout-flex\">\n<div class=\"wp-block-group\"><div class=\"wp-block-group__inner-container is-layout-constrained wp-block-group-is-layout-constrained\">\n<p>Laipni l\u016bdzam! <\/p>\n\n\n\n<div class=\"wp-block-group is-vertical is-layout-flex wp-container-core-group-is-layout-8cf370e7 wp-block-group-is-layout-flex\">\n<div style=\"height:0px\" aria-hidden=\"true\" class=\"wp-block-spacer wp-container-content-a94db315\"><\/div>\n<\/div>\n\n\n\n<div class=\"wp-block-group\"><div class=\"wp-block-group__inner-container is-layout-constrained wp-block-group-is-layout-constrained\">\n<div class=\"wp-block-buttons is-layout-flex wp-block-buttons-is-layout-flex\">\n<div class=\"wp-block-button has-custom-width wp-block-button__width-100 is-style-outline is-style-outline--1\"><a class=\"wp-block-button__link has-white-color has-text-color has-background has-link-color wp-element-button\" style=\"background-color:#f0a286\"><strong>Par mani<\/strong><\/a><\/div>\n<\/div>\n\n\n\n<div class=\"wp-block-group is-vertical is-layout-flex wp-container-core-group-is-layout-8cf370e7 wp-block-group-is-layout-flex\">\n<div style=\"height:0px\" aria-hidden=\"true\" class=\"wp-block-spacer wp-container-content-a94db315\"><\/div>\n<\/div>\n\n\n\n<p>Es ticu atkl\u0101tas sazi\u0146as sp\u0113kam un pal\u012bdzu cilv\u0113kiem ar da\u017e\u0101d\u0101m vajadz\u012bb\u0101m. Konsult\u0101ciju sesij\u0101s m\u0113s kop\u012bgi str\u0101d\u0101jam ar emocij\u0101m un dom\u0101m un apg\u016bstam kognit\u012bvi uzved\u012bbas terapijas (KBT) pa\u0146\u0113mienus, lai j\u016bs var\u0113tu tikt gal\u0101 pats. Mans m\u0113r\u0137is ir att\u012bst\u012bt j\u016bsu p\u0101rliec\u012bbu un neatkar\u012bbu.<\/p>\n\n\n\n<div class=\"wp-block-group is-vertical is-layout-flex wp-container-core-group-is-layout-8cf370e7 wp-block-group-is-layout-flex\">\n<div style=\"height:0px\" aria-hidden=\"true\" class=\"wp-block-spacer wp-container-content-a94db315\"><\/div>\n<\/div>\n\n\n\n<div class=\"wp-block-group\"><div class=\"wp-block-group__inner-container is-layout-constrained wp-block-group-is-layout-constrained\">\n<div class=\"wp-block-buttons is-layout-flex wp-block-buttons-is-layout-flex\">\n<div class=\"wp-block-button has-custom-width wp-block-button__width-100 is-style-outline is-style-outline--2\"><a class=\"wp-block-button__link has-white-color has-text-color has-background has-link-color wp-element-button\" style=\"background-color:#f0a286\"><strong>Piepras\u012bjumi, ar kuriem es str\u0101d\u0101ju<\/strong><\/a><\/div>\n<\/div>\n\n\n\n<div class=\"wp-block-group\"><div class=\"wp-block-group__inner-container is-layout-constrained wp-block-group-is-layout-constrained\">\n<div style=\"height:18px\" aria-hidden=\"true\" class=\"wp-block-spacer\"><\/div>\n\n\n\n<ol class=\"wp-block-list\">\n<li>P\u0101rcel\u0161an\u0101s sagatavo\u0161ana un piel\u0101go\u0161an\u0101s.<\/li>\n\n\n\n<li>Attiec\u012bbas ar partneri, b\u0113rnu, vec\u0101ko paaudzi.<\/li>\n\n\n\n<li>Pa\u0161cie\u0146a.<\/li>\n\n\n\n<li>Ierobe\u017eojo\u0161i uzskati.<\/li>\n\n\n\n<li>Pa\u0161realiz\u0101cija.<\/li>\n\n\n\n<li>V\u0113rt\u012bbas, v\u0113lmes, vajadz\u012bbas, m\u0113r\u0137i.<\/li>\n\n\n\n<li>Izv\u0113lei ir noz\u012bme.<\/li>\n\n\n\n<li>Trauksmes st\u0101vok\u013ci un daudz kas cits.<\/li>\n<\/ol>\n<\/div><\/div>\n\n\n\n<blockquote class=\"wp-block-quote is-layout-flow wp-block-quote-is-layout-flow\">\n<div style=\"height:12px\" aria-hidden=\"true\" class=\"wp-block-spacer\"><\/div>\n<\/blockquote>\n<\/div><\/div>\n<\/div><\/div>\n<\/div><\/div>\n<\/div>\n\n\n\n<div class=\"wp-block-buttons is-layout-flex wp-block-buttons-is-layout-flex\">\n<div class=\"wp-block-button has-custom-width wp-block-button__width-100\"><a class=\"wp-block-button__link has-background wp-element-button\" style=\"background-color:#f0a286\"><strong>Es nestr\u0101d\u0101ju<\/strong><\/a><\/div>\n<\/div>\n\n\n\n<div class=\"wp-block-group is-vertical is-layout-flex wp-container-core-group-is-layout-8cf370e7 wp-block-group-is-layout-flex\">\n<div style=\"height:0px\" aria-hidden=\"true\" class=\"wp-block-spacer wp-container-content-a94db315\"><\/div>\n<\/div>\n\n\n\n<ol class=\"wp-block-list\">\n<li> Ar atkar\u012bb\u0101m.<\/li>\n\n\n\n<li>ar person\u0101m, kas jaun\u0101kas par 18 gadiem.<\/li>\n<\/ol>\n\n\n\n<div class=\"wp-block-group is-vertical is-layout-flex wp-container-core-group-is-layout-8cf370e7 wp-block-group-is-layout-flex\">\n<div style=\"height:0px\" aria-hidden=\"true\" class=\"wp-block-spacer wp-container-content-a94db315\"><\/div>\n<\/div>\n<\/div><\/div>\n<\/div><\/div>\n\n\n\n<hr class=\"wp-block-separator has-alpha-channel-opacity\"\/>\n\n\n\n<h3 class=\"wp-block-heading\">Re\u0123istr\u0113jieties<\/h3>\n\n\n<div class=\"webba_booking_form_v6\" data-service=\"15\"\n    data-category-list=\"no\" data-category=\"0\"\n    data-multiservice=\"\" ><\/div>","protected":false},"excerpt":{"rendered":"<p>\u041e\u043b\u0435\u0441\u044f \u0428\u0430\u0440\u0430\u0432\u044c\u0435\u0432\u0430 \u0414\u043e\u0431\u0440\u043e \u043f\u043e\u0436\u0430\u043b\u043e\u0432\u0430\u0442\u044c! \u0412\u0435\u0440\u044e \u0432 \u0441\u0438\u043b\u0443 \u043e\u0442\u043a\u0440\u044b\u0442\u043e\u0433\u043e \u0432\u0437\u0430\u0438\u043c\u043e\u0434\u0435\u0439\u0441\u0442\u0432\u0438\u044f \u0438 \u043f\u043e\u043c\u043e\u0433\u0430\u044e \u043b\u044e\u0434\u044f\u043c \u0441 \u0440\u0430\u0437\u043d\u044b\u043c\u0438 \u0437\u0430\u043f\u0440\u043e\u0441\u0430\u043c\u0438. \u041d\u0430 \u043a\u043e\u043d\u0441\u0443\u043b\u044c\u0442\u0430\u0446\u0438\u044f\u0445 \u043c\u044b \u0432\u043c\u0435\u0441\u0442\u0435 \u0440\u0430\u0437\u0431\u0438\u0440\u0430\u0435\u043c\u0441\u044f \u0441 \u044d\u043c\u043e\u0446\u0438\u044f\u043c\u0438 \u0438 \u043c\u044b\u0441\u043b\u044f\u043c\u0438, \u0430 \u0442\u0430\u043a\u0436\u0435 \u043e\u0431\u0443\u0447\u0430\u0435\u043c\u0441\u044f \u0442\u0435\u0445\u043d\u0438\u043a\u0430\u043c \u043a\u043e\u0433\u043d\u0438\u0442\u0438\u0432\u043d\u043e-\u043f\u043e\u0432\u0435\u0434\u0435\u043d\u0447\u0435\u0441\u043a\u043e\u0439 \u0442\u0435\u0440\u0430\u043f\u0438\u0438 (\u041a\u041f\u0422), \u0447\u0442\u043e\u0431\u044b \u0432\u044b \u043c\u043e\u0433\u043b\u0438 \u0441\u043f\u0440\u0430\u0432\u043b\u044f\u0442\u044c\u0441\u044f \u0441 \u0442\u0440\u0443\u0434\u043d\u043e\u0441\u0442\u044f\u043c\u0438 \u0441\u0430\u043c\u043e\u0441\u0442\u043e\u044f\u0442\u0435\u043b\u044c\u043d\u043e. \u041c\u043e\u044f \u0446\u0435\u043b\u044c \u2014 \u0440\u0430\u0437\u0432\u0438\u0442\u0438\u0435 \u0432\u0430\u0448\u0435\u0439 \u0443\u0432\u0435\u0440\u0435\u043d\u043d\u043e\u0441\u0442\u0438 \u0438 \u043d\u0435\u0437\u0430\u0432\u0438\u0441\u0438\u043c\u043e\u0441\u0442\u0438. \u0417\u0430\u043f\u0438\u0441\u0430\u0442\u044c\u0441\u044f<\/p>","protected":false},"author":1,"featured_media":0,"parent":0,"menu_order":0,"comment_status":"closed","ping_status":"closed","template":"","meta":{"_acf_changed":false,"om_disable_all_campaigns":false,"_uf_show_specific_survey":0,"_uf_disable_surveys":false,"footnotes":""},"class_list":["post-4395","page","type-page","status-publish","hentry"],"acf":[],"aioseo_notices":[],"jetpack_sharing_enabled":true,"_links":{"self":[{"href":"https:\/\/zabota.eu\/lv\/wp-json\/wp\/v2\/pages\/4395","targetHints":{"allow":["GET"]}}],"collection":[{"href":"https:\/\/zabota.eu\/lv\/wp-json\/wp\/v2\/pages"}],"about":[{"href":"https:\/\/zabota.eu\/lv\/wp-json\/wp\/v2\/types\/page"}],"author":[{"embeddable":true,"href":"https:\/\/zabota.eu\/lv\/wp-json\/wp\/v2\/users\/1"}],"replies":[{"embeddable":true,"href":"https:\/\/zabota.eu\/lv\/wp-json\/wp\/v2\/comments?post=4395"}],"version-history":[{"count":8,"href":"https:\/\/zabota.eu\/lv\/wp-json\/wp\/v2\/pages\/4395\/revisions"}],"predecessor-version":[{"id":5526,"href":"https:\/\/zabota.eu\/lv\/wp-json\/wp\/v2\/pages\/4395\/revisions\/5526"}],"wp:attachment":[{"href":"https:\/\/zabota.eu\/lv\/wp-json\/wp\/v2\/media?parent=4395"}],"curies":[{"name":"wp","href":"https:\/\/api.w.org\/{rel}","templated":true}]}}