{"id":4358,"date":"2024-10-04T16:00:26","date_gmt":"2024-10-04T16:00:26","guid":{"rendered":"https:\/\/psytalk.eu\/?page_id=4358"},"modified":"2025-02-01T00:59:06","modified_gmt":"2025-01-31T21:59:06","slug":"subbotina-kseniya","status":"publish","type":"page","link":"https:\/\/zabota.eu\/lv\/subbotina-kseniya\/","title":{"rendered":"\u0421\u0443\u0431\u0431\u043e\u0442\u0438\u043d\u0430 \u041a\u0441\u0435\u043d\u0438\u044f"},"content":{"rendered":"<div style=\"height:0px\" aria-hidden=\"true\" class=\"wp-block-spacer\"><\/div>\n\n\n\n\n\n\n\n<figure class=\"wp-block-image size-full is-resized\"><img fetchpriority=\"high\" decoding=\"async\" width=\"682\" height=\"708\" src=\"https:\/\/zabota.eu\/wp-content\/uploads\/2024\/10\/screenshot-2024-10-04-at-18.21.19.png\" alt=\"\" class=\"wp-image-4359\" style=\"width:369px;height:auto\" srcset=\"https:\/\/zabota.eu\/wp-content\/uploads\/2024\/10\/screenshot-2024-10-04-at-18.21.19.png 682w, https:\/\/zabota.eu\/wp-content\/uploads\/2024\/10\/screenshot-2024-10-04-at-18.21.19-289x300.png 289w\" sizes=\"(max-width: 682px) 100vw, 682px\" \/><\/figure>\n\n\n\n<div class=\"wp-block-file\"><a id=\"wp-block-file--media-50535175-190e-4bcd-9926-8f48051ffef2\" href=\"https:\/\/zabota.eu\/wp-content\/uploads\/2024\/10\/brown-and-cream-playful-illustration-relationship-tips-instagram-post-carousel.mp4\"><strong>Video sveiciens &gt;<\/strong><\/a><\/div>\n\n\n\n<h2 class=\"wp-block-heading\"><br><sup>Ksenija Subbotina<\/sup><\/h2>\n\n\n\n<hr class=\"wp-block-separator has-alpha-channel-opacity\"\/>\n\n\n\n<div class=\"wp-block-group\"><div class=\"wp-block-group__inner-container is-layout-constrained wp-block-group-is-layout-constrained\">\n<div class=\"wp-block-group\"><div class=\"wp-block-group__inner-container is-layout-constrained wp-block-group-is-layout-constrained\">\n<div class=\"wp-block-group is-vertical is-layout-flex wp-container-core-group-is-layout-8cf370e7 wp-block-group-is-layout-flex\">\n<div class=\"wp-block-group\"><div class=\"wp-block-group__inner-container is-layout-constrained wp-block-group-is-layout-constrained\">\n<p>Laipni l\u016bdzam! <\/p>\n\n\n\n<div style=\"height:18px\" aria-hidden=\"true\" class=\"wp-block-spacer\"><\/div>\n\n\n\n<div class=\"wp-block-group\"><div class=\"wp-block-group__inner-container is-layout-constrained wp-block-group-is-layout-constrained\">\n<div class=\"wp-block-buttons is-layout-flex wp-block-buttons-is-layout-flex\">\n<div class=\"wp-block-button has-custom-width wp-block-button__width-100 is-style-outline is-style-outline--1\"><a class=\"wp-block-button__link has-white-color has-text-color has-background has-link-color wp-element-button\" style=\"background-color:#f0a286\"><strong>Par mani<\/strong><\/a><\/div>\n<\/div>\n\n\n\n<div style=\"height:18px\" aria-hidden=\"true\" class=\"wp-block-spacer\"><\/div>\n\n\n\n<p>Mani sauc Ksenija. Esmu praktiz\u0113jo\u0161a psiholo\u0123e, psihoterapeite, str\u0101d\u0101ju p\u0113c psihoanal\u012btisk\u0101s metodes, stingri iev\u0113rojot profesion\u0101lo \u0113tiku. Es str\u0101d\u0101ju ar pusaud\u017eiem no 14 gadu vecuma.<\/p>\n\n\n\n<div style=\"height:18px\" aria-hidden=\"true\" class=\"wp-block-spacer\"><\/div>\n\n\n\n<div class=\"wp-block-group\"><div class=\"wp-block-group__inner-container is-layout-constrained wp-block-group-is-layout-constrained\">\n<div class=\"wp-block-buttons is-layout-flex wp-block-buttons-is-layout-flex\">\n<div class=\"wp-block-button has-custom-width wp-block-button__width-100 is-style-outline is-style-outline--2\"><a class=\"wp-block-button__link has-white-color has-text-color has-background has-link-color wp-element-button\" style=\"background-color:#f0a286\"><strong>Piepras\u012bjumi, ar kuriem es str\u0101d\u0101ju<\/strong><\/a><\/div>\n<\/div>\n\n\n\n<div class=\"wp-block-group\"><div class=\"wp-block-group__inner-container is-layout-constrained wp-block-group-is-layout-constrained\">\n<div style=\"height:18px\" aria-hidden=\"true\" class=\"wp-block-spacer\"><\/div>\n\n\n\n<ol class=\"wp-block-list\">\n<li><strong>Sare\u017e\u0123\u012bti emocion\u0101li st\u0101vok\u013ci:<\/strong> Trauksme, dusmas, agresija, ilgas, bezpal\u012bdz\u012bba, bailes, kauns, vainas apzi\u0146a, skumjas, depresija, nom\u0101kt\u012bba.<\/li>\n\n\n\n<li><strong>Gr\u016bt\u012bbas attiec\u012bb\u0101s ar partneri:<\/strong> Greizsird\u012bba, kr\u0101p\u0161ana, atk\u0101rtojo\u0161ies scen\u0101riji, aizvainojums, \u0161\u0137ir\u0161an\u0101s, s\u0101p\u012bgas piesaistes, komunik\u0101cijas probl\u0113mas.<\/li>\n\n\n\n<li><strong>Probl\u0113mas b\u0113rnu un vec\u0101ku attiec\u012bb\u0101s, traumatiska pieredze.<\/strong><\/li>\n\n\n\n<li><strong>Gr\u016bt\u012bbas dz\u012bves posmos:<\/strong> vecuma kr\u012bzes, studiju beig\u0161ana, darba mai\u0146a, emigr\u0101cija u. c.<\/li>\n\n\n\n<li><strong>Zaud\u0113juma pieredze.<\/strong><\/li>\n\n\n\n<li><strong>Tr\u016bkuma saj\u016bta:<\/strong> M\u012blest\u012bba, prieks, pan\u0101kumi, vitalit\u0101te, dz\u012bves j\u0113ga utt.<\/li>\n\n\n\n<li><strong>Stingras pras\u012bbas pret sevi un citiem, neapmierin\u0101t\u012bba ar sevi.<\/strong><\/li>\n\n\n\n<li><strong>Pa\u0161sakrop\u013co\u0161an\u0101s, pa\u0161sakrop\u013co\u0161an\u0101s.<\/strong><\/li>\n<\/ol>\n<\/div><\/div>\n\n\n\n<blockquote class=\"wp-block-quote is-layout-flow wp-block-quote-is-layout-flow\">\n<div style=\"height:12px\" aria-hidden=\"true\" class=\"wp-block-spacer\"><\/div>\n<\/blockquote>\n<\/div><\/div>\n<\/div><\/div>\n\n\n\n<p><strong>Ir svar\u012bgi atz\u012bm\u0113t, ka pie manis varat n\u0101kt ar\u012b bez skaidra jaut\u0101juma, bet ar v\u0113lmi saprast sevi vai sa\u0146emt pal\u012bdz\u012bbu.<\/strong><\/p>\n<\/div><\/div>\n\n\n\n<div style=\"height:0px\" aria-hidden=\"true\" class=\"wp-block-spacer wp-container-content-a94db315\"><\/div>\n<\/div>\n<\/div><\/div>\n<\/div><\/div>\n\n\n\n<hr class=\"wp-block-separator has-alpha-channel-opacity\"\/>\n\n\n\n<h3 class=\"wp-block-heading\">Re\u0123istr\u0113jieties<\/h3>\n\n\n<div class=\"webba_booking_form_v6\" data-service=\"19\"\n    data-category-list=\"no\" data-category=\"0\"\n    data-multiservice=\"\" ><\/div>","protected":false},"excerpt":{"rendered":"<p>\u041a\u0441\u0435\u043d\u0438\u044f \u0421\u0443\u0431\u0431\u043e\u0442\u0438\u043d\u0430 \u0414\u043e\u0431\u0440\u043e \u043f\u043e\u0436\u0430\u043b\u043e\u0432\u0430\u0442\u044c! \u041c\u0435\u043d\u044f \u0437\u043e\u0432\u0443\u0442 \u041a\u0441\u0435\u043d\u0438\u044f. \u042f \u043f\u0440\u0430\u043a\u0442\u0438\u043a\u0443\u044e\u0449\u0438\u0439 \u043f\u0441\u0438\u0445\u043e\u043b\u043e\u0433, \u043f\u0441\u0438\u0445\u043e\u0442\u0435\u0440\u0430\u043f\u0435\u0432\u0442, \u0440\u0430\u0431\u043e\u0442\u0430\u044e \u0432 \u043f\u0441\u0438\u0445\u043e\u0430\u043d\u0430\u043b\u0438\u0442\u0438\u0447\u0435\u0441\u043a\u043e\u043c \u043c\u0435\u0442\u043e\u0434\u0435, \u0441\u0442\u0440\u043e\u0433\u043e \u0441\u043e\u0431\u043b\u044e\u0434\u0430\u044f \u043f\u0440\u043e\u0444\u0435\u0441\u0441\u0438\u043e\u043d\u0430\u043b\u044c\u043d\u0443\u044e \u044d\u0442\u0438\u043a\u0443. \u0420\u0430\u0431\u043e\u0442\u0430\u044e \u0441 \u043f\u043e\u0434\u0440\u043e\u0441\u0442\u043a\u0430\u043c\u0438 \u043e\u0442 14 \u043b\u0435\u0442. \u0412\u0430\u0436\u043d\u043e \u043e\u0442\u043c\u0435\u0442\u0438\u0442\u044c, \u0447\u0442\u043e \u0432\u044b \u043c\u043e\u0436\u0435\u0442\u0435 \u043f\u0440\u0438\u0439\u0442\u0438 \u043a\u043e \u043c\u043d\u0435 \u0434\u0430\u0436\u0435 \u0431\u0435\u0437 \u0447\u0451\u0442\u043a\u043e\u0433\u043e \u0437\u0430\u043f\u0440\u043e\u0441\u0430, \u043d\u043e \u0441 \u0436\u0435\u043b\u0430\u043d\u0438\u0435\u043c \u0440\u0430\u0437\u043e\u0431\u0440\u0430\u0442\u044c\u0441\u044f \u0432 \u0441\u0435\u0431\u0435 \u0438\u043b\u0438 \u043f\u043e\u043b\u0443\u0447\u0438\u0442\u044c \u043f\u043e\u043c\u043e\u0449\u044c. \u0417\u0430\u043f\u0438\u0441\u0430\u0442\u044c\u0441\u044f<\/p>","protected":false},"author":1,"featured_media":0,"parent":0,"menu_order":0,"comment_status":"closed","ping_status":"closed","template":"","meta":{"_acf_changed":false,"om_disable_all_campaigns":false,"_uf_show_specific_survey":0,"_uf_disable_surveys":false,"footnotes":""},"class_list":["post-4358","page","type-page","status-publish","hentry"],"acf":[],"aioseo_notices":[],"jetpack_sharing_enabled":true,"_links":{"self":[{"href":"https:\/\/zabota.eu\/lv\/wp-json\/wp\/v2\/pages\/4358","targetHints":{"allow":["GET"]}}],"collection":[{"href":"https:\/\/zabota.eu\/lv\/wp-json\/wp\/v2\/pages"}],"about":[{"href":"https:\/\/zabota.eu\/lv\/wp-json\/wp\/v2\/types\/page"}],"author":[{"embeddable":true,"href":"https:\/\/zabota.eu\/lv\/wp-json\/wp\/v2\/users\/1"}],"replies":[{"embeddable":true,"href":"https:\/\/zabota.eu\/lv\/wp-json\/wp\/v2\/comments?post=4358"}],"version-history":[{"count":4,"href":"https:\/\/zabota.eu\/lv\/wp-json\/wp\/v2\/pages\/4358\/revisions"}],"predecessor-version":[{"id":5528,"href":"https:\/\/zabota.eu\/lv\/wp-json\/wp\/v2\/pages\/4358\/revisions\/5528"}],"wp:attachment":[{"href":"https:\/\/zabota.eu\/lv\/wp-json\/wp\/v2\/media?parent=4358"}],"curies":[{"name":"wp","href":"https:\/\/api.w.org\/{rel}","templated":true}]}}