{"id":4345,"date":"2024-09-29T13:31:23","date_gmt":"2024-09-29T13:31:23","guid":{"rendered":"https:\/\/psytalk.eu\/?page_id=4345"},"modified":"2025-01-31T01:25:47","modified_gmt":"2025-01-30T22:25:47","slug":"elena-karlova","status":"publish","type":"page","link":"https:\/\/zabota.eu\/lv\/elena-karlova\/","title":{"rendered":"\u041a\u0430\u043a \u042d\u043a\u0437\u0438\u0441\u0442\u0435\u043d\u0446\u0438\u0430\u043b\u044c\u043d\u0430\u044f \u0422\u0435\u0440\u0430\u043f\u0438\u044f \u041f\u043e\u043c\u043e\u0433\u0430\u0435\u0442 \u0421\u043f\u0440\u0430\u0432\u0438\u0442\u044c\u0441\u044f \u0441 \u0414\u0435\u043f\u0440\u0435\u0441\u0441\u0438\u0435\u0439"},"content":{"rendered":"<div style=\"height:0px\" aria-hidden=\"true\" class=\"wp-block-spacer\"><\/div>\n\n\n\n\n\n\n\n<figure class=\"wp-block-image size-full is-resized\"><img fetchpriority=\"high\" decoding=\"async\" width=\"948\" height=\"1024\" src=\"https:\/\/zabota.eu\/wp-content\/uploads\/2024\/09\/screenshot-2024-09-29-at-16.21.43.png\" alt=\"\" class=\"wp-image-4347\" style=\"width:405px;height:auto\" srcset=\"https:\/\/zabota.eu\/wp-content\/uploads\/2024\/09\/screenshot-2024-09-29-at-16.21.43.png 948w, https:\/\/zabota.eu\/wp-content\/uploads\/2024\/09\/screenshot-2024-09-29-at-16.21.43-278x300.png 278w, https:\/\/zabota.eu\/wp-content\/uploads\/2024\/09\/screenshot-2024-09-29-at-16.21.43-768x830.png 768w\" sizes=\"(max-width: 948px) 100vw, 948px\" \/><\/figure>\n\n\n\n<div class=\"wp-block-file\"><a id=\"wp-block-file--media-2aea5fb5-a356-4eac-ae22-d859bdaec749\" href=\"https:\/\/zabota.eu\/wp-content\/uploads\/2024\/09\/elena-karlova.mp4\"><strong>Video sveiciens &gt;<\/strong><\/a><\/div>\n\n\n\n<h2 class=\"wp-block-heading\"><br><sup>Elena Karlova<\/sup><\/h2>\n\n\n\n<hr class=\"wp-block-separator has-alpha-channel-opacity\"\/>\n\n\n\n<div class=\"wp-block-group\"><div class=\"wp-block-group__inner-container is-layout-constrained wp-block-group-is-layout-constrained\">\n<div class=\"wp-block-group\"><div class=\"wp-block-group__inner-container is-layout-constrained wp-block-group-is-layout-constrained\">\n<div class=\"wp-block-group is-vertical is-layout-flex wp-container-core-group-is-layout-8cf370e7 wp-block-group-is-layout-flex\">\n<div class=\"wp-block-group\"><div class=\"wp-block-group__inner-container is-layout-constrained wp-block-group-is-layout-constrained\">\n<p>Laipni l\u016bdzam! <\/p>\n\n\n\n<div style=\"height:12px\" aria-hidden=\"true\" class=\"wp-block-spacer\"><\/div>\n\n\n\n<div class=\"wp-block-group\"><div class=\"wp-block-group__inner-container is-layout-constrained wp-block-group-is-layout-constrained\">\n<div class=\"wp-block-buttons is-layout-flex wp-block-buttons-is-layout-flex\">\n<div class=\"wp-block-button has-custom-width wp-block-button__width-100 is-style-outline is-style-outline--1\"><a class=\"wp-block-button__link has-white-color has-text-color has-background has-link-color wp-element-button\" style=\"background-color:#f0a286\"><strong>Par mani<\/strong><\/a><\/div>\n<\/div>\n\n\n\n<div style=\"height:12px\" aria-hidden=\"true\" class=\"wp-block-spacer\"><\/div>\n\n\n\n<p>Es esmu Elena, psihoterapeite, specializ\u0113jos eksistenci\u0101laj\u0101 terapij\u0101 un sist\u0113miskaj\u0101 \u0123imenes psihoterapij\u0101, pal\u012bdzot klientiem tikt gal\u0101 ar da\u017e\u0101d\u0101m probl\u0113m\u0101m.<\/p>\n\n\n\n<div style=\"height:12px\" aria-hidden=\"true\" class=\"wp-block-spacer\"><\/div>\n\n\n\n<div class=\"wp-block-group\"><div class=\"wp-block-group__inner-container is-layout-constrained wp-block-group-is-layout-constrained\">\n<div class=\"wp-block-buttons is-layout-flex wp-block-buttons-is-layout-flex\">\n<div class=\"wp-block-button has-custom-width wp-block-button__width-100 is-style-outline is-style-outline--2\"><a class=\"wp-block-button__link has-white-color has-text-color has-background has-link-color wp-element-button\" style=\"background-color:#f0a286\"><strong>Eksistenci\u0101l\u0101s terapijas ietvaros es str\u0101d\u0101ju ar.<\/strong><\/a><\/div>\n<\/div>\n\n\n\n<div class=\"wp-block-group\"><div class=\"wp-block-group__inner-container is-layout-constrained wp-block-group-is-layout-constrained\">\n<div style=\"height:12px\" aria-hidden=\"true\" class=\"wp-block-spacer\"><\/div>\n\n\n\n<ol class=\"wp-block-list\">\n<li>Trauksme un depresija.<\/li>\n\n\n\n<li>Bailes no n\u0101ves un vientul\u012bbas.<\/li>\n\n\n\n<li>Gr\u016bt\u012bbas izdar\u012bt izv\u0113li un uz\u0146emties atbild\u012bbu.<\/li>\n\n\n\n<li>Iek\u0161\u0113jais tuk\u0161ums un j\u0113gas tr\u016bkums.<\/li>\n\n\n\n<li>Izdeg\u0161ana.<\/li>\n\n\n\n<li>Vecuma kr\u012bzes.<\/li>\n<\/ol>\n\n\n\n<div style=\"height:12px\" aria-hidden=\"true\" class=\"wp-block-spacer\"><\/div>\n\n\n\n<div class=\"wp-block-buttons is-layout-flex wp-block-buttons-is-layout-flex\">\n<div class=\"wp-block-button has-custom-width wp-block-button__width-100\"><a class=\"wp-block-button__link has-background wp-element-button\" style=\"background-color:#f0a286\"><strong>Sistem\u0101tisk\u0101s \u0123imenes psihoterapijas ietvaros es pal\u012bdzu.<\/strong><\/a><\/div>\n<\/div>\n\n\n\n<div style=\"height:12px\" aria-hidden=\"true\" class=\"wp-block-spacer\"><\/div>\n\n\n\n<ol class=\"wp-block-list\">\n<li>Atrisiniet bie\u017e\u0101k sastopamos konfliktus p\u0101r\u012b.<\/li>\n\n\n\n<li>Uzlabot paaud\u017eu savstarp\u0113jo sapratni un komunik\u0101ciju (b\u0113rnu un vec\u0101ku attiec\u012bbas).<\/li>\n\n\n\n<li>Ar m\u012b\u013cot\u0101 cilv\u0113ka zaud\u0113jumu (n\u0101ve vai \u0161\u0137ir\u0161an\u0101s).<\/li>\n\n\n\n<li>piel\u0101goties izmai\u0146\u0101m \u0123imenes sast\u0101v\u0101 (b\u0113rna piedzim\u0161ana vai b\u0113rnu aizie\u0161ana).<\/li>\n<\/ol>\n\n\n\n<div style=\"height:12px\" aria-hidden=\"true\" class=\"wp-block-spacer\"><\/div>\n\n\n\n<div class=\"wp-block-buttons is-layout-flex wp-block-buttons-is-layout-flex\">\n<div class=\"wp-block-button has-custom-width wp-block-button__width-100\"><a class=\"wp-block-button__link has-background wp-element-button\" style=\"background-color:#f0a286\"><strong>Es nestr\u0101d\u0101ju<\/strong><\/a><\/div>\n<\/div>\n<\/div><\/div>\n\n\n\n<blockquote class=\"wp-block-quote is-layout-flow wp-block-quote-is-layout-flow\">\n<div style=\"height:12px\" aria-hidden=\"true\" class=\"wp-block-spacer\"><\/div>\n<\/blockquote>\n<\/div><\/div>\n<\/div><\/div>\n\n\n\n<p><strong>Svar\u012bgi: individualiz\u0113t\u0101 form\u0101t\u0101 ar b\u0113rniem l\u012bdz septi\u0146padsmit gadu vecumam.<\/strong><\/p>\n\n\n\n<div style=\"height:12px\" aria-hidden=\"true\" class=\"wp-block-spacer\"><\/div>\n<\/div><\/div>\n\n\n\n<div style=\"height:0px\" aria-hidden=\"true\" class=\"wp-block-spacer wp-container-content-a94db315\"><\/div>\n<\/div>\n<\/div><\/div>\n<\/div><\/div>\n\n\n\n<hr class=\"wp-block-separator has-alpha-channel-opacity\"\/>\n\n\n\n<h3 class=\"wp-block-heading\">Re\u0123istr\u0113jieties<\/h3>\n\n\n<div class=\"webba_booking_form_v6\" data-service=\"18\"\n    data-category-list=\"no\" data-category=\"0\"\n    data-multiservice=\"\" ><\/div>","protected":false},"excerpt":{"rendered":"<p>\u0415\u043b\u0435\u043d\u0430 \u041a\u0430\u0440\u043b\u043e\u0432\u0430 \u0414\u043e\u0431\u0440\u043e \u043f\u043e\u0436\u0430\u043b\u043e\u0432\u0430\u0442\u044c! \u042f \u0415\u043b\u0435\u043d\u0430, \u0432\u0440\u0430\u0447-\u043f\u0441\u0438\u0445\u043e\u0442\u0435\u0440\u0430\u043f\u0435\u0432\u0442, \u0441\u043f\u0435\u0446\u0438\u0430\u043b\u0438\u0437\u0438\u0440\u0443\u044e\u0441\u044c \u043d\u0430 \u044d\u043a\u0437\u0438\u0441\u0442\u0435\u043d\u0446\u0438\u0430\u043b\u044c\u043d\u043e\u0439 \u0442\u0435\u0440\u0430\u043f\u0438\u0438 \u0438 \u0441\u0438\u0441\u0442\u0435\u043c\u043d\u043e\u0439 \u0441\u0435\u043c\u0435\u0439\u043d\u043e\u0439 \u043f\u0441\u0438\u0445\u043e\u0442\u0435\u0440\u0430\u043f\u0438\u0438, \u043f\u043e\u043c\u043e\u0433\u0430\u044f \u043a\u043b\u0438\u0435\u043d\u0442\u0430\u043c \u0441\u043f\u0440\u0430\u0432\u043b\u044f\u0442\u044c\u0441\u044f \u0441 \u0440\u0430\u0437\u043b\u0438\u0447\u043d\u044b\u043c\u0438 \u043f\u0440\u043e\u0431\u043b\u0435\u043c\u0430\u043c\u0438. \u0412\u0430\u0436\u043d\u043e: \u0432 \u0438\u043d\u0434\u0438\u0432\u0438\u0434\u0443\u0430\u043b\u044c\u043d\u043e\u043c \u0444\u043e\u0440\u043c\u0430\u0442\u0435 \u0441 \u0434\u0435\u0442\u044c\u043c\u0438 \u043c\u043b\u0430\u0434\u0448\u0435 \u0441\u0435\u043c\u043d\u0430\u0434\u0446\u0430\u0442\u0438 \u043b\u0435\u0442. \u0417\u0430\u043f\u0438\u0441\u0430\u0442\u044c\u0441\u044f<\/p>","protected":false},"author":1,"featured_media":0,"parent":0,"menu_order":0,"comment_status":"closed","ping_status":"closed","template":"","meta":{"_acf_changed":false,"om_disable_all_campaigns":false,"_uf_show_specific_survey":0,"_uf_disable_surveys":false,"footnotes":""},"class_list":["post-4345","page","type-page","status-publish","hentry"],"acf":[],"aioseo_notices":[],"jetpack_sharing_enabled":true,"_links":{"self":[{"href":"https:\/\/zabota.eu\/lv\/wp-json\/wp\/v2\/pages\/4345","targetHints":{"allow":["GET"]}}],"collection":[{"href":"https:\/\/zabota.eu\/lv\/wp-json\/wp\/v2\/pages"}],"about":[{"href":"https:\/\/zabota.eu\/lv\/wp-json\/wp\/v2\/types\/page"}],"author":[{"embeddable":true,"href":"https:\/\/zabota.eu\/lv\/wp-json\/wp\/v2\/users\/1"}],"replies":[{"embeddable":true,"href":"https:\/\/zabota.eu\/lv\/wp-json\/wp\/v2\/comments?post=4345"}],"version-history":[{"count":7,"href":"https:\/\/zabota.eu\/lv\/wp-json\/wp\/v2\/pages\/4345\/revisions"}],"predecessor-version":[{"id":6776,"href":"https:\/\/zabota.eu\/lv\/wp-json\/wp\/v2\/pages\/4345\/revisions\/6776"}],"wp:attachment":[{"href":"https:\/\/zabota.eu\/lv\/wp-json\/wp\/v2\/media?parent=4345"}],"curies":[{"name":"wp","href":"https:\/\/api.w.org\/{rel}","templated":true}]}}