{"id":4221,"date":"2024-09-27T13:29:04","date_gmt":"2024-09-27T13:29:04","guid":{"rendered":"https:\/\/psytalk.eu\/?page_id=4221"},"modified":"2025-02-01T00:46:38","modified_gmt":"2025-01-31T21:46:38","slug":"anastasiya-shveczova","status":"publish","type":"page","link":"https:\/\/zabota.eu\/lv\/anastasiya-shveczova\/","title":{"rendered":"\u041a\u043e\u0433\u043d\u0438\u0442\u0438\u0432\u043d\u043e-\u043f\u043e\u0432\u0435\u0434\u0435\u043d\u0447\u0435\u0441\u043a\u0430\u044f \u0442\u0435\u0440\u0430\u043f\u0438\u044f: \u043f\u043e\u043c\u043e\u0449\u044c \u0438 \u043f\u043e\u0434\u0434\u0435\u0440\u0436\u043a\u0430"},"content":{"rendered":"<figure class=\"wp-block-image size-full is-resized\"><img fetchpriority=\"high\" decoding=\"async\" width=\"1124\" height=\"1176\" src=\"https:\/\/zabota.eu\/wp-content\/uploads\/2024\/09\/screenshot-2024-09-27-at-16.22.29.png\" alt=\"\" class=\"wp-image-4222\" style=\"width:405px;height:auto\" srcset=\"https:\/\/zabota.eu\/wp-content\/uploads\/2024\/09\/screenshot-2024-09-27-at-16.22.29.png 1124w, https:\/\/zabota.eu\/wp-content\/uploads\/2024\/09\/screenshot-2024-09-27-at-16.22.29-287x300.png 287w, https:\/\/zabota.eu\/wp-content\/uploads\/2024\/09\/screenshot-2024-09-27-at-16.22.29-979x1024.png 979w, https:\/\/zabota.eu\/wp-content\/uploads\/2024\/09\/screenshot-2024-09-27-at-16.22.29-768x804.png 768w\" sizes=\"(max-width: 1124px) 100vw, 1124px\" \/><\/figure>\n\n\n\n<div class=\"wp-block-file\"><a id=\"wp-block-file--media-4d421614-fc72-4a30-995c-320dde51dff5\" href=\"https:\/\/zabota.eu\/wp-content\/uploads\/2024\/09\/anastasya-shveczova.mp4\"><strong>Video sveiciens &gt;<\/strong><\/a><\/div>\n\n\n\n<h2 class=\"wp-block-heading\"><br><sup>Anastasija \u0160vecova<\/sup><\/h2>\n\n\n\n<hr class=\"wp-block-separator has-alpha-channel-opacity\"\/>\n\n\n\n<p>Laipni l\u016bdzam!<\/p>\n\n\n\n<div style=\"height:23px\" aria-hidden=\"true\" class=\"wp-block-spacer\"><\/div>\n\n\n\n<div class=\"wp-block-buttons is-layout-flex wp-block-buttons-is-layout-flex\">\n<div class=\"wp-block-button has-custom-width wp-block-button__width-100\"><a class=\"wp-block-button__link has-background wp-element-button\" style=\"background-color:#f0a286\">Par mani<\/a><\/div>\n<\/div>\n\n\n\n<div style=\"height:23px\" aria-hidden=\"true\" class=\"wp-block-spacer\"><\/div>\n\n\n\n<p>Mani sauc Anastasija. Es pal\u012bdzu ar trauksmi, nedro\u0161\u012bbu, attiec\u012bbu gr\u016bt\u012bb\u0101m un bail\u0113m no pa\u0161realiz\u0101cijas, veidojot pa\u0161cie\u0146u un atraisot potenci\u0101lu.<\/p>\n\n\n\n<div style=\"height:23px\" aria-hidden=\"true\" class=\"wp-block-spacer\"><\/div>\n\n\n\n<div class=\"wp-block-buttons is-layout-flex wp-block-buttons-is-layout-flex\">\n<div class=\"wp-block-button has-custom-width wp-block-button__width-100\"><a class=\"wp-block-button__link has-background wp-element-button\" style=\"background-color:#f0a286\">Darba virziens<\/a><\/div>\n<\/div>\n\n\n\n<div style=\"height:23px\" aria-hidden=\"true\" class=\"wp-block-spacer\"><\/div>\n\n\n\n<p>Galven\u0101 uzman\u012bba man\u0101 darb\u0101 tiek piev\u0113rsta kognit\u012bvi uzved\u012bbas terapijai. Es m\u0101cu saviem klientiem lab\u0101k izprast savas emocijas un reakcijas, kas pal\u012bdz vi\u0146iem lab\u0101k p\u0101rvald\u012bt savu st\u0101vokli un uzlabot dz\u012bves kvalit\u0101ti.<\/p>\n\n\n\n<div style=\"height:23px\" aria-hidden=\"true\" class=\"wp-block-spacer\"><\/div>\n\n\n\n<div class=\"wp-block-buttons is-layout-flex wp-block-buttons-is-layout-flex\">\n<div class=\"wp-block-button has-custom-width wp-block-button__width-100\"><a class=\"wp-block-button__link has-background wp-element-button\" style=\"background-color:#f0a286\">grupas<\/a><\/div>\n<\/div>\n\n\n\n<div style=\"height:23px\" aria-hidden=\"true\" class=\"wp-block-spacer\"><\/div>\n\n\n\n<p>\u012apa\u0161u uzman\u012bbu piev\u0113r\u0161u grupu sesij\u0101m. Grup\u0101s m\u0113s str\u0101d\u0101jam pie svar\u012bg\u0101m psiholo\u0123isk\u0101m t\u0113m\u0101m, dal\u0101mies pieredz\u0113 un atbalst\u0101m viens otru ce\u013c\u0101 uz iek\u0161\u0113j\u0101m p\u0101rmai\u0146\u0101m. Es r\u012bkoju meistarklases, lekcijas un psiholo\u0123isk\u0101s programmas, kur\u0101s j\u016bs varat g\u016bt dzi\u013c\u0101ku ieskatu sav\u0101s saj\u016bt\u0101s, sa\u0146emt atbalstu no l\u012bdz\u012bgi dom\u0101jo\u0161iem cilv\u0113kiem un s\u0101kt virz\u012bties uz saviem m\u0113r\u0137iem.<\/p>\n\n\n\n<div style=\"height:23px\" aria-hidden=\"true\" class=\"wp-block-spacer\"><\/div>\n\n\n\n<p><strong>Es ar nepaciet\u012bbu gaidu tik\u0161anos ar jums Psytalk grupas san\u0101ksm\u0113s!<\/strong><\/p>\n\n\n\n<hr class=\"wp-block-separator has-alpha-channel-opacity\"\/>\n\n\n\n<h3 class=\"wp-block-heading\">Re\u0123istr\u0113jieties<\/h3>\n\n\n<div class=\"webba_booking_form_v6\" data-service=\"0\"\n    data-category-list=\"no\" data-category=\"5\"\n    data-multiservice=\"\" ><\/div>","protected":false},"excerpt":{"rendered":"<p>\u0410\u043d\u0430\u0441\u0442\u0430\u0441\u0438\u044f \u0428\u0432\u0435\u0446\u043e\u0432\u0430 \u0414\u043e\u0431\u0440\u043e \u043f\u043e\u0436\u0430\u043b\u043e\u0432\u0430\u0442\u044c! \u041c\u0435\u043d\u044f \u0437\u043e\u0432\u0443\u0442 \u0410\u043d\u0430\u0441\u0442\u0430\u0441\u0438\u044f. \u042f \u043f\u043e\u043c\u043e\u0433\u0430\u044e \u0441\u043f\u0440\u0430\u0432\u043b\u044f\u0442\u044c\u0441\u044f \u0441 \u0442\u0440\u0435\u0432\u043e\u0433\u043e\u0439, \u043d\u0435\u0443\u0432\u0435\u0440\u0435\u043d\u043d\u043e\u0441\u0442\u044c\u044e \u0432 \u0441\u0435\u0431\u0435, \u0441\u043b\u043e\u0436\u043d\u043e\u0441\u0442\u044f\u043c\u0438 \u0432 \u043e\u0442\u043d\u043e\u0448\u0435\u043d\u0438\u044f\u0445 \u0438 \u0441\u0442\u0440\u0430\u0445\u043e\u043c \u0441\u0430\u043c\u043e\u0440\u0435\u0430\u043b\u0438\u0437\u0430\u0446\u0438\u0438, \u0443\u043a\u0440\u0435\u043f\u043b\u044f\u044f \u0441\u0430\u043c\u043e\u043e\u0446\u0435\u043d\u043a\u0443 \u0438 \u0440\u0430\u0441\u043a\u0440\u044b\u0432\u0430\u044f \u043f\u043e\u0442\u0435\u043d\u0446\u0438\u0430\u043b. \u041e\u0441\u043d\u043e\u0432\u043d\u043e\u0435 \u043d\u0430\u043f\u0440\u0430\u0432\u043b\u0435\u043d\u0438\u0435 \u043c\u043e\u0435\u0439 \u0440\u0430\u0431\u043e\u0442\u044b \u2014 \u043a\u043e\u0433\u043d\u0438\u0442\u0438\u0432\u043d\u043e-\u043f\u043e\u0432\u0435\u0434\u0435\u043d\u0447\u0435\u0441\u043a\u0430\u044f \u0442\u0435\u0440\u0430\u043f\u0438\u044f. \u042f \u043e\u0431\u0443\u0447\u0430\u044e \u0441\u0432\u043e\u0438\u0445 \u043a\u043b\u0438\u0435\u043d\u0442\u043e\u0432 \u043b\u0443\u0447\u0448\u0435 \u043f\u043e\u043d\u0438\u043c\u0430\u0442\u044c \u0441\u0432\u043e\u0438 \u044d\u043c\u043e\u0446\u0438\u0438 \u0438 \u0440\u0435\u0430\u043a\u0446\u0438\u0438, \u0447\u0442\u043e \u043f\u043e\u043c\u043e\u0433\u0430\u0435\u0442 \u0438\u043c \u0431\u043e\u043b\u0435\u0435 \u044d\u0444\u0444\u0435\u043a\u0442\u0438\u0432\u043d\u043e \u0443\u043f\u0440\u0430\u0432\u043b\u044f\u0442\u044c \u0441\u0432\u043e\u0438\u043c \u0441\u043e\u0441\u0442\u043e\u044f\u043d\u0438\u0435\u043c \u0438 \u0443\u043b\u0443\u0447\u0448\u0430\u0442\u044c \u043a\u0430\u0447\u0435\u0441\u0442\u0432\u043e \u0436\u0438\u0437\u043d\u0438. [&hellip;]<\/p>","protected":false},"author":1,"featured_media":0,"parent":0,"menu_order":0,"comment_status":"closed","ping_status":"closed","template":"","meta":{"_acf_changed":false,"om_disable_all_campaigns":false,"_uf_show_specific_survey":0,"_uf_disable_surveys":false,"footnotes":""},"class_list":["post-4221","page","type-page","status-publish","hentry"],"acf":[],"aioseo_notices":[],"jetpack_sharing_enabled":true,"_links":{"self":[{"href":"https:\/\/zabota.eu\/lv\/wp-json\/wp\/v2\/pages\/4221","targetHints":{"allow":["GET"]}}],"collection":[{"href":"https:\/\/zabota.eu\/lv\/wp-json\/wp\/v2\/pages"}],"about":[{"href":"https:\/\/zabota.eu\/lv\/wp-json\/wp\/v2\/types\/page"}],"author":[{"embeddable":true,"href":"https:\/\/zabota.eu\/lv\/wp-json\/wp\/v2\/users\/1"}],"replies":[{"embeddable":true,"href":"https:\/\/zabota.eu\/lv\/wp-json\/wp\/v2\/comments?post=4221"}],"version-history":[{"count":11,"href":"https:\/\/zabota.eu\/lv\/wp-json\/wp\/v2\/pages\/4221\/revisions"}],"predecessor-version":[{"id":5515,"href":"https:\/\/zabota.eu\/lv\/wp-json\/wp\/v2\/pages\/4221\/revisions\/5515"}],"wp:attachment":[{"href":"https:\/\/zabota.eu\/lv\/wp-json\/wp\/v2\/media?parent=4221"}],"curies":[{"name":"wp","href":"https:\/\/api.w.org\/{rel}","templated":true}]}}