{"id":4199,"date":"2024-09-27T11:50:50","date_gmt":"2024-09-27T11:50:50","guid":{"rendered":"https:\/\/psytalk.eu\/?page_id=4199"},"modified":"2026-02-03T23:45:20","modified_gmt":"2026-02-03T21:45:20","slug":"saltykova-zhanna-elkairovna","status":"publish","type":"page","link":"https:\/\/zabota.eu\/lv\/saltykova-zhanna-elkairovna\/","title":{"rendered":"\u041a\u043e\u043d\u0441\u0443\u043b\u044c\u0442\u0430\u0446\u0438\u0438 \u043f\u043e \u0434\u0435\u043f\u0440\u0435\u0441\u0441\u0438\u0438 \u0438 \u043e\u0442\u043d\u043e\u0448\u0435\u043d\u0438\u044f\u043c"},"content":{"rendered":"<div style=\"height:0px\" aria-hidden=\"true\" class=\"wp-block-spacer\"><\/div>\n\n\n\n\n\n\n\n<figure class=\"wp-block-image size-full is-resized\"><img fetchpriority=\"high\" decoding=\"async\" width=\"1114\" height=\"1194\" src=\"https:\/\/zabota.eu\/wp-content\/uploads\/2024\/09\/screenshot-2024-09-27-at-14.46.15.png\" alt=\"\" class=\"wp-image-4200\" style=\"width:405px;height:auto\" srcset=\"https:\/\/zabota.eu\/wp-content\/uploads\/2024\/09\/screenshot-2024-09-27-at-14.46.15.png 1114w, https:\/\/zabota.eu\/wp-content\/uploads\/2024\/09\/screenshot-2024-09-27-at-14.46.15-280x300.png 280w, https:\/\/zabota.eu\/wp-content\/uploads\/2024\/09\/screenshot-2024-09-27-at-14.46.15-955x1024.png 955w, https:\/\/zabota.eu\/wp-content\/uploads\/2024\/09\/screenshot-2024-09-27-at-14.46.15-768x823.png 768w\" sizes=\"(max-width: 1114px) 100vw, 1114px\" \/><\/figure>\n\n\n\n<div class=\"wp-block-file\"><a id=\"wp-block-file--media-94192cde-ca7f-4371-bf43-c0265114e2a7\" href=\"https:\/\/zabota.eu\/wp-content\/uploads\/2024\/12\/brown-and-cream-playful-illustration-relationship-tips-instagram-post-carousel-1500-x-1000-px.mp4\"><strong>Video sveiciens &gt;<\/strong><\/a><\/div>\n\n\n\n<h2 class=\"wp-block-heading\"><br><sup>\u017danna Saltykova <\/sup> <\/h2>\n\n\n\n<hr class=\"wp-block-separator has-alpha-channel-opacity\"\/>\n\n\n\n<div class=\"wp-block-group\"><div class=\"wp-block-group__inner-container is-layout-constrained wp-block-group-is-layout-constrained\">\n<div class=\"wp-block-group\"><div class=\"wp-block-group__inner-container is-layout-constrained wp-block-group-is-layout-constrained\">\n<div class=\"wp-block-group is-vertical is-layout-flex wp-container-core-group-is-layout-8cf370e7 wp-block-group-is-layout-flex\">\n<div class=\"wp-block-group\"><div class=\"wp-block-group__inner-container is-layout-constrained wp-block-group-is-layout-constrained\">\n<p>Laipni l\u016bdzam! <\/p>\n\n\n\n<div style=\"height:30px\" aria-hidden=\"true\" class=\"wp-block-spacer\"><\/div>\n\n\n\n<div class=\"wp-block-group\"><div class=\"wp-block-group__inner-container is-layout-constrained wp-block-group-is-layout-constrained\">\n<div class=\"wp-block-buttons is-layout-flex wp-block-buttons-is-layout-flex\">\n<div class=\"wp-block-button has-custom-width wp-block-button__width-100 is-style-outline is-style-outline--1\"><a class=\"wp-block-button__link has-white-color has-text-color has-background has-link-color wp-element-button\" style=\"background-color:#f0a286\"><strong>Par mani<\/strong><\/a><\/div>\n<\/div>\n\n\n\n<div style=\"height:22px\" aria-hidden=\"true\" class=\"wp-block-spacer\"><\/div>\n\n\n\n<p>Esmu praktiz\u0113jo\u0161s psihologs, psihoterapeits, str\u0101d\u0101ju p\u0113c psihoanal\u012btisk\u0101s metodes, stingri iev\u0113rojot profesion\u0101lo \u0113tiku. Nep\u0101rtraukti pilnveidojos, apmekl\u0113ju semin\u0101rus un konferences, lai padzi\u013cin\u0101tu savas zin\u0101\u0161anas. Es regul\u0101ri superviz\u0113ju savu praksi. <\/p>\n\n\n\n<div style=\"height:30px\" aria-hidden=\"true\" class=\"wp-block-spacer\"><\/div>\n\n\n\n<div class=\"wp-block-group\"><div class=\"wp-block-group__inner-container is-layout-constrained wp-block-group-is-layout-constrained\">\n<div class=\"wp-block-buttons is-layout-flex wp-block-buttons-is-layout-flex\">\n<div class=\"wp-block-button has-custom-width wp-block-button__width-100 is-style-outline is-style-outline--2\"><a class=\"wp-block-button__link has-white-color has-text-color has-background has-link-color wp-element-button\" style=\"background-color:#f0a286\"><strong>Piepras\u012bjumi, ar kuriem es str\u0101d\u0101ju<\/strong><\/a><\/div>\n<\/div>\n\n\n\n<div class=\"wp-block-group\"><div class=\"wp-block-group__inner-container is-layout-constrained wp-block-group-is-layout-constrained\">\n<div style=\"height:18px\" aria-hidden=\"true\" class=\"wp-block-spacer\"><\/div>\n\n\n\n<ol class=\"wp-block-list\">\n<li>Depresija.<\/li>\n\n\n\n<li>\u0122imenes probl\u0113mas.<\/li>\n\n\n\n<li>Probl\u0113mas ar b\u0113rniem.<\/li>\n\n\n\n<li>Attiec\u012bbas, partnera mekl\u0113\u0161ana.<\/li>\n\n\n\n<li>Sekss un seksualit\u0101te.<\/li>\n\n\n\n<li>Emocion\u0101l\u0101 atkar\u012bba.<\/li>\n\n\n\n<li>Bailes un fobijas.<\/li>\n\n\n\n<li>Vientul\u012bba.<\/li>\n\n\n\n<li>Panikas l\u0113kmes, trauksme.<\/li>\n\n\n\n<li>Psihosom\u0101tika.<\/li>\n\n\n\n<li>Kompuls\u012bva uzved\u012bba, domas.<\/li>\n\n\n\n<li>\u0113\u0161anas trauc\u0113jumi.<\/li>\n\n\n\n<li>Miega trauc\u0113jumi, bezmiegs.<\/li>\n<\/ol>\n<\/div><\/div>\n\n\n\n<blockquote class=\"wp-block-quote is-layout-flow wp-block-quote-is-layout-flow\">\n<div style=\"height:12px\" aria-hidden=\"true\" class=\"wp-block-spacer\"><\/div>\n<\/blockquote>\n<\/div><\/div>\n<\/div><\/div>\n\n\n\n<p><strong>Es run\u0101ju krieviski, angliski, man ir ar\u012b fran\u010du un it\u0101\u013cu valodas pamatzin\u0101\u0161anas.<\/strong><\/p>\n<\/div><\/div>\n\n\n\n<div style=\"height:0px\" aria-hidden=\"true\" class=\"wp-block-spacer wp-container-content-a94db315\"><\/div>\n<\/div>\n<\/div><\/div>\n<\/div><\/div>\n\n\n\n<hr class=\"wp-block-separator has-alpha-channel-opacity\"\/>\n\n\n\n<h3 class=\"wp-block-heading\">Re\u0123istr\u0113jieties<\/h3>\n\n\n<div class=\"webba_booking_form_v6\" data-service=\"0\"\n    data-category-list=\"no\" data-category=\"4\"\n    data-multiservice=\"\" ><\/div>","protected":false},"excerpt":{"rendered":"<p>\u0416\u0430\u043d\u043d\u0430 \u0421\u0430\u043b\u0442\u044b\u043a\u043e\u0432\u0430 \u0414\u043e\u0431\u0440\u043e \u043f\u043e\u0436\u0430\u043b\u043e\u0432\u0430\u0442\u044c! \u042f \u043f\u0440\u0430\u043a\u0442\u0438\u043a\u0443\u044e\u0449\u0438\u0439 \u043f\u0441\u0438\u0445\u043e\u043b\u043e\u0433, \u043f\u0441\u0438\u0445\u043e\u0442\u0435\u0440\u0430\u043f\u0435\u0432\u0442, \u0440\u0430\u0431\u043e\u0442\u0430\u044e \u0432 \u043f\u0441\u0438\u0445\u043e\u0430\u043d\u0430\u043b\u0438\u0442\u0438\u0447\u0435\u0441\u043a\u043e\u043c \u043c\u0435\u0442\u043e\u0434\u0435, \u0441\u0442\u0440\u043e\u0433\u043e \u0441\u043e\u0431\u043b\u044e\u0434\u0430\u044f \u043f\u0440\u043e\u0444\u0435\u0441\u0441\u0438\u043e\u043d\u0430\u043b\u044c\u043d\u0443\u044e \u044d\u0442\u0438\u043a\u0443. \u041f\u043e\u0441\u0442\u043e\u044f\u043d\u043d\u043e \u0440\u0430\u0437\u0432\u0438\u0432\u0430\u044e\u0441\u044c, \u043f\u043e\u0441\u0435\u0449\u0430\u044e \u0441\u0435\u043c\u0438\u043d\u0430\u0440\u044b \u0438 \u043a\u043e\u043d\u0444\u0435\u0440\u0435\u043d\u0446\u0438\u0438 \u0434\u043b\u044f \u0443\u0433\u043b\u0443\u0431\u043b\u0435\u043d\u0438\u044f \u0441\u0432\u043e\u0438\u0445 \u0437\u043d\u0430\u043d\u0438\u0439. \u0420\u0435\u0433\u0443\u043b\u044f\u0440\u043d\u043e \u0441\u0443\u043f\u0435\u0440\u0432\u0438\u0437\u0438\u0440\u0443\u044e \u0441\u0432\u043e\u044e \u043f\u0440\u0430\u043a\u0442\u0438\u043a\u0443. \u0412\u043b\u0430\u0434\u0435\u044e \u0440\u0443\u0441\u0441\u043a\u0438\u043c, \u0430\u043d\u0433\u043b\u0438\u0439\u0441\u043a\u0438\u043c \u044f\u0437\u044b\u043a\u0430\u043c\u0438, \u0442\u0430\u043a\u0436\u0435 \u0438\u043c\u0435\u044e \u0431\u0430\u0437\u043e\u0432\u044b\u0435 \u0437\u043d\u0430\u043d\u0438\u044f \u0444\u0440\u0430\u043d\u0446\u0443\u0437\u0441\u043a\u043e\u0433\u043e \u0438 \u0438\u0442\u0430\u043b\u044c\u044f\u043d\u0441\u043a\u043e\u0433\u043e. \u0417\u0430\u043f\u0438\u0441\u0430\u0442\u044c\u0441\u044f<\/p>","protected":false},"author":1,"featured_media":0,"parent":0,"menu_order":0,"comment_status":"closed","ping_status":"closed","template":"","meta":{"_acf_changed":false,"om_disable_all_campaigns":false,"_uf_show_specific_survey":0,"_uf_disable_surveys":false,"footnotes":""},"class_list":["post-4199","page","type-page","status-publish","hentry"],"acf":[],"aioseo_notices":[],"jetpack_sharing_enabled":true,"_links":{"self":[{"href":"https:\/\/zabota.eu\/lv\/wp-json\/wp\/v2\/pages\/4199","targetHints":{"allow":["GET"]}}],"collection":[{"href":"https:\/\/zabota.eu\/lv\/wp-json\/wp\/v2\/pages"}],"about":[{"href":"https:\/\/zabota.eu\/lv\/wp-json\/wp\/v2\/types\/page"}],"author":[{"embeddable":true,"href":"https:\/\/zabota.eu\/lv\/wp-json\/wp\/v2\/users\/1"}],"replies":[{"embeddable":true,"href":"https:\/\/zabota.eu\/lv\/wp-json\/wp\/v2\/comments?post=4199"}],"version-history":[{"count":19,"href":"https:\/\/zabota.eu\/lv\/wp-json\/wp\/v2\/pages\/4199\/revisions"}],"predecessor-version":[{"id":7129,"href":"https:\/\/zabota.eu\/lv\/wp-json\/wp\/v2\/pages\/4199\/revisions\/7129"}],"wp:attachment":[{"href":"https:\/\/zabota.eu\/lv\/wp-json\/wp\/v2\/media?parent=4199"}],"curies":[{"name":"wp","href":"https:\/\/api.w.org\/{rel}","templated":true}]}}