{"id":4076,"date":"2024-09-23T20:42:14","date_gmt":"2024-09-23T20:42:14","guid":{"rendered":"https:\/\/psytalk.eu\/?page_id=4076"},"modified":"2025-02-01T00:43:36","modified_gmt":"2025-01-31T21:43:36","slug":"darya-tovstenko","status":"publish","type":"page","link":"https:\/\/zabota.eu\/lv\/darya-tovstenko\/","title":{"rendered":"\u042d\u0444\u0444\u0435\u043a\u0442\u0438\u0432\u043d\u044b\u0435 \u041c\u0435\u0442\u043e\u0434\u044b \u041f\u0441\u0438\u0445\u043e\u0442\u0435\u0440\u0430\u043f\u0438\u0438 \u0434\u043b\u044f \u0420\u0435\u0448\u0435\u043d\u0438\u044f \u041f\u0440\u043e\u0431\u043b\u0435\u043c"},"content":{"rendered":"<figure class=\"wp-block-image size-full is-resized\"><img fetchpriority=\"high\" decoding=\"async\" width=\"1112\" height=\"1166\" src=\"https:\/\/zabota.eu\/wp-content\/uploads\/2024\/09\/screenshot-2024-09-23-at-23.32.41.png\" alt=\"\" class=\"wp-image-4081\" style=\"width:407px;height:auto\" srcset=\"https:\/\/zabota.eu\/wp-content\/uploads\/2024\/09\/screenshot-2024-09-23-at-23.32.41.png 1112w, https:\/\/zabota.eu\/wp-content\/uploads\/2024\/09\/screenshot-2024-09-23-at-23.32.41-286x300.png 286w, https:\/\/zabota.eu\/wp-content\/uploads\/2024\/09\/screenshot-2024-09-23-at-23.32.41-977x1024.png 977w, https:\/\/zabota.eu\/wp-content\/uploads\/2024\/09\/screenshot-2024-09-23-at-23.32.41-768x805.png 768w\" sizes=\"(max-width: 1112px) 100vw, 1112px\" \/><\/figure>\n\n\n\n<div class=\"wp-block-file\"><a id=\"wp-block-file--media-f29baa1a-24db-4013-89f8-8a335427d0ff\" href=\"https:\/\/zabota.eu\/wp-content\/uploads\/2024\/10\/brown-and-cream-playful-illustration-relationship-tips-instagram-post-carousel-1.mp4\"><strong>Video sveiciens &gt;<\/strong><\/a><\/div>\n\n\n\n<h2 class=\"wp-block-heading\"><br><sub>Daria Tovstenko<\/sub><\/h2>\n\n\n\n<hr class=\"wp-block-separator has-alpha-channel-opacity\"\/>\n\n\n\n<div class=\"wp-block-group is-vertical is-layout-flex wp-container-core-group-is-layout-8cf370e7 wp-block-group-is-layout-flex\">\n<div class=\"wp-block-group is-vertical is-layout-flex wp-container-core-group-is-layout-8cf370e7 wp-block-group-is-layout-flex\">\n<div class=\"wp-block-group\"><div class=\"wp-block-group__inner-container is-layout-constrained wp-block-group-is-layout-constrained\">\n<div class=\"wp-block-group\"><div class=\"wp-block-group__inner-container is-layout-constrained wp-block-group-is-layout-constrained\">\n<p class=\"has-text-align-left\">Laipni l\u016bdzam!<\/p>\n<\/div><\/div>\n\n\n\n<div style=\"height:21px\" aria-hidden=\"true\" class=\"wp-block-spacer\"><\/div>\n\n\n\n<div class=\"wp-block-buttons is-content-justification-left is-nowrap is-layout-flex wp-container-core-buttons-is-layout-f56a869c wp-block-buttons-is-layout-flex\">\n<div class=\"wp-block-button has-custom-width wp-block-button__width-100\"><a class=\"wp-block-button__link has-background wp-element-button\" style=\"background-color:#f0a286\">Par mani <\/a><\/div>\n<\/div>\n\n\n\n<div style=\"height:21px\" aria-hidden=\"true\" class=\"wp-block-spacer\"><\/div>\n\n\n\n<p>Esmu praktiz\u0113jo\u0161s psihoterapeits, pal\u012bdzu cilv\u0113kiem atrast gar\u012bgo l\u012bdzsvaru, tikt gal\u0101 ar kr\u012bzes situ\u0101cij\u0101m un atkl\u0101t savus person\u012bgos resursus. Ja jums nepiecie\u0161ams atbalsts emocion\u0101lu un psiholo\u0123isku probl\u0113mu risin\u0101\u0161an\u0101, esmu gatava pal\u012bdz\u0113t. LGBT*\/queer draudz\u012bga.<\/p>\n\n\n\n<div style=\"height:21px\" aria-hidden=\"true\" class=\"wp-block-spacer\"><\/div>\n\n\n\n<div class=\"wp-block-buttons is-layout-flex wp-block-buttons-is-layout-flex\">\n<div class=\"wp-block-button has-custom-width wp-block-button__width-100\"><a class=\"wp-block-button__link has-background wp-element-button\" style=\"background-color:#f0a286\"><strong>Metodes<\/strong><\/a><\/div>\n<\/div>\n\n\n\n<div style=\"height:21px\" aria-hidden=\"true\" class=\"wp-block-spacer\"><\/div>\n\n\n\n<p>Kognit\u012bvi uzved\u012bbas un sist\u0113misk\u0101 \u0123imenes psihoterapija.<\/p>\n\n\n\n<div style=\"height:21px\" aria-hidden=\"true\" class=\"wp-block-spacer\"><\/div>\n\n\n\n<div class=\"wp-block-buttons is-layout-flex wp-block-buttons-is-layout-flex\">\n<div class=\"wp-block-button has-custom-width wp-block-button__width-100\"><a class=\"wp-block-button__link has-background wp-element-button\" style=\"background-color:#f0a286\"><strong>Mani nor\u0101d\u012bjumi<\/strong><\/a><\/div>\n<\/div>\n\n\n\n<div style=\"height:21px\" aria-hidden=\"true\" class=\"wp-block-spacer\"><\/div>\n\n\n\n<ol class=\"wp-block-list\">\n<li>Trauksme, bailes, depresija, ap\u0101tija.<\/li>\n\n\n\n<li>Sevis pie\u0146em\u0161ana un pa\u0161apzi\u0146as veido\u0161ana.<\/li>\n\n\n\n<li>p\u0101rdz\u012bvotas kr\u012bzes situ\u0101cijas: \u0161\u0137ir\u0161an\u0101s, zaud\u0113jums, atlai\u0161ana.<\/li>\n\n\n\n<li>Attiec\u012bbu konsult\u0101cijas (laul\u012bbas, b\u0113rnu un vec\u0101ku).<\/li>\n<\/ol>\n\n\n\n<div style=\"height:21px\" aria-hidden=\"true\" class=\"wp-block-spacer\"><\/div>\n\n\n\n<div class=\"wp-block-buttons is-layout-flex wp-block-buttons-is-layout-flex\">\n<div class=\"wp-block-button has-custom-width wp-block-button__width-100\"><a class=\"wp-block-button__link has-background wp-element-button\" style=\"background-color:#f0a286\"><strong>Darba form\u0101ti<\/strong><\/a><\/div>\n<\/div>\n\n\n\n<div style=\"height:21px\" aria-hidden=\"true\" class=\"wp-block-spacer\"><\/div>\n\n\n\n<ol class=\"wp-block-list\">\n<li>Individu\u0101las konsult\u0101cijas (l\u012bdz 60 min.)<\/li>\n\n\n\n<li>Konsult\u0101cijas p\u0101r\u012b ( 90 min.)<\/li>\n<\/ol>\n\n\n\n<div style=\"height:21px\" aria-hidden=\"true\" class=\"wp-block-spacer\"><\/div>\n\n\n\n<div class=\"wp-block-buttons is-layout-flex wp-block-buttons-is-layout-flex\">\n<div class=\"wp-block-button has-custom-width wp-block-button__width-100\"><a class=\"wp-block-button__link has-background wp-element-button\" style=\"background-color:#f0a286\"><strong>Es nestr\u0101d\u0101ju<\/strong><\/a><\/div>\n<\/div>\n\n\n\n<div style=\"height:21px\" aria-hidden=\"true\" class=\"wp-block-spacer\"><\/div>\n\n\n\n<ol class=\"wp-block-list\">\n<li>ar smag\u0101m psihiatrisk\u0101m diagnoz\u0113m.<\/li>\n\n\n\n<li>Ar atkar\u012bb\u0101m (alkohols, narkotikas u. c.).<\/li>\n\n\n\n<li>ar klientiem reibuma st\u0101vokl\u012b.<\/li>\n<\/ol>\n\n\n\n<div style=\"height:21px\" aria-hidden=\"true\" class=\"wp-block-spacer\"><\/div>\n<\/div><\/div>\n<\/div>\n<\/div>\n\n\n\n<hr class=\"wp-block-separator has-alpha-channel-opacity\"\/>\n\n\n\n<h3 class=\"wp-block-heading\">Re\u0123istr\u0113jieties<\/h3>\n\n\n<div class=\"webba_booking_form_v6\" data-service=\"0\"\n    data-category-list=\"no\" data-category=\"3\"\n    data-multiservice=\"\" ><\/div>","protected":false},"excerpt":{"rendered":"<p>\u0414\u0430\u0440\u044c\u044f \u0422\u043e\u0432\u0441\u0442\u0435\u043d\u043a\u043e \u0414\u043e\u0431\u0440\u043e \u043f\u043e\u0436\u0430\u043b\u043e\u0432\u0430\u0442\u044c! \u042f \u043f\u0440\u0430\u043a\u0442\u0438\u043a\u0443\u044e\u0449\u0438\u0439 \u0432\u0440\u0430\u0447 &#8211; \u043f\u0441\u0438\u0445\u043e\u0442\u0435\u0440\u0430\u043f\u0435\u0432\u0442, \u043f\u043e\u043c\u043e\u0433\u0430\u044e \u043b\u044e\u0434\u044f\u043c \u043d\u0430\u0439\u0442\u0438 \u0434\u0443\u0448\u0435\u0432\u043d\u043e\u0435 \u0440\u0430\u0432\u043d\u043e\u0432\u0435\u0441\u0438\u0435, \u0441\u043f\u0440\u0430\u0432\u0438\u0442\u044c\u0441\u044f \u0441 \u043a\u0440\u0438\u0437\u0438\u0441\u043d\u044b\u043c\u0438 \u0441\u0438\u0442\u0443\u0430\u0446\u0438\u044f\u043c\u0438 \u0438 \u0440\u0430\u0441\u043a\u0440\u044b\u0442\u044c \u0441\u0432\u043e\u0438 \u043b\u0438\u0447\u043d\u044b\u0435 \u0440\u0435\u0441\u0443\u0440\u0441\u044b. \u0415\u0441\u043b\u0438 \u0432\u0430\u043c \u043d\u0443\u0436\u043d\u0430 \u043f\u043e\u0434\u0434\u0435\u0440\u0436\u043a\u0430 \u0432 \u0440\u0435\u0448\u0435\u043d\u0438\u0438 \u044d\u043c\u043e\u0446\u0438\u043e\u043d\u0430\u043b\u044c\u043d\u044b\u0445 \u0438 \u043f\u0441\u0438\u0445\u043e\u043b\u043e\u0433\u0438\u0447\u0435\u0441\u043a\u0438\u0445 \u043f\u0440\u043e\u0431\u043b\u0435\u043c, \u044f \u0433\u043e\u0442\u043e\u0432\u0430 \u043f\u043e\u043c\u043e\u0447\u044c. \u041b\u0413\u0411\u0422*\/\u043a\u0432\u0438\u0440 friendly. \u041a\u043e\u0433\u043d\u0438\u0442\u0438\u0432\u043d\u043e-\u043f\u043e\u0432\u0435\u0434\u0435\u043d\u0447\u0435\u0441\u043a\u0430\u044f \u0438 \u0441\u0438\u0441\u0442\u0435\u043c\u043d\u0430\u044f \u0441\u0435\u043c\u0435\u0439\u043d\u0430\u044f \u043f\u0441\u0438\u0445\u043e\u0442\u0435\u0440\u0430\u043f\u0438\u044f. \u0417\u0430\u043f\u0438\u0441\u0430\u0442\u044c\u0441\u044f<\/p>","protected":false},"author":1,"featured_media":0,"parent":0,"menu_order":0,"comment_status":"closed","ping_status":"closed","template":"","meta":{"_acf_changed":false,"om_disable_all_campaigns":false,"_uf_show_specific_survey":0,"_uf_disable_surveys":false,"footnotes":""},"class_list":["post-4076","page","type-page","status-publish","hentry"],"acf":[],"aioseo_notices":[],"jetpack_sharing_enabled":true,"_links":{"self":[{"href":"https:\/\/zabota.eu\/lv\/wp-json\/wp\/v2\/pages\/4076","targetHints":{"allow":["GET"]}}],"collection":[{"href":"https:\/\/zabota.eu\/lv\/wp-json\/wp\/v2\/pages"}],"about":[{"href":"https:\/\/zabota.eu\/lv\/wp-json\/wp\/v2\/types\/page"}],"author":[{"embeddable":true,"href":"https:\/\/zabota.eu\/lv\/wp-json\/wp\/v2\/users\/1"}],"replies":[{"embeddable":true,"href":"https:\/\/zabota.eu\/lv\/wp-json\/wp\/v2\/comments?post=4076"}],"version-history":[{"count":43,"href":"https:\/\/zabota.eu\/lv\/wp-json\/wp\/v2\/pages\/4076\/revisions"}],"predecessor-version":[{"id":5510,"href":"https:\/\/zabota.eu\/lv\/wp-json\/wp\/v2\/pages\/4076\/revisions\/5510"}],"wp:attachment":[{"href":"https:\/\/zabota.eu\/lv\/wp-json\/wp\/v2\/media?parent=4076"}],"curies":[{"name":"wp","href":"https:\/\/api.w.org\/{rel}","templated":true}]}}