{"id":3954,"date":"2024-09-15T17:30:57","date_gmt":"2024-09-15T17:30:57","guid":{"rendered":"https:\/\/psytalk.eu\/?page_id=3954"},"modified":"2025-02-01T00:34:35","modified_gmt":"2025-01-31T21:34:35","slug":"valentina-melyakova","status":"publish","type":"page","link":"https:\/\/zabota.eu\/lv\/valentina-melyakova\/","title":{"rendered":"\u041f\u043e\u0434\u0434\u0435\u0440\u0436\u043a\u0430 \u0432 \u043b\u0438\u0447\u043d\u044b\u0445 \u043a\u0440\u0438\u0437\u0438\u0441\u0430\u0445 \u0438 \u0443\u0442\u0440\u0430\u0442\u0435"},"content":{"rendered":"<figure class=\"wp-block-image size-full is-resized\"><img fetchpriority=\"high\" decoding=\"async\" width=\"934\" height=\"986\" src=\"https:\/\/zabota.eu\/wp-content\/uploads\/2024\/09\/screenshot-2024-09-22-at-14.11.27.png\" alt=\"\" class=\"wp-image-4006\" style=\"width:434px;height:auto\" srcset=\"https:\/\/zabota.eu\/wp-content\/uploads\/2024\/09\/screenshot-2024-09-22-at-14.11.27.png 934w, https:\/\/zabota.eu\/wp-content\/uploads\/2024\/09\/screenshot-2024-09-22-at-14.11.27-284x300.png 284w, https:\/\/zabota.eu\/wp-content\/uploads\/2024\/09\/screenshot-2024-09-22-at-14.11.27-768x811.png 768w\" sizes=\"(max-width: 934px) 100vw, 934px\" \/><\/figure>\n\n\n\n<div class=\"wp-block-file\"><a id=\"wp-block-file--media-4d777fda-fa01-4422-b1a3-7ca5e85729bb\" href=\"https:\/\/zabota.eu\/wp-content\/uploads\/2024\/09\/valentina-melyakova.mp4\"><strong>Video sveiciens &gt;<\/strong><\/a><\/div>\n\n\n\n<h2 class=\"wp-block-heading\"><sub>Valent\u012bna Me\u013cjakova<\/sub><\/h2>\n\n\n\n<hr class=\"wp-block-separator has-alpha-channel-opacity\"\/>\n\n\n\n<p>Sveicieni!<\/p>\n\n\n\n<div style=\"height:26px\" aria-hidden=\"true\" class=\"wp-block-spacer\"><\/div>\n\n\n\n<div class=\"wp-block-buttons is-layout-flex wp-block-buttons-is-layout-flex\">\n<div class=\"wp-block-button has-custom-width wp-block-button__width-100\"><a class=\"wp-block-button__link has-background wp-element-button\" style=\"background-color:#f0a286\"><strong>Par mani<\/strong><\/a><\/div>\n<\/div>\n\n\n\n<div style=\"height:26px\" aria-hidden=\"true\" class=\"wp-block-spacer\"><\/div>\n\n\n\n<p>Mans ce\u013cojums psihoterapij\u0101 s\u0101k\u0101s 2015. gad\u0101 ar darbu b\u0113rnu un vec\u0101ku attiec\u012bbu jom\u0101. Esmu ar\u012b perinat\u0101l\u0101 psiholo\u0123e, kas specializ\u0113jas gr\u016btniec\u012bbas sagatavo\u0161anas, gr\u016btniec\u012bbas atbalsta un maternit\u0101tes atbalsta jom\u0101. Str\u0101d\u0101ju ar sieviet\u0113m, kuras piedz\u012bvoju\u0161as perinat\u0101lo zaud\u0113jumu, un t\u0101m, kuras piedz\u012bvoju\u0161as jau dzimu\u0161u b\u0113rnu zaud\u0113jumu, k\u0101 ar\u012b pal\u012bdzu cilv\u0113kiem, kuri piedz\u012bvoju\u0161i citus zaud\u0113jumus (tuvinieku, vesel\u012bbas, darba zaud\u0113jumu).<\/p>\n\n\n\n<div style=\"height:26px\" aria-hidden=\"true\" class=\"wp-block-spacer\"><\/div>\n\n\n\n<div class=\"wp-block-buttons is-layout-flex wp-block-buttons-is-layout-flex\">\n<div class=\"wp-block-button has-custom-width wp-block-button__width-100\"><a class=\"wp-block-button__link has-background wp-element-button\" style=\"background-color:#f0a286\"><strong>Pieeja<\/strong><\/a><\/div>\n<\/div>\n\n\n\n<div style=\"height:26px\" aria-hidden=\"true\" class=\"wp-block-spacer\"><\/div>\n\n\n\n<p>Mana prakse ir balst\u012bta ge\u0161talta terapij\u0101, koncentr\u0113joties uz attiec\u012bbu izp\u0113ti ar sevi, citiem, pasauli un terapijas ietvaros. Es izmantoju \u0137erme\u0146a darbu, t\u0113lain\u012bbu un m\u0101kslas metodes, lai papla\u0161in\u0101tu pa\u0161apzi\u0146u un \u0137erme\u0146a un psihes sign\u0101lu uztveri.<\/p>\n\n\n\n<div style=\"height:26px\" aria-hidden=\"true\" class=\"wp-block-spacer\"><\/div>\n\n\n\n<div class=\"wp-block-buttons is-layout-flex wp-block-buttons-is-layout-flex\">\n<div class=\"wp-block-button has-custom-width wp-block-button__width-100\"><a class=\"wp-block-button__link has-background wp-element-button\" style=\"background-color:#f0a286\"><strong>Ar ko es str\u0101d\u0101ju<\/strong><\/a><\/div>\n<\/div>\n\n\n\n<div style=\"height:26px\" aria-hidden=\"true\" class=\"wp-block-spacer\"><\/div>\n\n\n\n<ol class=\"wp-block-list\">\n<li>Personisk\u0101s kr\u012bzes, atk\u0101rtojo\u0161ies scen\u0101riji, j\u0113gas mekl\u0113jumi.<\/li>\n\n\n\n<li>Gr\u016bt\u012bbas attiec\u012bb\u0101s, l\u012bdzatkar\u012bba, \u0161\u0137ir\u0161an\u0101s, laul\u012bbas \u0161\u0137ir\u0161ana, neuztic\u012bba.<\/li>\n\n\n\n<li>Atbalsts vec\u0101kiem: gr\u016btniec\u012bba, b\u0113rnu psiholo\u0123ija.<\/li>\n\n\n\n<li>Perinat\u0101l\u0101 b\u0113du zaud\u0113\u0161ana, tuvinieku zaud\u0113\u0161ana.<\/li>\n\n\n\n<li>LGBT+ sare\u017e\u0123\u012bjumi, poliamorija.<\/li>\n\n\n\n<li>Sare\u017e\u0123\u012btas emocijas: dusmas, trauksme, bailes, vaina.<\/li>\n<\/ol>\n\n\n\n<hr class=\"wp-block-separator has-alpha-channel-opacity\"\/>\n\n\n\n<div style=\"height:26px\" aria-hidden=\"true\" class=\"wp-block-spacer\"><\/div>\n\n\n\n<p><strong>Re\u0123istr\u0113jieties<\/strong><\/p>\n\n\n<div class=\"webba_booking_form_v6\" data-service=\"31\"\n    data-category-list=\"no\" data-category=\"0\"\n    data-multiservice=\"\" ><\/div>","protected":false},"excerpt":{"rendered":"<p>\u0412\u0430\u043b\u0435\u043d\u0442\u0438\u043d\u0430 \u041c\u0435\u043b\u044f\u043a\u043e\u0432\u0430 \u041f\u0440\u0438\u0432\u0435\u0442\u0441\u0442\u0432\u0443\u044e \u0432\u0430\u0441! \u041c\u043e\u0439 \u043f\u0443\u0442\u044c \u0432 \u043f\u0441\u0438\u0445\u043e\u0442\u0435\u0440\u0430\u043f\u0438\u0438 \u043d\u0430\u0447\u0430\u043b\u0441\u044f \u0432 2015 \u0433\u043e\u0434\u0443 \u0441 \u0440\u0430\u0431\u043e\u0442\u044b \u0432 \u043e\u0431\u043b\u0430\u0441\u0442\u0438 \u0434\u0435\u0442\u0441\u043a\u043e-\u0440\u043e\u0434\u0438\u0442\u0435\u043b\u044c\u0441\u043a\u0438\u0445 \u043e\u0442\u043d\u043e\u0448\u0435\u043d\u0438\u0439. \u042f \u0442\u0430\u043a\u0436\u0435 \u044f\u0432\u043b\u044f\u044e\u0441\u044c \u043f\u0435\u0440\u0438\u043d\u0430\u0442\u0430\u043b\u044c\u043d\u044b\u043c \u043f\u0441\u0438\u0445\u043e\u043b\u043e\u0433\u043e\u043c, \u0441\u043f\u0435\u0446\u0438\u0430\u043b\u0438\u0437\u0438\u0440\u0443\u044e\u0449\u0438\u043c\u0441\u044f \u043d\u0430 \u043f\u043e\u0434\u0433\u043e\u0442\u043e\u0432\u043a\u0435 \u043a \u0431\u0435\u0440\u0435\u043c\u0435\u043d\u043d\u043e\u0441\u0442\u0438, \u0435\u0451 \u0441\u043e\u043f\u0440\u043e\u0432\u043e\u0436\u0434\u0435\u043d\u0438\u0438 \u0438 \u043f\u043e\u0434\u0434\u0435\u0440\u0436\u043a\u0435 \u0432 \u043c\u0430\u0442\u0435\u0440\u0438\u043d\u0441\u0442\u0432\u0435. \u0420\u0430\u0431\u043e\u0442\u0430\u044e \u0441 \u0436\u0435\u043d\u0449\u0438\u043d\u0430\u043c\u0438, \u043f\u0435\u0440\u0435\u0436\u0438\u0432\u0448\u0438\u043c\u0438 \u043f\u0435\u0440\u0438\u043d\u0430\u0442\u0430\u043b\u044c\u043d\u044b\u0435 \u0443\u0442\u0440\u0430\u0442\u044b, \u0438 \u0441 \u0442\u0435\u043c\u0438, \u043a\u0442\u043e \u0441\u0442\u043e\u043b\u043a\u043d\u0443\u043b\u0441\u044f \u0441 \u043f\u043e\u0442\u0435\u0440\u0435\u0439 \u0443\u0436\u0435 \u0440\u043e\u0436\u0434\u0451\u043d\u043d\u044b\u0445 \u0434\u0435\u0442\u0435\u0439, \u0430 \u0442\u0430\u043a\u0436\u0435 \u043f\u043e\u043c\u043e\u0433\u0430\u044e \u043b\u044e\u0434\u044f\u043c, \u043f\u0435\u0440\u0435\u0436\u0438\u0432\u0448\u0438\u043c [&hellip;]<\/p>","protected":false},"author":1,"featured_media":0,"parent":0,"menu_order":0,"comment_status":"closed","ping_status":"closed","template":"","meta":{"_acf_changed":false,"om_disable_all_campaigns":false,"_uf_show_specific_survey":0,"_uf_disable_surveys":false,"footnotes":""},"class_list":["post-3954","page","type-page","status-publish","hentry"],"acf":[],"aioseo_notices":[],"jetpack_sharing_enabled":true,"_links":{"self":[{"href":"https:\/\/zabota.eu\/lv\/wp-json\/wp\/v2\/pages\/3954","targetHints":{"allow":["GET"]}}],"collection":[{"href":"https:\/\/zabota.eu\/lv\/wp-json\/wp\/v2\/pages"}],"about":[{"href":"https:\/\/zabota.eu\/lv\/wp-json\/wp\/v2\/types\/page"}],"author":[{"embeddable":true,"href":"https:\/\/zabota.eu\/lv\/wp-json\/wp\/v2\/users\/1"}],"replies":[{"embeddable":true,"href":"https:\/\/zabota.eu\/lv\/wp-json\/wp\/v2\/comments?post=3954"}],"version-history":[{"count":13,"href":"https:\/\/zabota.eu\/lv\/wp-json\/wp\/v2\/pages\/3954\/revisions"}],"predecessor-version":[{"id":5507,"href":"https:\/\/zabota.eu\/lv\/wp-json\/wp\/v2\/pages\/3954\/revisions\/5507"}],"wp:attachment":[{"href":"https:\/\/zabota.eu\/lv\/wp-json\/wp\/v2\/media?parent=3954"}],"curies":[{"name":"wp","href":"https:\/\/api.w.org\/{rel}","templated":true}]}}