{"id":3845,"date":"2024-09-12T14:01:25","date_gmt":"2024-09-12T14:01:25","guid":{"rendered":"https:\/\/psytalk.eu\/?page_id=3845"},"modified":"2025-02-01T00:54:52","modified_gmt":"2025-01-31T21:54:52","slug":"lidiya-mylarshhikova","status":"publish","type":"page","link":"https:\/\/zabota.eu\/lv\/lidiya-mylarshhikova\/","title":{"rendered":"\u041a\u043e\u0433\u043d\u0438\u0442\u0438\u0432\u043d\u043e-\u041f\u043e\u0432\u0435\u0434\u0435\u043d\u0447\u0435\u0441\u043a\u0430\u044f \u0422\u0435\u0440\u0430\u043f\u0438\u044f: \u041a\u0430\u043a \u042f \u041c\u043e\u0433\u0443 \u0412\u0430\u043c \u041f\u043e\u043c\u043e\u0447\u044c"},"content":{"rendered":"<figure class=\"wp-block-image size-full is-resized\"><img fetchpriority=\"high\" decoding=\"async\" width=\"794\" height=\"876\" src=\"https:\/\/zabota.eu\/wp-content\/uploads\/2024\/09\/screenshot-2024-09-20-at-20.26.02.png\" alt=\"\" class=\"wp-image-3973\" style=\"width:400px;height:auto\" srcset=\"https:\/\/zabota.eu\/wp-content\/uploads\/2024\/09\/screenshot-2024-09-20-at-20.26.02.png 794w, https:\/\/zabota.eu\/wp-content\/uploads\/2024\/09\/screenshot-2024-09-20-at-20.26.02-272x300.png 272w, https:\/\/zabota.eu\/wp-content\/uploads\/2024\/09\/screenshot-2024-09-20-at-20.26.02-768x847.png 768w\" sizes=\"(max-width: 794px) 100vw, 794px\" \/><\/figure>\n\n\n\n<div class=\"wp-block-file alignleft has-white-background-color has-background\"><a id=\"wp-block-file--media-dae8a8f5-83a3-4fd3-9146-0a3100e7f9ea\" href=\"https:\/\/zabota.eu\/wp-content\/uploads\/2024\/09\/lidiya-mylarshhikova.mp4\"><strong>Video sveiciens<\/strong> &gt; <\/a><\/div>\n\n\n\n<div style=\"height:19px\" aria-hidden=\"true\" class=\"wp-block-spacer\"><\/div>\n\n\n\n<h2 class=\"wp-block-heading\"><sub>Lidia Mylarshchikova<\/sub><\/h2>\n\n\n\n<hr class=\"wp-block-separator has-alpha-channel-opacity\"\/>\n\n\n\n<p>Laipni l\u016bdzam!<\/p>\n\n\n\n<div style=\"height:19px\" aria-hidden=\"true\" class=\"wp-block-spacer\"><\/div>\n\n\n\n<div class=\"wp-block-buttons is-layout-flex wp-block-buttons-is-layout-flex\">\n<div class=\"wp-block-button has-custom-width wp-block-button__width-100 is-style-fill\"><a class=\"wp-block-button__link has-background wp-element-button\" style=\"background-color:#f0a286\">Par mani<\/a><\/div>\n<\/div>\n\n\n\n<div style=\"height:19px\" aria-hidden=\"true\" class=\"wp-block-spacer\"><\/div>\n\n\n\n<p>Mani sauc Lidija, esmu psiholo\u0123e ar medic\u012bnisku izgl\u012bt\u012bbu un sertific\u0113ta kognit\u012bvi uzved\u012bbas terapeite (CBT). Mans m\u0113r\u0137is ir pal\u012bdz\u0113t jums atrast iek\u0161\u0113jo l\u012bdzsvaru un uzlabot dz\u012bves kvalit\u0101ti.  Kop\u0101 m\u0113s soli pa solim ved\u012bsim j\u016bs uz j\u016bsu psiholo\u0123isko labkl\u0101j\u012bbu.<\/p>\n\n\n\n<div style=\"height:19px\" aria-hidden=\"true\" class=\"wp-block-spacer\"><\/div>\n\n\n\n<div class=\"wp-block-buttons is-layout-flex wp-block-buttons-is-layout-flex\">\n<div class=\"wp-block-button has-custom-width wp-block-button__width-100\"><a class=\"wp-block-button__link has-background wp-element-button\" style=\"background-color:#f0a286\"><strong>Mans darbs ietver<\/strong><\/a><\/div>\n<\/div>\n\n\n\n<div style=\"height:19px\" aria-hidden=\"true\" class=\"wp-block-spacer\"><\/div>\n\n\n\n<ol class=\"wp-block-list\">\n<li>Atbalsts attiec\u012bb\u0101m un \u0123imenes konfliktu risin\u0101\u0161ana.<\/li>\n\n\n\n<li>Pal\u012bdz\u012bba sevis atra\u0161an\u0101 un pa\u0161realiz\u0101cij\u0101.<\/li>\n\n\n\n<li>Atbalsts sare\u017e\u0123\u012bt\u0101s dz\u012bves izv\u0113les gad\u012bjumos: darba mai\u0146a, p\u0101rcel\u0161an\u0101s, piel\u0101go\u0161an\u0101s.<\/li>\n\n\n\n<li>Darbs ar trauksmi, stresu un emocion\u0101lo izdeg\u0161anu.<\/li>\n<\/ol>\n\n\n\n<div style=\"height:19px\" aria-hidden=\"true\" class=\"wp-block-spacer\"><\/div>\n\n\n\n<div class=\"wp-block-buttons is-layout-flex wp-block-buttons-is-layout-flex\">\n<div class=\"wp-block-button has-custom-width wp-block-button__width-100\"><a class=\"wp-block-button__link has-background wp-element-button\" style=\"background-color:#f0a286\"><strong><em>Es nestr\u0101d\u0101ju <\/em><\/strong><\/a><\/div>\n<\/div>\n\n\n\n<div style=\"height:19px\" aria-hidden=\"true\" class=\"wp-block-spacer\"><\/div>\n\n\n\n<ol class=\"wp-block-list\">\n<li><em>Ar \u0137\u012bmisk\u0101m atkar\u012bb\u0101m<\/em>.<\/li>\n\n\n\n<li>\u0421 <em>nepilngad\u012bgajiem klientiem.<\/em><\/li>\n<\/ol>\n\n\n\n<div style=\"height:19px\" aria-hidden=\"true\" class=\"wp-block-spacer\"><\/div>\n\n\n\n<hr class=\"wp-block-separator has-alpha-channel-opacity\"\/>\n\n\n\n<h3 class=\"wp-block-heading\">Re\u0123istr\u0113jieties<\/h3>\n\n\n<div class=\"webba_booking_form_v6\" data-service=\"28\"\n    data-category-list=\"no\" data-category=\"0\"\n    data-multiservice=\"\" ><\/div>","protected":false},"excerpt":{"rendered":"<p>\u041b\u0438\u0434\u0438\u044f \u041c\u044b\u043b\u0430\u0440\u0449\u0438\u043a\u043e\u0432\u0430 \u0414\u043e\u0431\u0440\u043e \u043f\u043e\u0436\u0430\u043b\u043e\u0432\u0430\u0442\u044c! \u041c\u0435\u043d\u044f \u0437\u043e\u0432\u0443\u0442 \u041b\u0438\u0434\u0438\u044f, \u044f \u043f\u0441\u0438\u0445\u043e\u043b\u043e\u0433 \u0441 \u043c\u0435\u0434\u0438\u0446\u0438\u043d\u0441\u043a\u0438\u043c \u043e\u0431\u0440\u0430\u0437\u043e\u0432\u0430\u043d\u0438\u0435\u043c \u0438 \u0441\u0435\u0440\u0442\u0438\u0444\u0438\u0446\u0438\u0440\u043e\u0432\u0430\u043d\u043d\u044b\u0439 \u0441\u043f\u0435\u0446\u0438\u0430\u043b\u0438\u0441\u0442 \u0432 \u043e\u0431\u043b\u0430\u0441\u0442\u0438 \u043a\u043e\u0433\u043d\u0438\u0442\u0438\u0432\u043d\u043e-\u043f\u043e\u0432\u0435\u0434\u0435\u043d\u0447\u0435\u0441\u043a\u043e\u0439 \u0442\u0435\u0440\u0430\u043f\u0438\u0438 (\u041a\u041f\u0422). \u041c\u043e\u044f \u0446\u0435\u043b\u044c \u2014 \u043f\u043e\u043c\u043e\u0447\u044c \u0432\u0430\u043c \u043e\u0431\u0440\u0435\u0441\u0442\u0438 \u0432\u043d\u0443\u0442\u0440\u0435\u043d\u043d\u0438\u0439 \u0431\u0430\u043b\u0430\u043d\u0441 \u0438 \u0443\u043b\u0443\u0447\u0448\u0438\u0442\u044c \u043a\u0430\u0447\u0435\u0441\u0442\u0432\u043e \u0436\u0438\u0437\u043d\u0438. \u0412\u043c\u0435\u0441\u0442\u0435 \u043c\u044b \u0448\u0430\u0433 \u0437\u0430 \u0448\u0430\u0433\u043e\u043c \u043f\u0440\u0438\u0434\u0451\u043c \u043a \u0432\u0430\u0448\u0435\u043c\u0443 \u043f\u0441\u0438\u0445\u043e\u043b\u043e\u0433\u0438\u0447\u0435\u0441\u043a\u043e\u043c\u0443 \u0431\u043b\u0430\u0433\u043e\u043f\u043e\u043b\u0443\u0447\u0438\u044e. \u0417\u0430\u043f\u0438\u0441\u0430\u0442\u044c\u0441\u044f<\/p>","protected":false},"author":1,"featured_media":0,"parent":0,"menu_order":0,"comment_status":"closed","ping_status":"closed","template":"","meta":{"_acf_changed":false,"om_disable_all_campaigns":false,"_uf_show_specific_survey":0,"_uf_disable_surveys":false,"footnotes":""},"class_list":["post-3845","page","type-page","status-publish","hentry"],"acf":[],"aioseo_notices":[],"jetpack_sharing_enabled":true,"_links":{"self":[{"href":"https:\/\/zabota.eu\/lv\/wp-json\/wp\/v2\/pages\/3845","targetHints":{"allow":["GET"]}}],"collection":[{"href":"https:\/\/zabota.eu\/lv\/wp-json\/wp\/v2\/pages"}],"about":[{"href":"https:\/\/zabota.eu\/lv\/wp-json\/wp\/v2\/types\/page"}],"author":[{"embeddable":true,"href":"https:\/\/zabota.eu\/lv\/wp-json\/wp\/v2\/users\/1"}],"replies":[{"embeddable":true,"href":"https:\/\/zabota.eu\/lv\/wp-json\/wp\/v2\/comments?post=3845"}],"version-history":[{"count":26,"href":"https:\/\/zabota.eu\/lv\/wp-json\/wp\/v2\/pages\/3845\/revisions"}],"predecessor-version":[{"id":5523,"href":"https:\/\/zabota.eu\/lv\/wp-json\/wp\/v2\/pages\/3845\/revisions\/5523"}],"wp:attachment":[{"href":"https:\/\/zabota.eu\/lv\/wp-json\/wp\/v2\/media?parent=3845"}],"curies":[{"name":"wp","href":"https:\/\/api.w.org\/{rel}","templated":true}]}}