{"id":3809,"date":"2024-09-04T16:52:12","date_gmt":"2024-09-04T16:52:12","guid":{"rendered":"https:\/\/psytalk.eu\/?page_id=3809"},"modified":"2025-02-01T00:56:13","modified_gmt":"2025-01-31T21:56:13","slug":"yuliya-aleksandrovna-nikulnikova","status":"publish","type":"page","link":"https:\/\/zabota.eu\/lv\/yuliya-aleksandrovna-nikulnikova\/","title":{"rendered":"\u041a\u043b\u0438\u043d\u0438\u0447\u0435\u0441\u043a\u0430\u044f \u043f\u0441\u0438\u0445\u043e\u043b\u043e\u0433\u0438\u044f: \u041f\u0443\u0442\u044c \u043a \u0438\u0437\u043c\u0435\u043d\u0435\u043d\u0438\u044f\u043c"},"content":{"rendered":"<figure class=\"wp-block-image size-full is-resized\"><img fetchpriority=\"high\" decoding=\"async\" width=\"2430\" height=\"2430\" src=\"https:\/\/zabota.eu\/wp-content\/uploads\/2024\/09\/1.jpg\" alt=\"\" class=\"wp-image-3812\" style=\"width:493px;height:auto\" srcset=\"https:\/\/zabota.eu\/wp-content\/uploads\/2024\/09\/1.jpg 2430w, https:\/\/zabota.eu\/wp-content\/uploads\/2024\/09\/1-300x300.jpg 300w, https:\/\/zabota.eu\/wp-content\/uploads\/2024\/09\/1-1024x1024.jpg 1024w, https:\/\/zabota.eu\/wp-content\/uploads\/2024\/09\/1-150x150.jpg 150w, https:\/\/zabota.eu\/wp-content\/uploads\/2024\/09\/1-768x768.jpg 768w, https:\/\/zabota.eu\/wp-content\/uploads\/2024\/09\/1-1536x1536.jpg 1536w, https:\/\/zabota.eu\/wp-content\/uploads\/2024\/09\/1-2048x2048.jpg 2048w\" sizes=\"(max-width: 2430px) 100vw, 2430px\" \/><\/figure>\n\n\n\n<div class=\"wp-block-file\"><a id=\"wp-block-file--media-a4aa789f-8072-402a-8bc1-3b0debd8c1ae\" href=\"https:\/\/zabota.eu\/wp-content\/uploads\/2024\/10\/yuliya-nikulnikova.mp4\"><strong>Video sveiciens &gt;<\/strong><\/a><\/div>\n\n\n\n<h2 class=\"wp-block-heading\"><br><sup>J\u016blija Nikul\u0146ikova<\/sup><\/h2>\n\n\n\n<hr class=\"wp-block-separator has-alpha-channel-opacity\"\/>\n\n\n\n<div class=\"wp-block-group\"><div class=\"wp-block-group__inner-container is-layout-constrained wp-block-group-is-layout-constrained\">\n<p>Laipni l\u016bdzam!<\/p>\n\n\n\n<div style=\"height:18px\" aria-hidden=\"true\" class=\"wp-block-spacer\"><\/div>\n\n\n\n<div class=\"wp-block-buttons is-layout-flex wp-block-buttons-is-layout-flex\">\n<div class=\"wp-block-button has-custom-width wp-block-button__width-100\"><a class=\"wp-block-button__link has-background wp-element-button\" style=\"background-color:#f0a286\"><strong>Par mani<\/strong><\/a><\/div>\n<\/div>\n\n\n\n<p>Es esmu D\u017e\u016blija, kl\u012bnisk\u0101 psiholo\u0123e. Es specializ\u0113jos kognit\u012bvi biheivior\u0101laj\u0101 terapij\u0101 (CBT), EMDR un integr\u0113jo\u0161\u0101 pieej\u0101, kas \u013cauj man elast\u012bgi piel\u0101got metodes j\u016bsu individu\u0101laj\u0101m vajadz\u012bb\u0101m. Mans m\u0113r\u0137is ir rad\u012bt dro\u0161u telpu, lai atbalst\u012btu un uzlabotu j\u016bsu dz\u012bves kvalit\u0101ti. Pierakstieties uz konsult\u0101ciju sesiju, lai s\u0101ktu savu ce\u013cu uz p\u0101rmai\u0146\u0101m.<\/p>\n\n\n\n<div style=\"height:18px\" aria-hidden=\"true\" class=\"wp-block-spacer\"><\/div>\n\n\n\n<div class=\"wp-block-buttons is-layout-flex wp-block-buttons-is-layout-flex\">\n<div class=\"wp-block-button has-custom-width wp-block-button__width-100\"><a class=\"wp-block-button__link has-background wp-element-button\" style=\"background-color:#f0a286\"><strong>Manas galven\u0101s darba jomas ir \u0161\u0101das.<\/strong><\/a><\/div>\n<\/div>\n\n\n\n<div style=\"height:18px\" aria-hidden=\"true\" class=\"wp-block-spacer\"><\/div>\n\n\n\n<ol class=\"wp-block-list\">\n<li>Emocion\u0101l\u0101 izdeg\u0161ana.<\/li>\n\n\n\n<li>Piel\u0101go\u0161an\u0101s emigr\u0101cij\u0101.<\/li>\n\n\n\n<li>Trauksme un depresija.<\/li>\n\n\n\n<li>pa\u0161cie\u0146as probl\u0113mas.<\/li>\n\n\n\n<li>Psiholo\u0123isk\u0101 trauma, vardarb\u012bbas trauma.<\/li>\n\n\n\n<li>Attiec\u012bbu gr\u016bt\u012bbas.<\/li>\n<\/ol>\n\n\n\n<div style=\"height:18px\" aria-hidden=\"true\" class=\"wp-block-spacer\"><\/div>\n<\/div><\/div>\n\n\n\n<hr class=\"wp-block-separator has-alpha-channel-opacity\"\/>\n\n\n\n<h3 class=\"wp-block-heading\">Re\u0123istr\u0113jieties <\/h3>\n\n\n<div class=\"webba_booking_form_v6\" data-service=\"29\"\n    data-category-list=\"no\" data-category=\"0\"\n    data-multiservice=\"\" ><\/div>","protected":false},"excerpt":{"rendered":"<p>\u042e\u043b\u0438\u044f \u041d\u0438\u043a\u0443\u043b\u044c\u043d\u0438\u043a\u043e\u0432\u0430 \u0414\u043e\u0431\u0440\u043e \u043f\u043e\u0436\u0430\u043b\u043e\u0432\u0430\u0442\u044c! \u042f \u2013 \u042e\u043b\u0438\u044f, \u043a\u043b\u0438\u043d\u0438\u0447\u0435\u0441\u043a\u0430\u044f \u043f\u0441\u0438\u0445\u043e\u043b\u043e\u0433\u0438\u043d\u044f. \u0421\u043f\u0435\u0446\u0438\u0430\u043b\u0438\u0437\u0438\u0440\u0443\u044e\u0441\u044c \u043d\u0430 \u043a\u043e\u0433\u043d\u0438\u0442\u0438\u0432\u043d\u043e-\u043f\u043e\u0432\u0435\u0434\u0435\u043d\u0447\u0435\u0441\u043a\u043e\u0439 \u0442\u0435\u0440\u0430\u043f\u0438\u0438 (\u041a\u041f\u0422), EMDR \u0438 \u0438\u043d\u0442\u0435\u0433\u0440\u0430\u0442\u0438\u0432\u043d\u043e\u043c \u043f\u043e\u0434\u0445\u043e\u0434\u0435, \u0447\u0442\u043e \u043f\u043e\u0437\u0432\u043e\u043b\u044f\u0435\u0442 \u0433\u0438\u0431\u043a\u043e \u0430\u0434\u0430\u043f\u0442\u0438\u0440\u043e\u0432\u0430\u0442\u044c \u043c\u0435\u0442\u043e\u0434\u044b \u043f\u043e\u0434 \u0432\u0430\u0448\u0438 \u0438\u043d\u0434\u0438\u0432\u0438\u0434\u0443\u0430\u043b\u044c\u043d\u044b\u0435 \u043f\u043e\u0442\u0440\u0435\u0431\u043d\u043e\u0441\u0442\u0438. \u041c\u043e\u044f \u0446\u0435\u043b\u044c \u2013 \u0441\u043e\u0437\u0434\u0430\u0442\u044c \u0431\u0435\u0437\u043e\u043f\u0430\u0441\u043d\u043e\u0435 \u043f\u0440\u043e\u0441\u0442\u0440\u0430\u043d\u0441\u0442\u0432\u043e \u0434\u043b\u044f \u043f\u043e\u0434\u0434\u0435\u0440\u0436\u043a\u0438 \u0438 \u0443\u043b\u0443\u0447\u0448\u0435\u043d\u0438\u044f \u043a\u0430\u0447\u0435\u0441\u0442\u0432\u0430 \u0432\u0430\u0448\u0435\u0439 \u0436\u0438\u0437\u043d\u0438. \u0417\u0430\u043f\u0438\u0448\u0438\u0442\u0435\u0441\u044c \u043d\u0430 \u043a\u043e\u043d\u0441\u0443\u043b\u044c\u0442\u0430\u0446\u0438\u044e, \u0447\u0442\u043e\u0431\u044b \u043d\u0430\u0447\u0430\u0442\u044c \u043f\u0443\u0442\u044c \u043a \u0438\u0437\u043c\u0435\u043d\u0435\u043d\u0438\u044f\u043c. \u0417\u0430\u043f\u0438\u0441\u0430\u0442\u044c\u0441\u044f<\/p>","protected":false},"author":1,"featured_media":0,"parent":0,"menu_order":0,"comment_status":"closed","ping_status":"closed","template":"","meta":{"_acf_changed":false,"om_disable_all_campaigns":false,"_uf_show_specific_survey":0,"_uf_disable_surveys":false,"footnotes":""},"class_list":["post-3809","page","type-page","status-publish","hentry"],"acf":[],"aioseo_notices":[],"jetpack_sharing_enabled":true,"_links":{"self":[{"href":"https:\/\/zabota.eu\/lv\/wp-json\/wp\/v2\/pages\/3809","targetHints":{"allow":["GET"]}}],"collection":[{"href":"https:\/\/zabota.eu\/lv\/wp-json\/wp\/v2\/pages"}],"about":[{"href":"https:\/\/zabota.eu\/lv\/wp-json\/wp\/v2\/types\/page"}],"author":[{"embeddable":true,"href":"https:\/\/zabota.eu\/lv\/wp-json\/wp\/v2\/users\/1"}],"replies":[{"embeddable":true,"href":"https:\/\/zabota.eu\/lv\/wp-json\/wp\/v2\/comments?post=3809"}],"version-history":[{"count":10,"href":"https:\/\/zabota.eu\/lv\/wp-json\/wp\/v2\/pages\/3809\/revisions"}],"predecessor-version":[{"id":5525,"href":"https:\/\/zabota.eu\/lv\/wp-json\/wp\/v2\/pages\/3809\/revisions\/5525"}],"wp:attachment":[{"href":"https:\/\/zabota.eu\/lv\/wp-json\/wp\/v2\/media?parent=3809"}],"curies":[{"name":"wp","href":"https:\/\/api.w.org\/{rel}","templated":true}]}}