{"id":3785,"date":"2024-08-26T15:27:40","date_gmt":"2024-08-26T15:27:40","guid":{"rendered":"https:\/\/psytalk.eu\/?page_id=3785"},"modified":"2025-02-01T01:00:18","modified_gmt":"2025-01-31T22:00:18","slug":"sarpova-irina-andreevna","status":"publish","type":"page","link":"https:\/\/zabota.eu\/lv\/sarpova-irina-andreevna\/","title":{"rendered":"\u0421\u0430\u0440\u043f\u043e\u0432\u0430 \u0418\u0440\u0438\u043d\u0430"},"content":{"rendered":"<figure class=\"wp-block-image size-full is-resized\"><img fetchpriority=\"high\" decoding=\"async\" width=\"982\" height=\"1030\" src=\"https:\/\/zabota.eu\/wp-content\/uploads\/2024\/09\/screenshot-2024-09-22-at-17.18.10.png\" alt=\"\" class=\"wp-image-4058\" style=\"width:437px;height:auto\" srcset=\"https:\/\/zabota.eu\/wp-content\/uploads\/2024\/09\/screenshot-2024-09-22-at-17.18.10.png 982w, https:\/\/zabota.eu\/wp-content\/uploads\/2024\/09\/screenshot-2024-09-22-at-17.18.10-286x300.png 286w, https:\/\/zabota.eu\/wp-content\/uploads\/2024\/09\/screenshot-2024-09-22-at-17.18.10-976x1024.png 976w, https:\/\/zabota.eu\/wp-content\/uploads\/2024\/09\/screenshot-2024-09-22-at-17.18.10-768x806.png 768w\" sizes=\"(max-width: 982px) 100vw, 982px\" \/><\/figure>\n\n\n\n<h2 class=\"wp-block-heading\"><br><sup>Irina Sarpova<\/sup><\/h2>\n\n\n\n<hr class=\"wp-block-separator has-alpha-channel-opacity\"\/>\n\n\n\n<div class=\"wp-block-group\"><div class=\"wp-block-group__inner-container is-layout-constrained wp-block-group-is-layout-constrained\">\n<p>Laipni l\u016bdzam!<\/p>\n\n\n\n<div style=\"height:23px\" aria-hidden=\"true\" class=\"wp-block-spacer\"><\/div>\n\n\n\n<div class=\"wp-block-buttons is-layout-flex wp-block-buttons-is-layout-flex\">\n<div class=\"wp-block-button has-custom-width wp-block-button__width-100\"><a class=\"wp-block-button__link has-background wp-element-button\" style=\"background-color:#f0a286\"><strong>Par mani<\/strong><\/a><\/div>\n<\/div>\n\n\n\n<div style=\"height:23px\" aria-hidden=\"true\" class=\"wp-block-spacer\"><\/div>\n\n\n\n<p>Es esmu ge\u0161talta terapeite, un mani galvenie principi darb\u0101 ir atv\u0113rt\u012bba, sirsn\u012bba, uzklaus\u012b\u0161ana un uzklaus\u012b\u0161ana. Ar mani j\u016bs var\u0113siet run\u0101t par sare\u017e\u0123\u012btiem p\u0101rdz\u012bvojumiem, tostarp par tiem, kas saist\u012bti ar attiec\u012bb\u0101m. Es jums pal\u012bdz\u0113\u0161u tikt gal\u0101 ar t\u0101d\u0101m j\u016bt\u0101m k\u0101 bailes, vainas apzi\u0146a un kauns, vientul\u012bba un trauksme.<\/p>\n\n\n\n<div style=\"height:23px\" aria-hidden=\"true\" class=\"wp-block-spacer\"><\/div>\n\n\n\n<div class=\"wp-block-buttons is-layout-flex wp-block-buttons-is-layout-flex\">\n<div class=\"wp-block-button has-custom-width wp-block-button__width-100\"><a class=\"wp-block-button__link has-background wp-element-button\" style=\"background-color:#f0a286\"><strong>Darba jomas<\/strong><\/a><\/div>\n<\/div>\n\n\n\n<div style=\"height:23px\" aria-hidden=\"true\" class=\"wp-block-spacer\"><\/div>\n\n\n\n<ol class=\"wp-block-list\">\n<li>Gr\u016bt\u012bbas p\u0101ru un \u0123imenes attiec\u012bb\u0101s.<\/li>\n\n\n\n<li>Laul\u012bbas \u0161\u0137ir\u0161ana.<\/li>\n\n\n\n<li>Bailes, paaugstin\u0101ta trauksme.<\/li>\n\n\n\n<li>Personisk\u0101s un profesion\u0101l\u0101s kr\u012bzes.<\/li>\n\n\n\n<li>Skumju un zaud\u0113juma p\u0101rdz\u012bvojums.<\/li>\n\n\n\n<li>P\u0101rliec\u012bbas tr\u016bkums, zems pa\u0161v\u0113rt\u0113jums.<\/li>\n\n\n\n<li>Gr\u016btniec\u012bba, dzemd\u012bbas.<\/li>\n\n\n\n<li>P\u0101rcel\u0161an\u0101s, emigr\u0101cija<\/li>\n\n\n\n<li>Emocion\u0101l\u0101 atkar\u012bba<\/li>\n<\/ol>\n\n\n\n<p>Pierakstieties un dro\u0161\u0101 vid\u0113 var\u0113siet iepaz\u012bt sevi un atrast jaunus, konstrukt\u012bvus veidus, k\u0101 dz\u012bvot un b\u016bt laim\u012bgam.<\/p>\n\n\n\n<div style=\"height:23px\" aria-hidden=\"true\" class=\"wp-block-spacer\"><\/div>\n\n\n\n<div class=\"wp-block-buttons is-layout-flex wp-block-buttons-is-layout-flex\">\n<div class=\"wp-block-button has-custom-width wp-block-button__width-100\"><a class=\"wp-block-button__link has-background wp-element-button\" style=\"background-color:#f0a286\"><strong>Es nestr\u0101d\u0101ju <\/strong><\/a><\/div>\n<\/div>\n\n\n\n<div style=\"height:23px\" aria-hidden=\"true\" class=\"wp-block-spacer\"><\/div>\n\n\n\n<p><strong>ar atkar\u012bb\u0101m, kaujiniekiem, psihotiskiem st\u0101vok\u013ciem.<\/strong><\/p>\n\n\n\n<div style=\"height:23px\" aria-hidden=\"true\" class=\"wp-block-spacer\"><\/div>\n<\/div><\/div>\n\n\n\n<hr class=\"wp-block-separator has-alpha-channel-opacity\"\/>\n\n\n\n<h3 class=\"wp-block-heading\">Re\u0123istr\u0113jieties<\/h3>\n\n\n<div class=\"webba_booking_form_v6\" data-service=\"27\"\n    data-category-list=\"no\" data-category=\"0\"\n    data-multiservice=\"\" ><\/div>","protected":false},"excerpt":{"rendered":"<p>\u0418\u0440\u0438\u043d\u0430 \u0421\u0430\u0440\u043f\u043e\u0432\u0430 \u0414\u043e\u0431\u0440\u043e \u043f\u043e\u0436\u0430\u043b\u043e\u0432\u0430\u0442\u044c! \u042f \u0433\u0435\u0448\u0442\u0430\u043b\u044c\u0442-\u0442\u0435\u0440\u0430\u043f\u0435\u0432\u0442, \u0438 \u043c\u043e\u0438 \u0433\u043b\u0430\u0432\u043d\u044b\u0435 \u043f\u0440\u0438\u043d\u0446\u0438\u043f\u044b \u0432 \u0440\u0430\u0431\u043e\u0442\u0435 &#8211; \u044d\u0442\u043e \u043e\u0442\u043a\u0440\u044b\u0442\u043e\u0441\u0442\u044c, \u0438\u0441\u043a\u0440\u0435\u043d\u043d\u043e\u0441\u0442\u044c, \u0443\u043c\u0435\u043d\u0438\u0435 \u0441\u043b\u044b\u0448\u0430\u0442\u044c \u0438 \u0441\u043b\u0443\u0448\u0430\u0442\u044c. \u0421\u043e \u043c\u043d\u043e\u0439 \u0432\u044b \u0441\u043c\u043e\u0436\u0435\u0442\u0435 \u0433\u043e\u0432\u043e\u0440\u0438\u0442\u044c \u043e \u043d\u0435\u043f\u0440\u043e\u0441\u0442\u044b\u0445 \u043f\u0435\u0440\u0435\u0436\u0438\u0432\u0430\u043d\u0438\u044f\u0445, \u0432 \u0442\u043e\u043c \u0447\u0438\u0441\u043b\u0435 \u0441\u0432\u044f\u0437\u0430\u043d\u043d\u044b\u0445 \u0441 \u043e\u0442\u043d\u043e\u0448\u0435\u043d\u0438\u044f\u043c\u0438. \u042f \u043f\u043e\u043c\u043e\u0433\u0443 \u0432 \u043f\u0440\u043e\u0436\u0438\u0432\u0430\u043d\u0438\u0438 \u0442\u0430\u043a\u0438\u0445 \u0447\u0443\u0432\u0441\u0442\u0432, \u043a\u0430\u043a \u0441\u0442\u0440\u0430\u0445, \u0432\u0438\u043d\u0430 \u0438 \u0441\u0442\u044b\u0434, \u043e\u0434\u0438\u043d\u043e\u0447\u0435\u0441\u0442\u0432\u043e, \u0442\u0440\u0435\u0432\u043e\u0436\u043d\u043e\u0441\u0442\u044c. \u0417\u0430\u043f\u0438\u0441\u044b\u0432\u0430\u0439\u0442\u0435\u0441\u044c, \u0438 \u0432 \u0431\u0435\u0437\u043e\u043f\u0430\u0441\u043d\u043e\u0439 \u043e\u0431\u0441\u0442\u0430\u043d\u043e\u0432\u043a\u0435 \u0432\u044b \u0441\u043c\u043e\u0436\u0435\u0442\u0435 \u0443\u0437\u043d\u0430\u0442\u044c [&hellip;]<\/p>","protected":false},"author":1,"featured_media":0,"parent":0,"menu_order":0,"comment_status":"closed","ping_status":"closed","template":"","meta":{"_acf_changed":false,"om_disable_all_campaigns":false,"_uf_show_specific_survey":0,"_uf_disable_surveys":false,"footnotes":""},"class_list":["post-3785","page","type-page","status-publish","hentry"],"acf":[],"aioseo_notices":[],"jetpack_sharing_enabled":true,"_links":{"self":[{"href":"https:\/\/zabota.eu\/lv\/wp-json\/wp\/v2\/pages\/3785","targetHints":{"allow":["GET"]}}],"collection":[{"href":"https:\/\/zabota.eu\/lv\/wp-json\/wp\/v2\/pages"}],"about":[{"href":"https:\/\/zabota.eu\/lv\/wp-json\/wp\/v2\/types\/page"}],"author":[{"embeddable":true,"href":"https:\/\/zabota.eu\/lv\/wp-json\/wp\/v2\/users\/1"}],"replies":[{"embeddable":true,"href":"https:\/\/zabota.eu\/lv\/wp-json\/wp\/v2\/comments?post=3785"}],"version-history":[{"count":13,"href":"https:\/\/zabota.eu\/lv\/wp-json\/wp\/v2\/pages\/3785\/revisions"}],"predecessor-version":[{"id":5530,"href":"https:\/\/zabota.eu\/lv\/wp-json\/wp\/v2\/pages\/3785\/revisions\/5530"}],"wp:attachment":[{"href":"https:\/\/zabota.eu\/lv\/wp-json\/wp\/v2\/media?parent=3785"}],"curies":[{"name":"wp","href":"https:\/\/api.w.org\/{rel}","templated":true}]}}