{"id":3677,"date":"2024-08-06T08:33:59","date_gmt":"2024-08-06T08:33:59","guid":{"rendered":"https:\/\/psytalk.eu\/?page_id=3677"},"modified":"2025-02-01T00:45:30","modified_gmt":"2025-01-31T21:45:30","slug":"diveikina-anastasiya-yurevna","status":"publish","type":"page","link":"https:\/\/zabota.eu\/lv\/diveikina-anastasiya-yurevna\/","title":{"rendered":"\u041a\u043b\u0438\u043d\u0438\u0447\u0435\u0441\u043a\u0438\u0439 \u043f\u0441\u0438\u0445\u043e\u043b\u043e\u0433: \u0432\u0430\u0448 \u043f\u0443\u0442\u044c \u043a \u044d\u043c\u043e\u0446\u0438\u043e\u043d\u0430\u043b\u044c\u043d\u043e\u043c\u0443 \u0437\u0434\u043e\u0440\u043e\u0432\u044c\u044e"},"content":{"rendered":"<figure class=\"wp-block-image size-full is-resized\"><img fetchpriority=\"high\" decoding=\"async\" width=\"920\" height=\"1002\" src=\"https:\/\/zabota.eu\/wp-content\/uploads\/2024\/09\/screenshot-2024-09-22-at-15.16.38.png\" alt=\"\" class=\"wp-image-4039\" style=\"width:416px;height:auto\" srcset=\"https:\/\/zabota.eu\/wp-content\/uploads\/2024\/09\/screenshot-2024-09-22-at-15.16.38.png 920w, https:\/\/zabota.eu\/wp-content\/uploads\/2024\/09\/screenshot-2024-09-22-at-15.16.38-275x300.png 275w, https:\/\/zabota.eu\/wp-content\/uploads\/2024\/09\/screenshot-2024-09-22-at-15.16.38-768x836.png 768w\" sizes=\"(max-width: 920px) 100vw, 920px\" \/><\/figure>\n\n\n\n<div class=\"wp-block-file\"><a id=\"wp-block-file--media-79c7f2f6-9b94-4082-b55e-2571201df516\" href=\"https:\/\/zabota.eu\/wp-content\/uploads\/2024\/09\/divejkina-anastasiya-.mp4\"><strong>Video sveiciens &gt;<\/strong><\/a><\/div>\n\n\n\n<h2 class=\"wp-block-heading\">Anastasija Diveikina<\/h2>\n\n\n\n<hr class=\"wp-block-separator has-alpha-channel-opacity\"\/>\n\n\n\n<p>Sveicieni!<\/p>\n\n\n\n<div style=\"height:20px\" aria-hidden=\"true\" class=\"wp-block-spacer\"><\/div>\n\n\n\n<div class=\"wp-block-buttons is-layout-flex wp-block-buttons-is-layout-flex\">\n<div class=\"wp-block-button has-custom-width wp-block-button__width-100\"><a class=\"wp-block-button__link has-background wp-element-button\" style=\"background-color:#f0a286\"><strong>Par mani<\/strong><\/a><\/div>\n<\/div>\n\n\n\n<div style=\"height:20px\" aria-hidden=\"true\" class=\"wp-block-spacer\"><\/div>\n\n\n\n<p>Mani sauc D\u017e\u016blija, un es esmu kl\u012bnisk\u0101 psiholo\u0123e. Es izmantoju kognit\u012bvi uzved\u012bbas terapiju, eksistenci\u0101li anal\u012btisko pieeju un integrat\u012bv\u0101s metodes. Mani klienti st\u0101sta par komfortablu atmosf\u0113ru, kur\u0101 ir viegli risin\u0101t sare\u017e\u0123\u012btas probl\u0113mas. Mans m\u0113r\u0137is ir pal\u012bdz\u0113t jums atrast risin\u0101jumus, lai dz\u012bve b\u016btu apmierino\u0161\u0101ka. Es pie\u0146emu pieaugu\u0161os un pusaud\u017eus.<\/p>\n\n\n\n<div style=\"height:20px\" aria-hidden=\"true\" class=\"wp-block-spacer\"><\/div>\n\n\n\n<div class=\"wp-block-buttons is-layout-flex wp-block-buttons-is-layout-flex\">\n<div class=\"wp-block-button has-custom-width wp-block-button__width-100\"><a class=\"wp-block-button__link has-background wp-element-button\" style=\"background-color:#f0a286\"><strong>T\u0113mas, ar kur\u0101m es str\u0101d\u0101ju<\/strong><\/a><\/div>\n<\/div>\n\n\n\n<div style=\"height:20px\" aria-hidden=\"true\" class=\"wp-block-spacer\"><\/div>\n\n\n\n<ol class=\"wp-block-list\">\n<li>Emocion\u0101l\u0101 un profesion\u0101l\u0101 izdeg\u0161ana.<\/li>\n\n\n\n<li>Trauksme, bailes, stress.<\/li>\n\n\n\n<li>zems pa\u0161v\u0113rt\u0113jums.<\/li>\n\n\n\n<li>Attiec\u012bbu probl\u0113mas.<\/li>\n\n\n\n<li>Vientul\u012bba, vainas apzi\u0146a, kauns.<\/li>\n\n\n\n<li>Ap\u0101tija, ener\u0123ijas tr\u016bkums.<\/li>\n\n\n\n<li>Agresija, pa\u0161noteik\u0161an\u0101s.<\/li>\n\n\n\n<li>Personisk\u0101s robe\u017eas, no\u0161\u0137irt\u012bba.<\/li>\n<\/ol>\n\n\n\n<div style=\"height:20px\" aria-hidden=\"true\" class=\"wp-block-spacer\"><\/div>\n\n\n\n<hr class=\"wp-block-separator has-alpha-channel-opacity\"\/>\n\n\n\n<h3 class=\"wp-block-heading\"><strong>Re\u0123istr\u0113jieties<\/strong><\/h3>\n\n\n<div class=\"webba_booking_form_v6\" data-service=\"10\"\n    data-category-list=\"no\" data-category=\"0\"\n    data-multiservice=\"\" ><\/div>","protected":false},"excerpt":{"rendered":"<p>\u0410\u043d\u0430\u0441\u0442\u0430\u0441\u0438\u044f \u0414\u0438\u0432\u0435\u0439\u043a\u0438\u043d\u0430 \u041f\u0440\u0438\u0432\u0435\u0442\u0441\u0442\u0432\u0443\u044e \u0432\u0430\u0441! \u041c\u0435\u043d\u044f \u0437\u043e\u0432\u0443\u0442 \u042e\u043b\u0438\u044f, \u044f \u043a\u043b\u0438\u043d\u0438\u0447\u0435\u0441\u043a\u0438\u0439 \u043f\u0441\u0438\u0445\u043e\u043b\u043e\u0433. \u042f \u0438\u0441\u043f\u043e\u043b\u044c\u0437\u0443\u044e \u043a\u043e\u0433\u043d\u0438\u0442\u0438\u0432\u043d\u043e-\u043f\u043e\u0432\u0435\u0434\u0435\u043d\u0447\u0435\u0441\u043a\u0443\u044e \u0442\u0435\u0440\u0430\u043f\u0438\u044e, \u044d\u043a\u0437\u0438\u0441\u0442\u0435\u043d\u0446\u0438\u0430\u043b\u044c\u043d\u043e-\u0430\u043d\u0430\u043b\u0438\u0442\u0438\u0447\u0435\u0441\u043a\u0438\u0439 \u043f\u043e\u0434\u0445\u043e\u0434 \u0438 \u0438\u043d\u0442\u0435\u0433\u0440\u0430\u0442\u0438\u0432\u043d\u044b\u0435 \u043c\u0435\u0442\u043e\u0434\u044b. \u041c\u043e\u0438 \u043a\u043b\u0438\u0435\u043d\u0442\u044b \u043e\u0442\u043c\u0435\u0447\u0430\u044e\u0442 \u043a\u043e\u043c\u0444\u043e\u0440\u0442\u043d\u0443\u044e \u0430\u0442\u043c\u043e\u0441\u0444\u0435\u0440\u0443, \u0432 \u043a\u043e\u0442\u043e\u0440\u043e\u0439 \u043b\u0435\u0433\u043a\u043e \u0440\u0435\u0448\u0430\u0442\u044c \u0441\u043b\u043e\u0436\u043d\u044b\u0435 \u0437\u0430\u0434\u0430\u0447\u0438. \u041c\u043e\u044f \u0446\u0435\u043b\u044c \u2014 \u043f\u043e\u043c\u043e\u0447\u044c \u0432\u0430\u043c \u043d\u0430\u0439\u0442\u0438 \u0440\u0435\u0448\u0435\u043d\u0438\u044f \u0434\u043b\u044f \u0431\u043e\u043b\u0435\u0435 \u0443\u0434\u043e\u0432\u043b\u0435\u0442\u0432\u043e\u0440\u044f\u044e\u0449\u0435\u0439 \u0436\u0438\u0437\u043d\u0438. \u041f\u0440\u0438\u043d\u0438\u043c\u0430\u044e \u0432\u0437\u0440\u043e\u0441\u043b\u044b\u0445 \u0438 \u043f\u043e\u0434\u0440\u043e\u0441\u0442\u043a\u043e\u0432. \u0417\u0430\u043f\u0438\u0441\u0430\u0442\u044c\u0441\u044f<\/p>","protected":false},"author":1,"featured_media":0,"parent":0,"menu_order":0,"comment_status":"closed","ping_status":"closed","template":"","meta":{"_acf_changed":false,"om_disable_all_campaigns":false,"_uf_show_specific_survey":0,"_uf_disable_surveys":false,"footnotes":""},"class_list":["post-3677","page","type-page","status-publish","hentry"],"acf":[],"aioseo_notices":[],"jetpack_sharing_enabled":true,"_links":{"self":[{"href":"https:\/\/zabota.eu\/lv\/wp-json\/wp\/v2\/pages\/3677","targetHints":{"allow":["GET"]}}],"collection":[{"href":"https:\/\/zabota.eu\/lv\/wp-json\/wp\/v2\/pages"}],"about":[{"href":"https:\/\/zabota.eu\/lv\/wp-json\/wp\/v2\/types\/page"}],"author":[{"embeddable":true,"href":"https:\/\/zabota.eu\/lv\/wp-json\/wp\/v2\/users\/1"}],"replies":[{"embeddable":true,"href":"https:\/\/zabota.eu\/lv\/wp-json\/wp\/v2\/comments?post=3677"}],"version-history":[{"count":13,"href":"https:\/\/zabota.eu\/lv\/wp-json\/wp\/v2\/pages\/3677\/revisions"}],"predecessor-version":[{"id":5513,"href":"https:\/\/zabota.eu\/lv\/wp-json\/wp\/v2\/pages\/3677\/revisions\/5513"}],"wp:attachment":[{"href":"https:\/\/zabota.eu\/lv\/wp-json\/wp\/v2\/media?parent=3677"}],"curies":[{"name":"wp","href":"https:\/\/api.w.org\/{rel}","templated":true}]}}