{"id":3416,"date":"2024-08-04T08:05:40","date_gmt":"2024-08-04T08:05:40","guid":{"rendered":"https:\/\/psytalk.eu\/?page_id=3416"},"modified":"2025-02-01T00:59:39","modified_gmt":"2025-01-31T21:59:39","slug":"sergei-sikorin","status":"publish","type":"page","link":"https:\/\/zabota.eu\/lv\/sergei-sikorin\/","title":{"rendered":"\u0421\u0438\u043a\u043e\u0440\u0438\u043d \u0421\u0435\u0440\u0433\u0435\u0439"},"content":{"rendered":"<div style=\"height:0px\" aria-hidden=\"true\" class=\"wp-block-spacer\"><\/div>\n\n\n\n\n\n\n\n<figure class=\"wp-block-image size-full is-resized\"><img fetchpriority=\"high\" decoding=\"async\" width=\"958\" height=\"1004\" src=\"https:\/\/zabota.eu\/wp-content\/uploads\/2024\/09\/screenshot-2024-09-26-at-13.21.23.png\" alt=\"\" class=\"wp-image-4163\" style=\"width:368px;height:auto\" srcset=\"https:\/\/zabota.eu\/wp-content\/uploads\/2024\/09\/screenshot-2024-09-26-at-13.21.23.png 958w, https:\/\/zabota.eu\/wp-content\/uploads\/2024\/09\/screenshot-2024-09-26-at-13.21.23-286x300.png 286w, https:\/\/zabota.eu\/wp-content\/uploads\/2024\/09\/screenshot-2024-09-26-at-13.21.23-768x805.png 768w\" sizes=\"(max-width: 958px) 100vw, 958px\" \/><\/figure>\n\n\n\n<div class=\"wp-block-file alignleft has-white-background-color has-background\"><a id=\"wp-block-file--media-0ac62b17-0e48-481c-8311-a39247204aa5\" href=\"https:\/\/zabota.eu\/wp-content\/uploads\/2024\/09\/sergej-sikorin.mp4\"><strong>Video sveiciens<\/strong> &gt;<\/a><\/div>\n\n\n\n<div style=\"height:13px\" aria-hidden=\"true\" class=\"wp-block-spacer\"><\/div>\n\n\n\n<h2 class=\"wp-block-heading\"><sub>Sergejs Sikorins<\/sub><\/h2>\n\n\n\n<hr class=\"wp-block-separator has-alpha-channel-opacity\"\/>\n\n\n\n<div class=\"wp-block-group\"><div class=\"wp-block-group__inner-container is-layout-constrained wp-block-group-is-layout-constrained\">\n<p class=\"has-text-align-left\">Laipni l\u016bdzam!<\/p>\n<\/div><\/div>\n\n\n\n<div class=\"wp-block-group\"><div class=\"wp-block-group__inner-container is-layout-constrained wp-block-group-is-layout-constrained\">\n<div style=\"height:14px\" aria-hidden=\"true\" class=\"wp-block-spacer\"><\/div>\n<\/div><\/div>\n\n\n\n<div aria-hidden=\"true\" class=\"wp-block-spacer\"><\/div>\n\n\n\n<div class=\"wp-block-buttons is-layout-flex wp-block-buttons-is-layout-flex\">\n<div class=\"wp-block-button has-custom-width wp-block-button__width-100\"><a class=\"wp-block-button__link has-background wp-element-button\" style=\"background-color:#f0a286\"><strong>Profesion\u0101la pal\u012bdz\u012bba<\/strong><\/a><\/div>\n<\/div>\n\n\n\n<div style=\"height:21px\" aria-hidden=\"true\" class=\"wp-block-spacer\"><\/div>\n\n\n\n<ol class=\"wp-block-list\">\n<li><strong>Uzved\u012bbas izmai\u0146as<\/strong>lai j\u016bs var\u0113tu dz\u012bvot produkt\u012bv\u0101ku un apmierino\u0161\u0101ku dz\u012bvi, neskatoties uz soci\u0101lajiem ierobe\u017eojumiem.<\/li>\n\n\n\n<li><strong>P\u0101rvar\u0113\u0161anas prasmju att\u012bst\u012b\u0161ana<\/strong> un piel\u0101goties jauniem dz\u012bves apst\u0101k\u013ciem.<\/li>\n\n\n\n<li><strong>Efekt\u012bvu un svar\u012bgu l\u0113mumu pie\u0146em\u0161ana<\/strong>kas pal\u012bdz\u0113s jums virz\u012bties uz priek\u0161u.<\/li>\n\n\n\n<li><strong>Vesel\u012bgu starppersonu attiec\u012bbu veido\u0161ana un uztur\u0113\u0161ana<\/strong> lai uzlabotu j\u016bsu dz\u012bves kvalit\u0101ti.<\/li>\n\n\n\n<li><strong>Person\u012bg\u0101 potenci\u0101la atrais\u012b\u0161ana un uzlabo\u0161ana<\/strong>lai j\u016bs var\u0113tu maksim\u0101li izmantot savu potenci\u0101lu.<\/li>\n<\/ol>\n\n\n\n<div style=\"height:27px\" aria-hidden=\"true\" class=\"wp-block-spacer\"><\/div>\n\n\n\n<div class=\"wp-block-buttons is-layout-flex wp-block-buttons-is-layout-flex\">\n<div class=\"wp-block-button has-custom-width wp-block-button__width-100 is-style-fill\"><a class=\"wp-block-button__link has-background wp-element-button\" style=\"background-color:#f0a286\"><strong>Es str\u0101d\u0101ju ar<\/strong><\/a><\/div>\n<\/div>\n\n\n\n<div style=\"height:27px\" aria-hidden=\"true\" class=\"wp-block-spacer\"><\/div>\n\n\n\n<ol class=\"wp-block-list\">\n<li>Person\u012bbas probl\u0113mas.<\/li>\n\n\n\n<li>Trauksmes st\u0101vok\u013ci.<\/li>\n\n\n\n<li>Fobijas un bailes.<\/li>\n\n\n\n<li>Ap\u0101tija un depresija.<\/li>\n\n\n\n<li>Psiholo\u0123isk\u0101s atkar\u012bbas.<\/li>\n\n\n\n<li>Starppersonu attiec\u012bbas.<\/li>\n<\/ol>\n\n\n\n<div style=\"height:15px\" aria-hidden=\"true\" class=\"wp-block-spacer\"><\/div>\n\n\n\n<p><strong>S\u0101ksim ce\u013cu uz pozit\u012bv\u0101m p\u0101rmai\u0146\u0101m jau \u0161odien!<\/strong><\/p>\n\n\n\n<div style=\"height:27px\" aria-hidden=\"true\" class=\"wp-block-spacer\"><\/div>\n\n\n\n<h3 class=\"wp-block-heading\">Re\u0123istr\u0113jieties<\/h3>\n\n\n<div class=\"webba_booking_form_v6\" data-service=\"26\"\n    data-category-list=\"no\" data-category=\"0\"\n    data-multiservice=\"\" ><\/div>","protected":false},"excerpt":{"rendered":"<p>\u0421\u0435\u0440\u0433\u0435\u0439 \u0421\u0438\u043a\u043e\u0440\u0438\u043d \u0414\u043e\u0431\u0440\u043e \u043f\u043e\u0436\u0430\u043b\u043e\u0432\u0430\u0442\u044c! \u041d\u0430\u0447\u043d\u0435\u043c \u043f\u0443\u0442\u044c \u043a \u043f\u043e\u0437\u0438\u0442\u0438\u0432\u043d\u044b\u043c \u0438\u0437\u043c\u0435\u043d\u0435\u043d\u0438\u044f\u043c \u0443\u0436\u0435 \u0441\u0435\u0433\u043e\u0434\u043d\u044f! \u0417\u0430\u043f\u0438\u0441\u0430\u0442\u044c\u0441\u044f<\/p>","protected":false},"author":1,"featured_media":0,"parent":0,"menu_order":0,"comment_status":"closed","ping_status":"closed","template":"","meta":{"_acf_changed":false,"om_disable_all_campaigns":false,"_uf_show_specific_survey":0,"_uf_disable_surveys":false,"footnotes":""},"class_list":["post-3416","page","type-page","status-publish","hentry"],"acf":[],"aioseo_notices":[],"jetpack_sharing_enabled":true,"_links":{"self":[{"href":"https:\/\/zabota.eu\/lv\/wp-json\/wp\/v2\/pages\/3416","targetHints":{"allow":["GET"]}}],"collection":[{"href":"https:\/\/zabota.eu\/lv\/wp-json\/wp\/v2\/pages"}],"about":[{"href":"https:\/\/zabota.eu\/lv\/wp-json\/wp\/v2\/types\/page"}],"author":[{"embeddable":true,"href":"https:\/\/zabota.eu\/lv\/wp-json\/wp\/v2\/users\/1"}],"replies":[{"embeddable":true,"href":"https:\/\/zabota.eu\/lv\/wp-json\/wp\/v2\/comments?post=3416"}],"version-history":[{"count":52,"href":"https:\/\/zabota.eu\/lv\/wp-json\/wp\/v2\/pages\/3416\/revisions"}],"predecessor-version":[{"id":5529,"href":"https:\/\/zabota.eu\/lv\/wp-json\/wp\/v2\/pages\/3416\/revisions\/5529"}],"wp:attachment":[{"href":"https:\/\/zabota.eu\/lv\/wp-json\/wp\/v2\/media?parent=3416"}],"curies":[{"name":"wp","href":"https:\/\/api.w.org\/{rel}","templated":true}]}}