{"id":3,"date":"2024-07-21T04:37:03","date_gmt":"2024-07-21T04:37:03","guid":{"rendered":"https:\/\/psytalk.eu\/?page_id=3"},"modified":"2024-09-24T18:23:19","modified_gmt":"2024-09-24T18:23:19","slug":"privacy-policy-2","status":"publish","type":"page","link":"https:\/\/zabota.eu\/lv\/privacy-policy-2\/","title":{"rendered":"Konfidencialit\u0101tes politika"},"content":{"rendered":"<h2 class=\"wp-block-heading has-text-align-left\"><sup>Konfidencialit\u0101tes politika<\/sup><\/h2>\n\n\n\n<p>\u0160\u012b Priv\u0101tuma politika (turpm\u0101k - Politika) ir izstr\u0101d\u0101ta saska\u0146\u0101 ar sp\u0113k\u0101 eso\u0161o ties\u012bbu aktu pras\u012bb\u0101m, tostarp Arm\u0113nijas Republikas 17.12.2008. likumu Nr. PD-190 \"Par personas datiem\" (turpm\u0101k - Nr. PD-190), Eiropas Savien\u012bbas ties\u012bbu aktiem un citiem piem\u0113rojamiem normat\u012bvajiem aktiem priv\u0101tuma un datu apstr\u0101des jom\u0101, tostarp Eiropas Parlamenta un Padomes Regulu (ES) 2016\/679 par fizisku personu aizsardz\u012bbu attiec\u012bb\u0101 uz personas datu apstr\u0101di un \u0161\u0101du datu br\u012bvu apriti un ar ko atce\u013c Direkt\u012bvu 95\/46\/EK (Visp\u0101r\u012bg\u0101). T\u0101 regul\u0113 Latvijas Republik\u0101 re\u0123istr\u0113t\u0101s SIA \"Doca\" [vienotais re\u0123istr\u0101cijas numurs: 40203426652] personas datu apstr\u0101di, kas sa\u0146emti no personas datu subjektiem - fizisk\u0101m person\u0101m (turpm\u0101k - Personas datu subjekti, Lietot\u0101ji) saist\u012bb\u0101 ar Psytalk programmat\u016bras pakotnes, kas pieejama inform\u0101cijas un telekomunik\u0101ciju t\u012bkl\u0101 \"Internets\" adres\u0113, nodro\u0161in\u0101\u0161anu: <a href=\"https:\/\/zabota.eu\/lv\/\">https:\/\/zabota.eu<\/a> (turpm\u0101k tekst\u0101 - \"Pakalpojums\").<\/p>\n\n\n\n<p>L\u016bdzu, uzman\u012bgi izlasiet Priv\u0101tuma politiku, lai saprastu, k\u0101diem nol\u016bkiem m\u0113s apstr\u0101d\u0101jam j\u016bsu personas datus un k\u0101 j\u016bs varat izmantot savas ties\u012bbas saist\u012bb\u0101 ar j\u016bsu personas datiem, ko apstr\u0101d\u0101 Operators.<\/p>\n\n\n\n<p>Personas dati ir jebkura inform\u0101cija, kas tie\u0161i vai netie\u0161i attiecas uz konkr\u0113tu personu - Klientu vai Speci\u0101listu.<\/p>\n\n\n\n<p>Datu subjekta personas inform\u0101cijas nodo\u0161ana noz\u012bm\u0113, ka datu subjekts bez nosac\u012bjumiem piekr\u012bt Priv\u0101tuma politikas noteikumiem un taj\u0101 nor\u0101d\u012btajiem personas datu apstr\u0101des nosac\u012bjumiem. Gad\u012bjum\u0101, ja personas datu subjekts nepiekr\u012bt Priv\u0101tuma politikas noteikumiem, personas datu subjekts atturas no personas inform\u0101cijas nodo\u0161anas Operatoram.<\/p>\n\n\n\n<p>Personas datu subjekti var b\u016bt Klienti un speci\u0101listi (psihologi), kas izmanto Pakalpojumu. \u012apa\u0161i noteikumi da\u017e\u0101du kategoriju subjektu personas datu aizsardz\u012bbai var tikt noteikti lieto\u0161anas noteikumos un l\u012bgum\u0101 ar speci\u0101listu.<\/p>\n\n\n\n<p>\u0160\u012bs politikas m\u0113r\u0137is ir inform\u0113t par Operatora r\u012bc\u012bbu personas datu apstr\u0101des un aizsardz\u012bbas jom\u0101.<\/p>\n\n\n\n<p>Ar j\u016bsu piekri\u0161anu Operators var veikt jebk\u0101das darb\u012bbas ar personas datiem, kas nor\u0101d\u012btas politik\u0101, tostarp v\u0101kt, re\u0123istr\u0113t, sistematiz\u0113t, glab\u0101t, izmantot, p\u0101rs\u016bt\u012bt (izplat\u012bt, sniegt, piek\u013c\u016bt), blo\u0137\u0113t, dz\u0113st un izn\u012bcin\u0101t, uzkr\u0101t, preciz\u0113t (atjaunin\u0101t, main\u012bt), ieg\u016bt, anonimiz\u0113t.<\/p>\n\n\n\n<p>Operators ir atbild\u012bgs par personas datu apstr\u0101des nol\u016bkiem un var nodot vai uzdot apstr\u0101d\u0101t personas datus saska\u0146\u0101 ar ties\u012bbu aktiem.<\/p>\n\n\n\n<p>Personas datu apstr\u0101di var p\u0101rtraukt, kad ir sasniegti apstr\u0101des nol\u016bki, p\u0113c datu subjekta piepras\u012bjuma vai ja tiek konstat\u0113ta nelikum\u012bga apstr\u0101de.<\/p>\n\n\n\n<hr class=\"wp-block-separator has-alpha-channel-opacity\"\/>\n\n\n\n<h3 class=\"wp-block-heading\"><strong>1. <\/strong><strong>Pamata j\u0113dzieni<\/strong><strong> un defin\u012bcijas<\/strong><\/h3>\n\n\n\n<p><strong>Personas dati<\/strong> - jebk\u0101du inform\u0101ciju, kas attiecas uz tie\u0161i vai netie\u0161i identific\u0113tu vai identific\u0113jamu personas datu subjektu.<\/p>\n\n\n\n<p><strong>Personas datu apstr\u0101de<\/strong> - jebkura darb\u012bba (oper\u0101cija) vai darb\u012bbu (oper\u0101ciju) kopums, kas ar vai bez automatiz\u0101cijas l\u012bdzek\u013cu izmanto\u0161anas tiek veikta ar personas datiem, tostarp personas datu v\u0101k\u0161ana, re\u0123istr\u0113\u0161ana, sistematiz\u0113\u0161ana, uzkr\u0101\u0161ana, glab\u0101\u0161ana, preciz\u0113\u0161ana (atjaunin\u0101\u0161ana, main\u012b\u0161ana), ieg\u016b\u0161ana, izmanto\u0161ana, nos\u016bt\u012b\u0161ana (izplat\u012b\u0161ana, snieg\u0161ana, piek\u013cuve), blo\u0137\u0113\u0161ana, dz\u0113\u0161ana, izn\u012bcin\u0101\u0161ana.<\/p>\n\n\n\n<p><strong>Automatiz\u0113ta personas datu apstr\u0101de<\/strong> - personas datu apstr\u0101de ar skait\u013co\u0161anas tehnikas pal\u012bdz\u012bbu.<\/p>\n\n\n\n<p><strong>Personas datu izplat\u012b\u0161ana<\/strong> - darb\u012bbas, kuru m\u0113r\u0137is ir izpaust personas datus nenoteiktam personu skaitam.<\/p>\n\n\n\n<p><strong>Personas datu snieg\u0161ana<\/strong> - darb\u012bbas, kuru m\u0113r\u0137is ir personas datu izpau\u0161ana konkr\u0113tai personai vai noteiktam personu lokam.<\/p>\n\n\n\n<p><strong>Personas datu blo\u0137\u0113\u0161ana<\/strong> - uz laiku p\u0101rtraukt personas datu apstr\u0101di (iz\u0146emot gad\u012bjumus, kad apstr\u0101de ir nepiecie\u0161ama, lai noskaidrotu personas datus).<\/p>\n\n\n\n<p><strong>Personas datu izn\u012bcin\u0101\u0161ana<\/strong> - darb\u012bbas, kuru rezult\u0101t\u0101 k\u013c\u016bst neiesp\u0113jami atjaunot personas datu saturu personas datu inform\u0101cijas sist\u0113m\u0101 un (vai) kuru rezult\u0101t\u0101 tiek izn\u012bcin\u0101ti personas datu materi\u0101lie nes\u0113ji.<\/p>\n\n\n\n<p><strong>Personas datu identifik\u0101cijas atcel\u0161ana<\/strong> - darb\u012bbas, kuru rezult\u0101t\u0101 k\u013c\u016bst neiesp\u0113jami noteikt personas datu identit\u0101ti konkr\u0113tam datu subjektam, neizmantojot papildu inform\u0101ciju.<\/p>\n\n\n\n<p><strong>Personas datu inform\u0101cijas sist\u0113ma<\/strong> - datu b\u0101z\u0113s un inform\u0101cijas tehnolo\u0123ij\u0101s eso\u0161o personas datu kopumu un tehniskos l\u012bdzek\u013cus, kas nodro\u0161ina to apstr\u0101di.<\/p>\n\n\n\n<p><strong>Personas datu p\u0101rrobe\u017eu nos\u016bt\u012b\u0161ana<\/strong> - personas datu nos\u016bt\u012b\u0161ana uz \u0101rvalsts teritoriju \u0101rvalsts iest\u0101dei, \u0101rvalsts fiziskai personai vai \u0101rvalsts juridiskai personai.<\/p>\n\n\n\n<p><strong>Personas datu operators<\/strong> - individu\u0101lais komersants, kas patst\u0101v\u012bgi vai kop\u0101 ar cit\u0101m person\u0101m organiz\u0113 un (vai) veic personas datu apstr\u0101di, k\u0101 ar\u012b nosaka personas datu apstr\u0101des m\u0113r\u0137us, apstr\u0101d\u0101jamo personas datu sast\u0101vu, ar personas datiem veicam\u0101s darb\u012bbas (oper\u0101cijas).<\/p>\n\n\n\n<p><strong>T\u012bmek\u013ca vietne<\/strong> - grafisko un informat\u012bvo materi\u0101lu, k\u0101 ar\u012b datorprogrammu un datub\u0101zu kopumu, nodro\u0161inot to pieejam\u012bbu interneta vietn\u0113 nor\u0101d\u012btaj\u0101 adres\u0113:<a href=\"https:\/\/psyshub.eu\"> https:\/\/zabota.eu<\/a><\/p>\n\n\n\n<p><strong>IP adrese<\/strong> - t\u0101 datort\u012bkla mezgla unik\u0101l\u0101 t\u012bkla adrese, caur kuru Personas datu subjekts piek\u013c\u016bst Vietnei.<\/p>\n\n\n\n<p><strong>Personas datu subjekts<\/strong> - fizisk\u0101 persona, uz kuru attiecas attiec\u012bgie personas dati.<\/p>\n\n\n\n<p><strong>Lietot\u0101js<\/strong> - fizisk\u0101 persona, uz kuru attiecas attiec\u012bgie personas dati un kura p\u0101rl\u016bko t\u012bmek\u013ca vietnes saturu un\/vai izmanto t\u012bmek\u013ca vietnes funkcionalit\u0101ti.<\/p>\n\n\n\n<p><strong>Klients (Klients) <\/strong>- jebkura ties\u012bbsp\u0113j\u012bga fiziska persona, kas ir pie\u0146\u0113musi Operatora publisko pied\u0101v\u0101jumu. Publisk\u0101 pied\u0101v\u0101juma saturs un noteikumi ir atrodami t\u012bmek\u013ca vietn\u0113.<\/p>\n\n\n\n<p><strong>Operatora e-pasts<\/strong> - Operatora e-pasta adrese <a href=\"mailto:info@psyshub.eu\">info@psytalk.eu<\/a> kur datu subjekts sazin\u0101s par visiem jaut\u0101jumiem saist\u012bb\u0101 ar \u0161o konfidencialit\u0101tes politiku.<\/p>\n\n\n\n<hr class=\"wp-block-separator has-alpha-channel-opacity\"\/>\n\n\n\n<h3 class=\"wp-block-heading\"><strong>2. Personas datu apstr\u0101des m\u0113r\u0137i<\/strong><\/h3>\n\n\n\n<p>2.1 Operators apstr\u0101d\u0101 personas datu subjektu personas datus \u0161\u0101diem nol\u016bkiem:<\/p>\n\n\n\n<ul class=\"wp-block-list\">\n<li>Piek\u013cuves nodro\u0161in\u0101\u0161ana Pakalpojumam un t\u0101 funkcionalit\u0101tei.<\/li>\n\n\n\n<li>atgriezenisk\u0101 saite ar Lietot\u0101jiem, tostarp vi\u0146u piepras\u012bjumu un p\u0101rs\u016bdz\u012bbu apstr\u0101de.<\/li>\n\n\n\n<li>sniegto pakalpojumu kvalit\u0101tes uzlabo\u0161ana.<\/li>\n\n\n\n<li>Veiciet akcijas, aptaujas, intervijas, test\u0113\u0161anu un p\u0113t\u012bjumus.<\/li>\n\n\n\n<li>Inform\u0113\u0161ana par jaun\u0101m Pakalpojuma funkcij\u0101m un pakalpojumiem.<\/li>\n\n\n\n<li>Pakalpojuma izmanto\u0161anas uzraudz\u012bba un anal\u012bze, statistikas un anal\u012btisko datu uztur\u0113\u0161ana.<\/li>\n\n\n\n<li>Informat\u012bvo un rekl\u0101mas zi\u0146ojumu novirz\u012b\u0161ana.<\/li>\n<\/ul>\n\n\n\n<hr class=\"wp-block-separator has-alpha-channel-opacity\"\/>\n\n\n\n<h3 class=\"wp-block-heading\">3. K\u0101dus personas datus m\u0113s apstr\u0101d\u0101jam<\/h3>\n\n\n\n<p>3.1 Operators apstr\u0101d\u0101 \u0161\u0101dus personas datus:<\/p>\n\n\n\n<p><strong>Pakalpojuma klienti:<\/strong><\/p>\n\n\n\n<ul class=\"wp-block-list\">\n<li>V\u0101rds (p\u0113c personas datu subjekta ieskatiem).<\/li>\n\n\n\n<li>Vecums.<\/li>\n\n\n\n<li>Inform\u0101cija par dzimumu.<\/li>\n\n\n\n<li>E-pasta adrese.<\/li>\n\n\n\n<li>T\u0101lru\u0146a numurs vai segv\u0101rds Telegram Messenger.<\/li>\n\n\n\n<li>personas datu subjektu interes\u0113jo\u0161as psiholo\u0123ijas t\u0113mas.<\/li>\n\n\n\n<li>Citi dati, ko personas datu subjekts sniedz, izmantojot Pakalpojumu.<\/li>\n<\/ul>\n\n\n\n<p><strong>Pakalpojumu speci\u0101listi:<\/strong><\/p>\n\n\n\n<ul class=\"wp-block-list\">\n<li>Uzv\u0101rds, v\u0101rds, otrais v\u0101rds.<\/li>\n\n\n\n<li>Dzim\u0161anas datums (datums, m\u0113nesis, gads).<\/li>\n\n\n\n<li>Inform\u0101cija par dzimumu.<\/li>\n\n\n\n<li>T\u0101lru\u0146a numurs.<\/li>\n\n\n\n<li>E-pasta adrese.<\/li>\n\n\n\n<li>Inform\u0101cija par sevi, pieredzi un kvalifik\u0101ciju.<\/li>\n\n\n\n<li>Izgl\u012bt\u012bbas dokumenti.<\/li>\n\n\n\n<li>Inform\u0101cija par pieredzi konsult\u0113\u0161an\u0101, person\u012bgaj\u0101 terapij\u0101 un superv\u012bzij\u0101.<\/li>\n\n\n\n<li>Inform\u0101cija par klientu skaitu.<\/li>\n\n\n\n<li>Reitingi un apbalvojumi.<\/li>\n\n\n\n<li>Atsauksmes.<\/li>\n\n\n\n<li>Speci\u0101lista fotogr\u0101fijas un videoklipi.<\/li>\n\n\n\n<li>Grafiks, darba apraksts.<\/li>\n\n\n\n<li>Aptaujas anketas valid\u0101cijas rezult\u0101ti.<\/li>\n\n\n\n<li>Pakalpojumu izmaksas.<\/li>\n\n\n\n<li>Jomas, kur\u0101s ce\u013co pie klientiem, adrese, kur j\u016bs varat sa\u0146emt pakalpojumus, inform\u0101cija par att\u0101lin\u0101to darbu.<\/li>\n\n\n\n<li>Citi dati, ko personas datu subjekts sniedz, izmantojot Pakalpojumu.<\/li>\n<\/ul>\n\n\n\n<p>3.2. Operators var ar\u012b v\u0101kt un glab\u0101t inform\u0101ciju par personas datu subjektu mijiedarb\u012bbu ar Operatora inform\u0101cijas sist\u0113m\u0101m, Pakalpojuma apmekl\u0113jumu statistikas rezult\u0101tus, \u0123eogr\u0101fisk\u0101s atra\u0161an\u0101s vietas vai IP adreses datus.<\/p>\n\n\n\n<hr class=\"wp-block-separator has-alpha-channel-opacity\"\/>\n\n\n\n<h3 class=\"wp-block-heading\">4. S\u012bkfaili un autom\u0101tisk\u0101 re\u0123istr\u0113\u0161ana<\/h3>\n\n\n\n<p>S\u012bkfails ir neliels teksta fails, kas tiek saglab\u0101ts ier\u012bc\u0113 (dator\u0101, plan\u0161etdator\u0101, viedt\u0101lrun\u012b utt.) un satur inform\u0101ciju par j\u016bsu darb\u012bb\u0101m internet\u0101. Operators var izmantot s\u012bkfailus un t\u012bmek\u013ca b\u0101kas (b\u0101kas), lai analiz\u0113tu datu pl\u016bsmu, personaliz\u0113tu pakalpojumus, saturu un rekl\u0101mu, k\u0101 ar\u012b lai nov\u0113rt\u0113tu t\u012bmek\u013ca viet\u0146u efektivit\u0101ti, nodro\u0161in\u0101tu uzticam\u012bbu un dro\u0161\u012bbu, veiktu tirgus izp\u0113ti, izsekotu ie\u0146\u0113mumus un uzlabotu Pakalpojuma funkcionalit\u0101ti.<\/p>\n\n\n\n<p>T\u0101pat k\u0101 liel\u0101k\u0101 da\u013ca citu inform\u0101cijas resursu, m\u016bsu t\u012bmek\u013ca serveri un dro\u0161\u012bbas sist\u0113mas periodiski saglab\u0101 da\u017eus pagaidu tehniskos datus savos \u017eurn\u0101lu failos.\u0160ie dati var ietvert IP adresi, p\u0101rl\u016bkprogrammas veidu, valodas iestat\u012bjumus, piepras\u012bjuma datumu un laiku, k\u0101 ar\u012b lapas adresi, no kuras lietot\u0101js atn\u0101ca.<\/p>\n\n\n\n<p>Neskatoties uz s\u012bkfailu anonimiz\u0101ciju, lietot\u0101ji vienm\u0113r var atteikties no to saglab\u0101\u0161anas, mainot p\u0101rl\u016bkprogrammas iestat\u012bjumus.<\/p>\n\n\n\n<hr class=\"wp-block-separator has-alpha-channel-opacity\"\/>\n\n\n\n<h3 class=\"wp-block-heading\">5. Personas datu subjektu ties\u012bbas<\/h3>\n\n\n\n<p>5.1 Saska\u0146\u0101 ar Likumu Nr. PD-190 un VDAR par personas datiem datu subjektiem ir \u0161\u0101das ties\u012bbas:<\/p>\n\n\n\n<ul class=\"wp-block-list\">\n<li>Ties\u012bbas piek\u013c\u016bt personas datiem.<\/li>\n\n\n\n<li>Ties\u012bbas preciz\u0113t (labot) personas datus.<\/li>\n\n\n\n<li>Ties\u012bbas blo\u0137\u0113t un dz\u0113st personas datus.<\/li>\n\n\n\n<li>Ties\u012bbas p\u0101rs\u016bdz\u0113t operatora r\u012bc\u012bbu vai bezdarb\u012bbu.<\/li>\n\n\n\n<li>Ties\u012bbas atsaukt piekri\u0161anu personas datu apstr\u0101dei.&nbsp;<\/li>\n<\/ul>\n\n\n\n<p>5.2. \u0414\u043b\u044f \u0440\u0435\u0430\u043b\u0438\u0437\u0430\u0446\u0438\u0438 \u0441\u0432\u043e\u0438\u0445 \u043f\u0440\u0430\u0432 \u0441\u0443\u0431\u044a\u0435\u043a\u0442 \u043f\u0435\u0440\u0441\u043e\u043d\u0430\u043b\u044c\u043d\u044b\u0445 \u0434\u0430\u043d\u043d\u044b\u0445 \u043c\u043e\u0436\u0435\u0442 \u043e\u0431\u0440\u0430\u0442\u0438\u0442\u044c\u0441\u044f \u043a \u041e\u043f\u0435\u0440\u0430\u0442\u043e\u0440\u0443 \u0441 \u0437\u0430\u043f\u0440\u043e\u0441\u043e\u043c \u043d\u0430 \u0430\u0434\u0440\u0435\u0441 \u044d\u043b\u0435\u043a\u0442\u0440\u043e\u043d\u043d\u043e\u0439 \u043f\u043e\u0447\u0442\u044b info@psytalk.eu, \u0443\u043a\u0430\u0437\u0430\u0432 \u0424.\u0418.\u041e., \u0430\u0431\u043e\u043d\u0435\u043d\u0442\u0441\u043a\u0438\u0439 \u043d\u043e\u043c\u0435\u0440, \u0430\u0434\u0440\u0435\u0441 \u044d\u043b\u0435\u043a\u0442\u0440\u043e\u043d\u043d\u043e\u0439 \u043f\u043e\u0447\u0442\u044b \u0438 \u0438\u0441\u043f\u043e\u043b\u044c\u0437\u043e\u0432\u0430\u043d\u043d\u044b\u0435 \u043d\u0430 \u0421\u0435\u0440\u0432\u0438\u0441\u0435 \u0434\u0430\u043d\u043d\u044b\u0435. \u041e\u043f\u0435\u0440\u0430\u0442\u043e\u0440 \u0432\u043f\u0440\u0430\u0432\u0435 \u0437\u0430\u043f\u0440\u043e\u0441\u0438\u0442\u044c \u0434\u043e\u043f\u043e\u043b\u043d\u0438\u0442\u0435\u043b\u044c\u043d\u0443\u044e \u0438\u043d\u0444\u043e\u0440\u043c\u0430\u0446\u0438\u044e \u0434\u043b\u044f \u0432\u044b\u043f\u043e\u043b\u043d\u0435\u043d\u0438\u044f \u0437\u0430\u043f\u0440\u043e\u0441\u0430.<\/p>\n\n\n\n<hr class=\"wp-block-separator has-alpha-channel-opacity\"\/>\n\n\n\n<h3 class=\"wp-block-heading\">6. <strong>Konfidencialit\u0101te un ierobe\u017eojumi<\/strong><\/h3>\n\n\n\n<p>6.1 Lietot\u0101ji ap\u0146emas neizmantot Pakalpojumu noziedz\u012bgu nodar\u012bjumu izdar\u012b\u0161anai, valsts nosl\u0113pumu izpau\u0161anai, t\u0101du materi\u0101lu izplat\u012b\u0161anai, kas satur aicin\u0101jumus uz teroristisk\u0101m darb\u012bb\u0101m, pornogr\u0101fiju, vardarb\u012bbu, ekstr\u0113mismu un diskrimin\u0101ciju, k\u0101 ar\u012b autoru vai ties\u012bbu \u012bpa\u0161nieku ties\u012bbu p\u0101rk\u0101p\u0161anai.<\/p>\n\n\n\n<p>6.2. Lietot\u0101ji ap\u0146emas iev\u0113rot Latvijas Republikas ties\u012bbu aktus un citus piem\u0113rojamos ties\u012bbu aktus, k\u0101 ar\u012b iedz\u012bvot\u0101ju un organiz\u0101ciju ties\u012bbas un likum\u012bg\u0101s intereses.<\/p>\n\n\n\n<hr class=\"wp-block-separator has-alpha-channel-opacity\"\/>\n\n\n\n<h3 class=\"wp-block-heading\">7. <strong>Izmai\u0146as konfidencialit\u0101tes politik\u0101<\/strong><\/h3>\n\n\n\n<p>7.1. Operators past\u0101v\u012bgi uzlabo datu v\u0101k\u0161anas, glab\u0101\u0161anas un apstr\u0101des veidus, k\u0101 ar\u012b \u012bsteno papildu dro\u0161\u012bbas pas\u0101kumus. 7.2. Operators var main\u012bt Priv\u0101tuma politiku (tostarp jebkuru t\u0101s da\u013cu) bez \u012bpa\u0161a br\u012bdin\u0101juma un bez jebk\u0101das ar to saist\u012btas kompens\u0101cijas. Izmai\u0146as st\u0101jas sp\u0113k\u0101 no to public\u0113\u0161anas br\u012b\u017ea Pakalpojum\u0101. Turpm\u0101ka Pakalpojuma izmanto\u0161ana noz\u012bm\u0113, ka j\u016bs piekr\u012btat atjaunin\u0101tajai politikai. Ja Lietot\u0101js nepiekr\u012bt \u0161\u012bs Politikas jaunajai versijai, Lietot\u0101jam j\u0101p\u0101rtrauc izmantot Vietni.<\/p>\n\n\n\n<hr class=\"wp-block-separator has-alpha-channel-opacity\"\/>\n\n\n\n<h3 class=\"wp-block-heading\">8. Kontaktinform\u0101cija<\/h3>\n\n\n\n<p>8.1 Par visiem jaut\u0101jumiem, kas saist\u012bti ar personas datu apstr\u0101di, varat sazin\u0101ties ar Operatoru, rakstot uz \u0161\u0101du e-pasta adresi. <strong><a>info@psytalk.eu<\/a><\/strong>.<\/p>\n\n\n\n<p>8.2 Operatora juridiskie dati:<\/p>\n\n\n\n<p><strong>SIA \"Doca\"<\/strong><br>Vienotais re\u0123istr\u0101cijas numurs: 40203426652<br>Juridisk\u0101 adrese: Saulkalne, Salaspils pag., Salaspils nov., LV-2117<br>E-pasts: <strong><a>info@psytalk.eu<\/a><\/strong><\/p>\n\n\n\n<p><\/p>","protected":false},"excerpt":{"rendered":"<p>\u041f\u043e\u043b\u0438\u0442\u0438\u043a\u0430 \u043a\u043e\u043d\u0444\u0438\u0434\u0435\u043d\u0446\u0438\u0430\u043b\u044c\u043d\u043e\u0441\u0442\u0438 \u041d\u0430\u0441\u0442\u043e\u044f\u0449\u0430\u044f \u043f\u043e\u043b\u0438\u0442\u0438\u043a\u0430 \u043a\u043e\u043d\u0444\u0438\u0434\u0435\u043d\u0446\u0438\u0430\u043b\u044c\u043d\u043e\u0441\u0442\u0438 (\u0434\u0430\u043b\u0435\u0435 \u2014 \u041f\u043e\u043b\u0438\u0442\u0438\u043a\u0430) \u0440\u0430\u0437\u0440\u0430\u0431\u043e\u0442\u0430\u043d\u0430 \u0432 \u0441\u043e\u043e\u0442\u0432\u0435\u0442\u0441\u0442\u0432\u0438\u0438 \u0441 \u0442\u0440\u0435\u0431\u043e\u0432\u0430\u043d\u0438\u044f\u043c\u0438 \u0434\u0435\u0439\u0441\u0442\u0432\u0443\u044e\u0449\u0435\u0433\u043e \u0437\u0430\u043a\u043e\u043d\u043e\u0434\u0430\u0442\u0435\u043b\u044c\u0441\u0442\u0432\u0430, \u0432\u043a\u043b\u044e\u0447\u0430\u044f \u0417\u0430\u043a\u043e\u043d \u0420\u0435\u0441\u043f\u0443\u0431\u043b\u0438\u043a\u0438 \u0410\u0440\u043c\u0435\u043d\u0438\u044f \u043e\u0442 17.12.2008 \u2116 \u0417\u0420-190 \u00ab\u041e \u043f\u0435\u0440\u0441\u043e\u043d\u0430\u043b\u044c\u043d\u044b\u0445 \u0434\u0430\u043d\u043d\u044b\u0445\u00bb (\u0434\u0430\u043b\u0435\u0435 \u2014 \u2116 \u0417\u0420-190), \u0437\u0430\u043a\u043e\u043d\u043e\u0434\u0430\u0442\u0435\u043b\u044c\u0441\u0442\u0432\u043e \u0415\u0432\u0440\u043e\u043f\u0435\u0439\u0441\u043a\u043e\u0433\u043e \u0421\u043e\u044e\u0437\u0430 \u0438 \u0434\u0440\u0443\u0433\u0438\u0435 \u043f\u0440\u0438\u043c\u0435\u043d\u0438\u043c\u044b\u0435 \u043d\u043e\u0440\u043c\u0430\u0442\u0438\u0432\u043d\u044b\u0435 \u0430\u043a\u0442\u044b \u0432 \u043e\u0431\u043b\u0430\u0441\u0442\u0438 \u043a\u043e\u043d\u0444\u0438\u0434\u0435\u043d\u0446\u0438\u0430\u043b\u044c\u043d\u043e\u0441\u0442\u0438 \u0438 \u043e\u0431\u0440\u0430\u0431\u043e\u0442\u043a\u0438 \u0434\u0430\u043d\u043d\u044b\u0445, \u0432 \u0442\u043e\u043c \u0447\u0438\u0441\u043b\u0435 \u0420\u0435\u0433\u043b\u0430\u043c\u0435\u043d\u0442 (EU) 2016\/679 \u0415\u0432\u0440\u043e\u043f\u0435\u0439\u0441\u043a\u043e\u0433\u043e \u043f\u0430\u0440\u043b\u0430\u043c\u0435\u043d\u0442\u0430 \u0438 \u0421\u043e\u0432\u0435\u0442\u0430 \u043e [&hellip;]<\/p>","protected":false},"author":1,"featured_media":0,"parent":0,"menu_order":0,"comment_status":"closed","ping_status":"open","template":"","meta":{"_acf_changed":false,"om_disable_all_campaigns":false,"_uf_show_specific_survey":0,"_uf_disable_surveys":false,"footnotes":""},"class_list":["post-3","page","type-page","status-publish","hentry"],"acf":[],"aioseo_notices":[],"jetpack_sharing_enabled":true,"_links":{"self":[{"href":"https:\/\/zabota.eu\/lv\/wp-json\/wp\/v2\/pages\/3","targetHints":{"allow":["GET"]}}],"collection":[{"href":"https:\/\/zabota.eu\/lv\/wp-json\/wp\/v2\/pages"}],"about":[{"href":"https:\/\/zabota.eu\/lv\/wp-json\/wp\/v2\/types\/page"}],"author":[{"embeddable":true,"href":"https:\/\/zabota.eu\/lv\/wp-json\/wp\/v2\/users\/1"}],"replies":[{"embeddable":true,"href":"https:\/\/zabota.eu\/lv\/wp-json\/wp\/v2\/comments?post=3"}],"version-history":[{"count":6,"href":"https:\/\/zabota.eu\/lv\/wp-json\/wp\/v2\/pages\/3\/revisions"}],"predecessor-version":[{"id":4144,"href":"https:\/\/zabota.eu\/lv\/wp-json\/wp\/v2\/pages\/3\/revisions\/4144"}],"wp:attachment":[{"href":"https:\/\/zabota.eu\/lv\/wp-json\/wp\/v2\/media?parent=3"}],"curies":[{"name":"wp","href":"https:\/\/api.w.org\/{rel}","templated":true}]}}