{"id":1029,"date":"2023-06-19T07:56:58","date_gmt":"2023-06-19T07:56:58","guid":{"rendered":"http:\/\/sc-code.in\/dmip\/meciy?page_id=1029"},"modified":"2025-02-19T16:30:07","modified_gmt":"2025-02-19T13:30:07","slug":"blog-2","status":"publish","type":"page","link":"https:\/\/zabota.eu\/lv\/blog-2\/","title":{"rendered":"Blogs"},"content":{"rendered":"<div data-elementor-type=\"wp-page\" data-elementor-id=\"1029\" class=\"elementor elementor-1029\" data-elementor-settings=\"{&quot;ha_cmc_init_switcher&quot;:&quot;no&quot;}\">\n\t\t\t\t\t\t<section class=\"elementor-section elementor-top-section elementor-element elementor-element-c87137b elementor-section-stretched elementor-section-boxed elementor-section-height-default elementor-section-height-default\" data-id=\"c87137b\" data-element_type=\"section\" data-settings=\"{&quot;stretch_section&quot;:&quot;section-stretched&quot;,&quot;_ha_eqh_enable&quot;:false}\">\n\t\t\t\t\t\t<div class=\"elementor-container elementor-column-gap-default\">\n\t\t\t\t\t<div class=\"elementor-column elementor-col-100 elementor-top-column elementor-element elementor-element-da40e9c\" data-id=\"da40e9c\" data-element_type=\"column\">\n\t\t\t<div class=\"elementor-widget-wrap elementor-element-populated\">\n\t\t\t\t\t\t<div class=\"elementor-element elementor-element-9fdbff1 elementor-widget elementor-widget-heading\" data-id=\"9fdbff1\" data-element_type=\"widget\" data-widget_type=\"heading.default\">\n\t\t\t\t<div class=\"elementor-widget-container\">\n\t\t\t\t\t<p class=\"elementor-heading-title elementor-size-default\">Blogs<\/p>\t\t\t\t<\/div>\n\t\t\t\t<\/div>\n\t\t\t\t<div class=\"elementor-element elementor-element-d53e332 elementor-widget elementor-widget-heading\" data-id=\"d53e332\" data-element_type=\"widget\" data-widget_type=\"heading.default\">\n\t\t\t\t<div class=\"elementor-widget-container\">\n\t\t\t\t\t<h2 class=\"elementor-heading-title elementor-size-default\">M\u016bsu raksti<\/h2>\t\t\t\t<\/div>\n\t\t\t\t<\/div>\n\t\t\t\t<div class=\"elementor-element elementor-element-ccd65f0 elementor-widget elementor-widget-scd-blog-posts\" data-id=\"ccd65f0\" data-element_type=\"widget\" data-settings=\"{&quot;blogs_cards_button_text_color&quot;:&quot;#EFA286&quot;}\" data-widget_type=\"scd-blog-posts.default\">\n\t\t\t\t<div class=\"elementor-widget-container\">\n\t\t\t\t\t            \n            <div class=\"row\">\n                                    <article class=\"col-xl-6 col-md-6 col-lg-6 blog_item\">\n                                                    <div class=\"blog-one__single\">\n                                <div class=\"blog-one__single-img\">\n                                    <div class=\"inner\">\n                                                                            <\/div>                                <\/div>\n\n                                <div class=\"blog-one__single__content\">\n                                            \n                                                                                                                                                \n\n                                    \n                                        <h2>\n                                            <a href=\"https:\/\/zabota.eu\/lv\/kak-ugovorit-trudogolizm-otpustit-tebya-na-otdyh-boyus-chto-bez-menya-vsyo-razvalitsya\/\">K\u0101 pierun\u0101t darbaholi\u0137i, lai vi\u0146\u0161 \u013cauj jums doties atva\u013cin\u0101jum\u0101.<\/a>\n                                        <\/h2>\n                                                                                                                <p class=\"desc\">Saturs: Dom\u0101jat, ka atva\u013cin\u0101juma laik\u0101 notiks kaut kas briesm\u012bgs? Kol\u0113\u0123i to nedara<\/p>\n                                    \n                                    \n                                                                            <div class=\"bottom-box\">\n                                            <div class=\"read-more-btn\">\n                                                <a href=\"https:\/\/zabota.eu\/lv\/kak-ugovorit-trudogolizm-otpustit-tebya-na-otdyh-boyus-chto-bez-menya-vsyo-razvalitsya\/\">T\u0101l\u0101k<\/a>\n                                            <\/div>\n                                            <div class=\"icon-box\">\n                                                <a href=\"https:\/\/zabota.eu\/lv\/kak-ugovorit-trudogolizm-otpustit-tebya-na-otdyh-boyus-chto-bez-menya-vsyo-razvalitsya\/\"><span class=\"icon-right1\"><\/span><\/a>\n                                            <\/div>\n                                        <\/div>\n                                                                    <\/div>\n                            <\/div>\n                                            <\/article>\n                                         <article class=\"col-xl-6 col-md-6 col-lg-6 blog_item\">\n                                                    <div class=\"blog-one__single\">\n                                <div class=\"blog-one__single-img\">\n                                    <div class=\"inner\">\n                                                                            <\/div>                                <\/div>\n\n                                <div class=\"blog-one__single__content\">\n                                            \n                                                                                                                                                \n\n                                    \n                                        <h2>\n                                            <a href=\"https:\/\/zabota.eu\/lv\/kak-strah-pered-osuzhdeniem-razrushaet-zhizn\/\">K\u0101 bailes no sprieduma sagrauj dz\u012bvi?<\/a>\n                                        <\/h2>\n                                                                                                                <p class=\"desc\">M\u0113r\u0137is: M\u016bsdien\u0101s un m\u016bsdien\u0101s daudzi cilv\u0113ki savu dz\u012bvi izliek sabiedr\u012bbai.<\/p>\n                                    \n                                    \n                                                                            <div class=\"bottom-box\">\n                                            <div class=\"read-more-btn\">\n                                                <a href=\"https:\/\/zabota.eu\/lv\/kak-strah-pered-osuzhdeniem-razrushaet-zhizn\/\">T\u0101l\u0101k<\/a>\n                                            <\/div>\n                                            <div class=\"icon-box\">\n                                                <a href=\"https:\/\/zabota.eu\/lv\/kak-strah-pered-osuzhdeniem-razrushaet-zhizn\/\"><span class=\"icon-right1\"><\/span><\/a>\n                                            <\/div>\n                                        <\/div>\n                                                                    <\/div>\n                            <\/div>\n                                            <\/article>\n                                         <article class=\"col-xl-6 col-md-6 col-lg-6 blog_item\">\n                                                    <div class=\"blog-one__single\">\n                                <div class=\"blog-one__single-img\">\n                                    <div class=\"inner\">\n                                                                            <\/div>                                <\/div>\n\n                                <div class=\"blog-one__single__content\">\n                                            \n                                                                                                                                                \n\n                                    \n                                        <h2>\n                                            <a href=\"https:\/\/zabota.eu\/lv\/panicheskaya-ataka-kak-ona-zarozhdaetsya-i-chto-s-etim-delat\/\">Panikas l\u0113kme: k\u0101 t\u0101 rodas un ko ar to dar\u012bt?<\/a>\n                                        <\/h2>\n                                                                                                                <p class=\"desc\">Kas ir panikas l\u0113kme? Panikas l\u0113kme ir p\u0113k\u0161\u0146a l\u0113kme<\/p>\n                                    \n                                    \n                                                                            <div class=\"bottom-box\">\n                                            <div class=\"read-more-btn\">\n                                                <a href=\"https:\/\/zabota.eu\/lv\/panicheskaya-ataka-kak-ona-zarozhdaetsya-i-chto-s-etim-delat\/\">T\u0101l\u0101k<\/a>\n                                            <\/div>\n                                            <div class=\"icon-box\">\n                                                <a href=\"https:\/\/zabota.eu\/lv\/panicheskaya-ataka-kak-ona-zarozhdaetsya-i-chto-s-etim-delat\/\"><span class=\"icon-right1\"><\/span><\/a>\n                                            <\/div>\n                                        <\/div>\n                                                                    <\/div>\n                            <\/div>\n                                            <\/article>\n                                         <article class=\"col-xl-6 col-md-6 col-lg-6 blog_item\">\n                                                    <div class=\"blog-one__single\">\n                                <div class=\"blog-one__single-img\">\n                                    <div class=\"inner\">\n                                                                            <\/div>                                <\/div>\n\n                                <div class=\"blog-one__single__content\">\n                                            \n                                                                                                                                                \n\n                                    \n                                        <h2>\n                                            <a href=\"https:\/\/zabota.eu\/lv\/boyus-zvonit-i-prinimat-zvonki-pochemu-eto-proishodit-i-chto-mozhno-sdelat-eto-vibracziya-telefona-ili-ya-nervnichayu\/\">Man ir bail veikt un sa\u0146emt zvanus\": k\u0101p\u0113c t\u0101 notiek un ko es varu dar\u012bt? Vai t\u0101 ir telefona vibr\u0101cija, vai ar\u012b es esmu nervozs?<\/a>\n                                        <\/h2>\n                                                                                                                <p class=\"desc\">Telefona zvans... Daudziem cilv\u0113kiem tas ir \u012bsts p\u0101rbaud\u012bjums. Uzzin\u0101sim, k\u0101p\u0113c<\/p>\n                                    \n                                    \n                                                                            <div class=\"bottom-box\">\n                                            <div class=\"read-more-btn\">\n                                                <a href=\"https:\/\/zabota.eu\/lv\/boyus-zvonit-i-prinimat-zvonki-pochemu-eto-proishodit-i-chto-mozhno-sdelat-eto-vibracziya-telefona-ili-ya-nervnichayu\/\">T\u0101l\u0101k<\/a>\n                                            <\/div>\n                                            <div class=\"icon-box\">\n                                                <a href=\"https:\/\/zabota.eu\/lv\/boyus-zvonit-i-prinimat-zvonki-pochemu-eto-proishodit-i-chto-mozhno-sdelat-eto-vibracziya-telefona-ili-ya-nervnichayu\/\"><span class=\"icon-right1\"><\/span><\/a>\n                                            <\/div>\n                                        <\/div>\n                                                                    <\/div>\n                            <\/div>\n                                            <\/article>\n                                         <article class=\"col-xl-6 col-md-6 col-lg-6 blog_item\">\n                                                    <div class=\"blog-one__single\">\n                                <div class=\"blog-one__single-img\">\n                                    <div class=\"inner\">\n                                                                            <\/div>                                <\/div>\n\n                                <div class=\"blog-one__single__content\">\n                                            \n                                                                                                                                                \n\n                                    \n                                        <h2>\n                                            <a href=\"https:\/\/zabota.eu\/lv\/kak-spravitsya-s-obidoj-na-roditelej-i-pochuvstvovat-sebya-luchshe\/\">K\u0101 tikt gal\u0101 ar aizvainojumu pret vec\u0101kiem un justies lab\u0101k?<\/a>\n                                        <\/h2>\n                                                                                                                <p class=\"desc\">Da\u017ereiz aizvainojums pret vec\u0101kiem var vaj\u0101t cilv\u0113ku visu m\u016b\u017eu. Kop\u0101<\/p>\n                                    \n                                    \n                                                                            <div class=\"bottom-box\">\n                                            <div class=\"read-more-btn\">\n                                                <a href=\"https:\/\/zabota.eu\/lv\/kak-spravitsya-s-obidoj-na-roditelej-i-pochuvstvovat-sebya-luchshe\/\">T\u0101l\u0101k<\/a>\n                                            <\/div>\n                                            <div class=\"icon-box\">\n                                                <a href=\"https:\/\/zabota.eu\/lv\/kak-spravitsya-s-obidoj-na-roditelej-i-pochuvstvovat-sebya-luchshe\/\"><span class=\"icon-right1\"><\/span><\/a>\n                                            <\/div>\n                                        <\/div>\n                                                                    <\/div>\n                            <\/div>\n                                            <\/article>\n                                         <article class=\"col-xl-6 col-md-6 col-lg-6 blog_item\">\n                                                    <div class=\"blog-one__single\">\n                                <div class=\"blog-one__single-img\">\n                                    <div class=\"inner\">\n                                                                            <\/div>                                <\/div>\n\n                                <div class=\"blog-one__single__content\">\n                                            \n                                                                                                                                                \n\n                                    \n                                        <h2>\n                                            <a href=\"https:\/\/zabota.eu\/lv\/kak-vernut-chuvstva-esli-vy-s-partnyorom-kak-budto-razlyubili-drug-druga-2\/\">K\u0101 atgriezt j\u016btas, ja \u0161\u0137iet, ka j\u016bs un j\u016bsu partneris esat viens otru iem\u012bl\u0113ju\u0161i?<\/a>\n                                        <\/h2>\n                                                                                                                <p class=\"desc\">Attiec\u012bbas iet cauri da\u017e\u0101diem posmiem, un da\u017ereiz var \u0161\u0137ist, ka,<\/p>\n                                    \n                                    \n                                                                            <div class=\"bottom-box\">\n                                            <div class=\"read-more-btn\">\n                                                <a href=\"https:\/\/zabota.eu\/lv\/kak-vernut-chuvstva-esli-vy-s-partnyorom-kak-budto-razlyubili-drug-druga-2\/\">T\u0101l\u0101k<\/a>\n                                            <\/div>\n                                            <div class=\"icon-box\">\n                                                <a href=\"https:\/\/zabota.eu\/lv\/kak-vernut-chuvstva-esli-vy-s-partnyorom-kak-budto-razlyubili-drug-druga-2\/\"><span class=\"icon-right1\"><\/span><\/a>\n                                            <\/div>\n                                        <\/div>\n                                                                    <\/div>\n                            <\/div>\n                                            <\/article>\n                                 <\/div>\n\n            \t\t\t\t<\/div>\n\t\t\t\t<\/div>\n\t\t\t\t\t<\/div>\n\t\t<\/div>\n\t\t\t\t\t<\/div>\n\t\t<\/section>\n\t\t\t\t<\/div>","protected":false},"excerpt":{"rendered":"<p>\u0411\u043b\u043e\u0433 \u041d\u0430\u0448\u0438 \u0441\u0442\u0430\u0442\u044c\u0438 \u041a\u0430\u043a \u0443\u0433\u043e\u0432\u043e\u0440\u0438\u0442\u044c \u0442\u0440\u0443\u0434\u043e\u0433\u043e\u043b\u0438\u0437\u043c \u043e\u0442\u043f\u0443\u0441\u0442\u0438\u0442\u044c \u0442\u0435\u0431\u044f \u043d\u0430 \u043e\u0442\u0434\u044b\u0445: \u00ab\u0411\u043e\u044e\u0441\u044c, \u0447\u0442\u043e \u0431\u0435\u0437 \u043c\u0435\u043d\u044f \u0432\u0441\u0451 \u0440\u0430\u0437\u0432\u0430\u043b\u0438\u0442\u0441\u044f\u00bb \u0421\u043e\u0434\u0435\u0440\u0436\u0430\u043d\u0438\u0435: \u0414\u0443\u043c\u0430\u0435\u0442\u0435, \u043f\u0440\u043e\u0438\u0437\u043e\u0439\u0434\u0435\u0442 \u0447\u0442\u043e-\u0442\u043e \u0443\u0436\u0430\u0441\u043d\u043e\u0435, \u043f\u043e\u043a\u0430 \u0432\u044b \u043e\u0442\u0434\u044b\u0445\u0430\u0435\u0442\u0435? \u041a\u043e\u043b\u043b\u0435\u0433\u0438 \u043d\u0435 \u0414\u0430\u043b\u0435\u0435 \u041a\u0430\u043a \u0441\u0442\u0440\u0430\u0445 \u043f\u0435\u0440\u0435\u0434 \u043e\u0441\u0443\u0436\u0434\u0435\u043d\u0438\u0435\u043c \u0440\u0430\u0437\u0440\u0443\u0448\u0430\u0435\u0442 \u0436\u0438\u0437\u043d\u044c? \u0421\u043e\u0434\u0435\u0440\u0436\u0430\u043d\u0438\u0435: \u0412 \u043d\u0430\u0448\u0435 \u0432\u0440\u0435\u043c\u044f \u043c\u043d\u043e\u0433\u0438\u0435 \u0432\u044b\u0441\u0442\u0430\u0432\u043b\u044f\u044e\u0442 \u0441\u0432\u043e\u044e \u0436\u0438\u0437\u043d\u044c \u043d\u0430 \u0432\u0441\u0435\u043e\u0431\u0449\u0435\u0435 \u0414\u0430\u043b\u0435\u0435 \u041f\u0430\u043d\u0438\u0447\u0435\u0441\u043a\u0430\u044f \u0430\u0442\u0430\u043a\u0430: \u043a\u0430\u043a \u043e\u043d\u0430 \u0437\u0430\u0440\u043e\u0436\u0434\u0430\u0435\u0442\u0441\u044f \u0438 \u0447\u0442\u043e \u0441 \u044d\u0442\u0438\u043c \u0434\u0435\u043b\u0430\u0442\u044c? \u041f\u0430\u043d\u0438\u0447\u0435\u0441\u043a\u0430\u044f [&hellip;]<\/p>","protected":false},"author":1,"featured_media":0,"parent":0,"menu_order":0,"comment_status":"closed","ping_status":"closed","template":"","meta":{"_acf_changed":false,"om_disable_all_campaigns":false,"_uf_show_specific_survey":0,"_uf_disable_surveys":false,"footnotes":""},"class_list":["post-1029","page","type-page","status-publish","hentry"],"acf":[],"aioseo_notices":[],"jetpack_sharing_enabled":true,"_links":{"self":[{"href":"https:\/\/zabota.eu\/lv\/wp-json\/wp\/v2\/pages\/1029","targetHints":{"allow":["GET"]}}],"collection":[{"href":"https:\/\/zabota.eu\/lv\/wp-json\/wp\/v2\/pages"}],"about":[{"href":"https:\/\/zabota.eu\/lv\/wp-json\/wp\/v2\/types\/page"}],"author":[{"embeddable":true,"href":"https:\/\/zabota.eu\/lv\/wp-json\/wp\/v2\/users\/1"}],"replies":[{"embeddable":true,"href":"https:\/\/zabota.eu\/lv\/wp-json\/wp\/v2\/comments?post=1029"}],"version-history":[{"count":9,"href":"https:\/\/zabota.eu\/lv\/wp-json\/wp\/v2\/pages\/1029\/revisions"}],"predecessor-version":[{"id":6305,"href":"https:\/\/zabota.eu\/lv\/wp-json\/wp\/v2\/pages\/1029\/revisions\/6305"}],"wp:attachment":[{"href":"https:\/\/zabota.eu\/lv\/wp-json\/wp\/v2\/media?parent=1029"}],"curies":[{"name":"wp","href":"https:\/\/api.w.org\/{rel}","templated":true}]}}